{"id":6649,"date":"2025-09-18T12:55:56","date_gmt":"2025-09-18T12:55:56","guid":{"rendered":"https:\/\/www.unca.edu.py\/?page_id=6649"},"modified":"2026-02-25T13:11:09","modified_gmt":"2026-02-25T13:11:09","slug":"declaracion-jurada-de-intereses","status":"publish","type":"page","link":"https:\/\/www.unca.edu.py\/?page_id=6649","title":{"rendered":"Declaraci\u00f3n Jurada de Intereses"},"content":{"rendered":"\t\t<div data-elementor-type=\"wp-page\" data-elementor-id=\"6649\" class=\"elementor elementor-6649\" data-elementor-post-type=\"page\">\n\t\t\t\t\t\t<section class=\"elementor-section elementor-top-section elementor-element elementor-element-ec44ba1 elementor-section-boxed elementor-section-height-default elementor-section-height-default\" data-id=\"ec44ba1\" data-element_type=\"section\">\n\t\t\t\t\t\t<div class=\"elementor-container elementor-column-gap-default\">\n\t\t\t\t\t<div class=\"elementor-column elementor-col-100 elementor-top-column elementor-element elementor-element-c51760e\" data-id=\"c51760e\" data-element_type=\"column\">\n\t\t\t<div class=\"elementor-widget-wrap elementor-element-populated\">\n\t\t\t\t\t\t<div class=\"elementor-element elementor-element-df0ed37 elementor-view-default elementor-widget elementor-widget-icon\" data-id=\"df0ed37\" data-element_type=\"widget\" data-widget_type=\"icon.default\">\n\t\t\t\t<div class=\"elementor-widget-container\">\n\t\t\t\t\t<div class=\"elementor-icon-wrapper\">\n\t\t\t<div class=\"elementor-icon\">\n\t\t\t<i aria-hidden=\"true\" class=\"fas fa-book-reader\"><\/i>\t\t\t<\/div>\n\t\t<\/div>\n\t\t\t\t<\/div>\n\t\t\t\t<\/div>\n\t\t\t\t<div class=\"elementor-element elementor-element-4a4654d elementor-widget elementor-widget-heading\" data-id=\"4a4654d\" data-element_type=\"widget\" data-widget_type=\"heading.default\">\n\t\t\t\t<div class=\"elementor-widget-container\">\n\t\t\t<h1 class=\"elementor-heading-title elementor-size-default\">Declaraci\u00f3n Jurada de Intereses<\/h1>\t\t<\/div>\n\t\t\t\t<\/div>\n\t\t\t\t<div class=\"elementor-element elementor-element-6aa465b elementor-widget elementor-widget-heading\" data-id=\"6aa465b\" data-element_type=\"widget\" data-widget_type=\"heading.default\">\n\t\t\t\t<div class=\"elementor-widget-container\">\n\t\t\t<h4 class=\"elementor-heading-title elementor-size-default\">Leyes N\u00b0 7089\/2023 y 7236\/2024 \"Para la prevenci\u00f3n de conflicto de intereses\"<span style=\"letter-spacing: -0.05em\"><\/span><\/h4>\t\t<\/div>\n\t\t\t\t<\/div>\n\t\t\t\t\t<\/div>\n\t\t<\/div>\n\t\t\t\t\t<\/div>\n\t\t<\/section>\n\t\t<div class=\"elementor-element elementor-element-83238b7 e-flex e-con-boxed e-con e-parent\" data-id=\"83238b7\" data-element_type=\"container\">\n\t\t\t\t\t<div class=\"e-con-inner\">\n\t\t\t\t<div class=\"elementor-element elementor-element-9eec593 elementor-widget elementor-widget-accordion\" data-id=\"9eec593\" data-element_type=\"widget\" data-widget_type=\"accordion.default\">\n\t\t\t\t<div class=\"elementor-widget-container\">\n\t\t\t\t\t<div class=\"elementor-accordion\">\n\t\t\t\t\t\t\t<div class=\"elementor-accordion-item\">\n\t\t\t\t\t<div id=\"elementor-tab-title-1661\" class=\"elementor-tab-title\" data-tab=\"1\" role=\"button\" aria-controls=\"elementor-tab-content-1661\" aria-expanded=\"false\">\n\t\t\t\t\t\t\t\t\t\t\t\t\t<span class=\"elementor-accordion-icon elementor-accordion-icon-left\" aria-hidden=\"true\">\n\t\t\t\t\t\t\t\t\t\t\t\t\t\t\t<span class=\"elementor-accordion-icon-closed\"><i class=\"fas fa-angle-down\"><\/i><\/span>\n\t\t\t\t\t\t\t\t<span class=\"elementor-accordion-icon-opened\"><i class=\"fas fa-angle-right\"><\/i><\/span>\n\t\t\t\t\t\t\t\t\t\t\t\t\t\t<\/span>\n\t\t\t\t\t\t\t\t\t\t\t\t<a class=\"elementor-accordion-title\" tabindex=\"0\">Declaraci\u00f3n Jurada de Intereses 2026<\/a>\n\t\t\t\t\t<\/div>\n\t\t\t\t\t<div id=\"elementor-tab-content-1661\" class=\"elementor-tab-content elementor-clearfix\" data-tab=\"1\" role=\"region\" aria-labelledby=\"elementor-tab-title-1661\"><ul><li><a href=\"https:\/\/www.unca.edu.py\/wp-content\/uploads\/2026\/02\/01.-Declaracion-Jurada-de-Intereses-Enero-2026.pdf\" target=\"_blank\" rel=\"noopener\">Declaraci\u00f3n Jurada de Intereses &#8211; Enero<\/a><\/li><\/ul><\/div>\n\t\t\t\t<\/div>\n\t\t\t\t\t\t\t<div class=\"elementor-accordion-item\">\n\t\t\t\t\t<div id=\"elementor-tab-title-1662\" class=\"elementor-tab-title\" data-tab=\"2\" role=\"button\" aria-controls=\"elementor-tab-content-1662\" aria-expanded=\"false\">\n\t\t\t\t\t\t\t\t\t\t\t\t\t<span class=\"elementor-accordion-icon elementor-accordion-icon-left\" aria-hidden=\"true\">\n\t\t\t\t\t\t\t\t\t\t\t\t\t\t\t<span class=\"elementor-accordion-icon-closed\"><i class=\"fas fa-angle-down\"><\/i><\/span>\n\t\t\t\t\t\t\t\t<span class=\"elementor-accordion-icon-opened\"><i class=\"fas fa-angle-right\"><\/i><\/span>\n\t\t\t\t\t\t\t\t\t\t\t\t\t\t<\/span>\n\t\t\t\t\t\t\t\t\t\t\t\t<a class=\"elementor-accordion-title\" tabindex=\"0\">Declaraci\u00f3n Jurada de Intereses 2025<\/a>\n\t\t\t\t\t<\/div>\n\t\t\t\t\t<div id=\"elementor-tab-content-1662\" class=\"elementor-tab-content elementor-clearfix\" data-tab=\"2\" role=\"region\" aria-labelledby=\"elementor-tab-title-1662\"><ul><li><a href=\"https:\/\/www.unca.edu.py\/wp-content\/uploads\/2025\/09\/02.-Declaracion-Jurada-Agosto-2025-Direccion-General-de-Talento-Humano.pdf\" target=\"_blank\" rel=\"noopener\">Declaraci\u00f3n Jurada de Intereses &#8211; Agosto (Altas)<\/a><\/li><li><a href=\"https:\/\/www.unca.edu.py\/wp-content\/uploads\/2025\/09\/01.-Declaracion-Jurada-Enero-a-Diciembre-de-2024-Direccion-General-de-Talento-Humano.pdf\" target=\"_blank\" rel=\"noopener\">Declaraci\u00f3n Jurada de Intereses &#8211; Agosto (Bajas)<\/a><\/li><li><a href=\"https:\/\/www.unca.edu.py\/wp-content\/uploads\/2025\/11\/04.-Declaracion-Jurada-Septiembre-Direccion-General-de-Talento-Humano.pdf\" target=\"_blank\" rel=\"noopener\">Declaraci\u00f3n Jurada de Intereses &#8211; Septiembre<\/a><\/li><li><a href=\"https:\/\/www.unca.edu.py\/wp-content\/uploads\/2025\/11\/05.-Declaracion-Jurada-Octubre-Direccion-General-de-Talento-Humano.pdf\" target=\"_blank\" rel=\"noopener\">Declaraci\u00f3n Jurada de Intereses &#8211; Octubre<\/a><\/li><li><a href=\"https:\/\/www.unca.edu.py\/wp-content\/uploads\/2025\/12\/06.-Declaracion-Jurada-Noviembre-Direccion-General-de-Talento-Humano.pdf\" target=\"_blank\" rel=\"noopener\">Declaraci\u00f3n Jurada de Intereses &#8211; Noviembre<\/a><\/li><li><a href=\"https:\/\/www.unca.edu.py\/wp-content\/uploads\/2026\/02\/07.-Declaracion-Jurada-Diciembre-2025.pdf\" target=\"_blank\" rel=\"noopener\">Declaraci\u00f3n Jurada de Intereses &#8211; Diciembre\u00a0<\/a><\/li><\/ul><\/div>\n\t\t\t\t<\/div>\n\t\t\t\t\t\t\t<div class=\"elementor-accordion-item\">\n\t\t\t\t\t<div id=\"elementor-tab-title-1663\" class=\"elementor-tab-title\" data-tab=\"3\" role=\"button\" aria-controls=\"elementor-tab-content-1663\" aria-expanded=\"false\">\n\t\t\t\t\t\t\t\t\t\t\t\t\t<span class=\"elementor-accordion-icon elementor-accordion-icon-left\" aria-hidden=\"true\">\n\t\t\t\t\t\t\t\t\t\t\t\t\t\t\t<span class=\"elementor-accordion-icon-closed\"><i class=\"fas fa-angle-down\"><\/i><\/span>\n\t\t\t\t\t\t\t\t<span class=\"elementor-accordion-icon-opened\"><i class=\"fas fa-angle-right\"><\/i><\/span>\n\t\t\t\t\t\t\t\t\t\t\t\t\t\t<\/span>\n\t\t\t\t\t\t\t\t\t\t\t\t<a class=\"elementor-accordion-title\" tabindex=\"0\">Declaraci\u00f3n Jurada de Intereses 2024<\/a>\n\t\t\t\t\t<\/div>\n\t\t\t\t\t<div id=\"elementor-tab-content-1663\" class=\"elementor-tab-content elementor-clearfix\" data-tab=\"3\" role=\"region\" aria-labelledby=\"elementor-tab-title-1663\"><ul><li><a href=\"https:\/\/www.unca.edu.py\/wp-content\/uploads\/2025\/09\/01.-Declaracion-Jurada-Enero-a-Diciembre-de-2024-Direccion-General-de-Talento-Humano.pdf\" target=\"_blank\" rel=\"noopener\">Declaraci\u00f3n Jurada de Intereses &#8211; Enero a Diciembre<\/a><\/li><\/ul><\/div>\n\t\t\t\t<\/div>\n\t\t\t\t\t\t\t\t<\/div>\n\t\t\t\t<\/div>\n\t\t\t\t<\/div>\n\t\t\t\t\t<\/div>\n\t\t\t\t<\/div>\n\t\t\t\t<\/div>\n\t\t","protected":false},"excerpt":{"rendered":"<p>Declaraci\u00f3n Jurada de Intereses Leyes N\u00b0 7089\/2023 y 7236\/2024 \u00abPara la prevenci\u00f3n de conflicto de intereses\u00bb Declaraci\u00f3n Jurada de Intereses 2026 Declaraci\u00f3n Jurada de Intereses &#8211; Enero Declaraci\u00f3n Jurada de Intereses 2025 Declaraci\u00f3n Jurada de Intereses &#8211; Agosto (Altas) Declaraci\u00f3n Jurada de Intereses &#8211; Agosto (Bajas) Declaraci\u00f3n Jurada de Intereses &#8211; Septiembre Declaraci\u00f3n Jurada de [&hellip;]<\/p>\n","protected":false},"author":7,"featured_media":0,"parent":0,"menu_order":0,"comment_status":"closed","ping_status":"closed","template":"template\/fullwidth.php","meta":{"footnotes":""},"class_list":["post-6649","page","type-page","status-publish","hentry"],"_links":{"self":[{"href":"https:\/\/www.unca.edu.py\/index.php?rest_route=\/wp\/v2\/pages\/6649","targetHints":{"allow":["GET"]}}],"collection":[{"href":"https:\/\/www.unca.edu.py\/index.php?rest_route=\/wp\/v2\/pages"}],"about":[{"href":"https:\/\/www.unca.edu.py\/index.php?rest_route=\/wp\/v2\/types\/page"}],"author":[{"embeddable":true,"href":"https:\/\/www.unca.edu.py\/index.php?rest_route=\/wp\/v2\/users\/7"}],"replies":[{"embeddable":true,"href":"https:\/\/www.unca.edu.py\/index.php?rest_route=%2Fwp%2Fv2%2Fcomments&post=6649"}],"version-history":[{"count":56,"href":"https:\/\/www.unca.edu.py\/index.php?rest_route=\/wp\/v2\/pages\/6649\/revisions"}],"predecessor-version":[{"id":8320,"href":"https:\/\/www.unca.edu.py\/index.php?rest_route=\/wp\/v2\/pages\/6649\/revisions\/8320"}],"wp:attachment":[{"href":"https:\/\/www.unca.edu.py\/index.php?rest_route=%2Fwp%2Fv2%2Fmedia&parent=6649"}],"curies":[{"name":"wp","href":"https:\/\/api.w.org\/{rel}","templated":true}]}}