{"id":6288,"date":"2025-05-26T11:48:30","date_gmt":"2025-05-26T11:48:30","guid":{"rendered":"https:\/\/www.unca.edu.py\/?page_id=6288"},"modified":"2026-02-23T13:26:02","modified_gmt":"2026-02-23T13:26:02","slug":"lineas-de-accion-copy","status":"publish","type":"page","link":"https:\/\/www.unca.edu.py\/?page_id=6288","title":{"rendered":"Proyectos"},"content":{"rendered":"\t\t<div data-elementor-type=\"wp-page\" data-elementor-id=\"6288\" class=\"elementor elementor-6288\" data-elementor-post-type=\"page\">\n\t\t\t\t<div class=\"elementor-element elementor-element-3c066bd e-flex e-con-boxed e-con e-parent\" data-id=\"3c066bd\" data-element_type=\"container\">\n\t\t\t\t\t<div class=\"e-con-inner\">\n\t\t<div class=\"elementor-element elementor-element-0b6f335 e-con-full e-flex e-con e-child\" data-id=\"0b6f335\" data-element_type=\"container\">\n\t\t\t\t<div class=\"elementor-element elementor-element-c1fe906 elementor-view-default elementor-position-top elementor-mobile-position-top elementor-widget elementor-widget-icon-box\" data-id=\"c1fe906\" data-element_type=\"widget\" data-widget_type=\"icon-box.default\">\n\t\t\t\t<div class=\"elementor-widget-container\">\n\t\t\t\t\t<div class=\"elementor-icon-box-wrapper\">\n\n\t\t\t\t\t\t<div class=\"elementor-icon-box-icon\">\n\t\t\t\t<span  class=\"elementor-icon elementor-animation-\">\n\t\t\t\t<i aria-hidden=\"true\" class=\"fas fa-project-diagram\"><\/i>\t\t\t\t<\/span>\n\t\t\t<\/div>\n\t\t\t\n\t\t\t\t\t\t<div class=\"elementor-icon-box-content\">\n\n\t\t\t\t\t\t\t\t\t<h3 class=\"elementor-icon-box-title\">\n\t\t\t\t\t\t<span  >\n\t\t\t\t\t\t\tProyectos \t\t\t\t\t\t<\/span>\n\t\t\t\t\t<\/h3>\n\t\t\t\t\n\t\t\t\t\n\t\t\t<\/div>\n\t\t\t\n\t\t<\/div>\n\t\t\t\t<\/div>\n\t\t\t\t<\/div>\n\t\t\t\t<\/div>\n\t\t\t\t\t<\/div>\n\t\t\t\t<\/div>\n\t\t<div class=\"elementor-element elementor-element-9695b85 e-con-full e-flex e-con e-parent\" data-id=\"9695b85\" data-element_type=\"container\">\n\t\t\t\t<div class=\"elementor-element elementor-element-36a8ff4 elementor-widget elementor-widget-eael-advanced-data-table\" data-id=\"36a8ff4\" data-element_type=\"widget\" data-widget_type=\"eael-advanced-data-table.default\">\n\t\t\t\t<div class=\"elementor-widget-container\">\n\t\t\t<div class=\"ea-advanced-data-table-wrap\" data-id=\"36a8ff4\"><div class=\"ea-advanced-data-table-search-wrap ea-advanced-data-table-search-right\"><input type=\"search\" placeholder=\"Buscar\" class=\"ea-advanced-data-table-search\"><\/div><div class=\"ea-advanced-data-table-wrap-inner\">\n                <table class=\"ea-advanced-data-table ea-advanced-data-table-static ea-advanced-data-table-36a8ff4 ea-advanced-data-table-sortable ea-advanced-data-table-paginated ea-advanced-data-table-searchable\" data-id=\"36a8ff4\" data-items-per-page=\"10\"><thead><tr><th><p>N\u00b0<\/p><\/th><th style=\"width: 151px\"><p>Nombre del Proyecto<\/p><\/th><th><p>Objetivo General<\/p><\/th><th><p>Organismo<\/p><\/th><th><p>Monto Global<\/p><\/th><th><p>Contrapartida<\/p><\/th><th><p>Ejecuci\u00f3n<\/p><\/th><th style=\"width: 34px\"><p>Responsable del Proyecto<\/p><\/th><th><p>Duraci\u00f3n<\/p><\/th><\/tr><\/thead><tbody><tr><td><p><a href=\"https:\/\/www.unca.edu.py\/wp-content\/uploads\/2025\/05\/COFA03-138.pdf\" target=\"_blank\">COFA03-138<\/a><\/p><\/td><td><p>Desaf\u00edo Cient\u00edfico UNCA<\/p><\/td><td><p>Fomentar la investigaci\u00f3n y el desarrollo<\/p><p>acad\u00e9mico entre los estudiantes de grado,<\/p><p>promoviendo la apropiaci\u00f3n del<\/p><p>conocimiento cient\u00edfico<\/p><\/td><td><p><br><\/p><p>CONACYT<\/p><\/td><td><p>38.400.000<\/p><\/td><td><p>0<\/p><\/td><td><p>Finalizado<\/p><\/td><td><p><strong>Nombre:<\/strong> <\/p><p>Ing. Juan<\/p><p>Vicente Bogado Machuca<\/p><p><strong>Cargo:<\/strong> Director del Proyecto<\/p><\/td><td><p><strong>Fecha de inicio:<\/strong><\/p><p>21\/10\/2024<\/p><p><strong>Fecha de finalizaci\u00f3n:<\/strong><\/p><p>15\/11\/2024<\/p><p><strong>Duraci\u00f3n total<\/strong>:<\/p><p>2 meses<\/p><p><br><\/p><\/td><\/tr><tr><td><p><a href=\"https:\/\/www.unca.edu.py\/wp-content\/uploads\/2025\/05\/INIC01-292.pdf\" target=\"_blank\">INIC01-292<\/a><\/p><\/td><td><p>Aplicaci\u00f3n de t\u00e9cnicas de Inteligencia<\/p><p>Artificial para predicci\u00f3n del<\/p><p>rendimiento acad\u00e9mico<\/p><\/td><td><p>Predecir el rendimiento acad\u00e9mico de<\/p><p>estudiantes que ingresan a una<\/p><p>instituci\u00f3n de Educaci\u00f3n Superior<\/p><p>utilizando t\u00e9cnicas de Inteligencia Artificial para generar estrategias de mejora continua a nivel institucional<\/p><\/td><td><p>CONACYT.<\/p><\/td><td><p>90.000.000<\/p><\/td><td><p>0<\/p><\/td><td><p>En ejecuci\u00f3n<\/p><\/td><td><p><strong>Nombre: <\/strong><\/p><p>Ing. M\u00f3nica Mar\u00eda R\u00edos Franco<\/p><p><strong>Cargo:<\/strong><\/p><p>Director del Proyecto<\/p><\/td><td><p><strong>Fecha de inicio:<\/strong><\/p><p>04\/03\/2024.<\/p><p><strong>Fecha de finalizaci\u00f3n:<\/strong><\/p><p>04\/09\/2025.<\/p><p><strong>Duraci\u00f3n total:<\/strong><\/p><p>18 meses<\/p><\/td><\/tr><tr><td><\/td><td><\/td><td><\/td><td><\/td><td><\/td><td><\/td><td><\/td><td><\/td><td><\/td><\/tr><tr><td><p><a href=\"https:\/\/www.unca.edu.py\/wp-content\/uploads\/2025\/05\/INIC01-301.pdf\" target=\"_blank\">INIC01-301<\/a><\/p><\/td><td><p>Expansi\u00f3n del maxilar superior como tratamiento para afecciones en las v\u00edas a\u00e9reas superiores<\/p><\/td><td><p>Evaluar el efecto de la expansi\u00f3n r\u00e1pida<\/p><p>del maxilar superior en pacientes con riesgo de presentar afecciones en las v\u00edas<\/p><p>a\u00e9reas superiores<\/p><\/td><td><p>CONACYT<\/p><\/td><td><p>90.000.000<\/p><\/td><td><p>0<\/p><\/td><td><p>En ejecuci\u00f3n<\/p><\/td><td><p><strong>Nombre: <\/strong><\/p><p>Dr. Ulises A. Villasanti T.<\/p><p><strong>Cargo:<\/strong><\/p><p>Director del Proyecto<\/p><\/td><td><p><strong>Fecha de inicio:<\/strong><\/p><p>04\/03\/2024<\/p><p><strong>Fecha de finalizaci\u00f3n:<\/strong><\/p><p>30\/03\/2026<\/p><p><strong>Duraci\u00f3n total:<\/strong> <\/p><p>24 meses<\/p><\/td><\/tr><tr><td><p><a href=\"https:\/\/www.unca.edu.py\/wp-content\/uploads\/2025\/05\/PINV01-296.pdf\" target=\"_blank\">PINV01-296<\/a><\/p><\/td><td><p>MicroRNA en leche materna de la poblaci\u00f3n paraguaya: Caracterizaci\u00f3n y<\/p><p>transporte en ves\u00edculas extracelulares<\/p><\/td><td><p>Caracterizar el perfil de miRNAs de la leche materna de la poblaci\u00f3n paraguaya<\/p><p>a fin de asociarlos con sus beneficios saludables y promover su consumo o suplementaci\u00f3n<\/p><\/td><td><p>CONACYT<\/p><\/td><td><p>500.000.000<\/p><\/td><td><p>0<\/p><\/td><td><p>En ejecuci\u00f3n<\/p><\/td><td><p><strong>Nombre:<\/strong> Mg. Gladys M. Estigarribia S.<\/p><p><strong>Cargo:<\/strong> Directora del Proyecto<\/p><\/td><td><p><strong>Fecha de inicio: <\/strong>04\/03\/2024<\/p><p><strong>Fecha de finalizaci\u00f3n<\/strong>:<\/p><p>31\/03\/2026<\/p><p><strong>Duraci\u00f3n total:<\/strong> <\/p><p>24 meses<\/p><\/td><\/tr><\/tbody><\/table>\n            <\/div><div class=\"ea-advanced-data-table-pagination ea-advanced-data-table-pagination-button clearfix\"><\/div><\/div>\t\t<\/div>\n\t\t\t\t<\/div>\n\t\t\t\t<\/div>\n\t\t\t\t<\/div>\n\t\t","protected":false},"excerpt":{"rendered":"<p>Proyectos N\u00b0 Nombre del Proyecto Objetivo General Organismo Monto Global Contrapartida Ejecuci\u00f3n Responsable del Proyecto Duraci\u00f3n COFA03-138 Desaf\u00edo Cient\u00edfico UNCA Fomentar la investigaci\u00f3n y el desarrollo acad\u00e9mico entre los estudiantes de grado, promoviendo la apropiaci\u00f3n del conocimiento cient\u00edfico CONACYT 38.400.000 0 Finalizado Nombre: Ing. Juan Vicente Bogado Machuca Cargo: Director del Proyecto Fecha de inicio: [&hellip;]<\/p>\n","protected":false},"author":7,"featured_media":0,"parent":0,"menu_order":0,"comment_status":"closed","ping_status":"closed","template":"template\/fullwidth.php","meta":{"footnotes":""},"class_list":["post-6288","page","type-page","status-publish","hentry"],"_links":{"self":[{"href":"https:\/\/www.unca.edu.py\/index.php?rest_route=\/wp\/v2\/pages\/6288","targetHints":{"allow":["GET"]}}],"collection":[{"href":"https:\/\/www.unca.edu.py\/index.php?rest_route=\/wp\/v2\/pages"}],"about":[{"href":"https:\/\/www.unca.edu.py\/index.php?rest_route=\/wp\/v2\/types\/page"}],"author":[{"embeddable":true,"href":"https:\/\/www.unca.edu.py\/index.php?rest_route=\/wp\/v2\/users\/7"}],"replies":[{"embeddable":true,"href":"https:\/\/www.unca.edu.py\/index.php?rest_route=%2Fwp%2Fv2%2Fcomments&post=6288"}],"version-history":[{"count":12,"href":"https:\/\/www.unca.edu.py\/index.php?rest_route=\/wp\/v2\/pages\/6288\/revisions"}],"predecessor-version":[{"id":8262,"href":"https:\/\/www.unca.edu.py\/index.php?rest_route=\/wp\/v2\/pages\/6288\/revisions\/8262"}],"wp:attachment":[{"href":"https:\/\/www.unca.edu.py\/index.php?rest_route=%2Fwp%2Fv2%2Fmedia&parent=6288"}],"curies":[{"name":"wp","href":"https:\/\/api.w.org\/{rel}","templated":true}]}}