{"id":4894,"date":"2024-08-21T14:29:17","date_gmt":"2024-08-21T14:29:17","guid":{"rendered":"https:\/\/www.unca.edu.py\/?page_id=4894"},"modified":"2025-07-17T12:08:28","modified_gmt":"2025-07-17T12:08:28","slug":"facultad-de-odontologia-fo-posgrados","status":"publish","type":"page","link":"https:\/\/www.unca.edu.py\/?page_id=4894","title":{"rendered":"Facultad de Odontolog\u00eda &#8211; Posgrados"},"content":{"rendered":"\t\t<div data-elementor-type=\"wp-page\" data-elementor-id=\"4894\" class=\"elementor elementor-4894\" data-elementor-post-type=\"page\">\n\t\t\t\t<div class=\"elementor-element elementor-element-6b529cf e-flex e-con-boxed e-con e-parent\" data-id=\"6b529cf\" data-element_type=\"container\">\n\t\t\t\t\t<div class=\"e-con-inner\">\n\t\t\t\t<div class=\"elementor-element elementor-element-b413316 elementor-widget elementor-widget-image\" data-id=\"b413316\" data-element_type=\"widget\" data-widget_type=\"image.default\">\n\t\t\t\t<div class=\"elementor-widget-container\">\n\t\t\t\t\t\t\t\t\t\t\t\t\t\t<a href=\"http:\/\/odontounca.edu.py\/\" target=\"_blank\">\n\t\t\t\t\t\t\t<img fetchpriority=\"high\" decoding=\"async\" width=\"300\" height=\"300\" src=\"data:image\/gif;base64,R0lGODlhAQABAIAAAAAAAP\/\/\/yH5BAEAAAAALAAAAAABAAEAAAIBRAA7\" data-src=\"https:\/\/www.unca.edu.py\/wp-content\/uploads\/2023\/11\/LOGO-FO-300x300.png\" class=\"elementor-animation-pulse-grow attachment-large size-large wp-image-271 lazyload\" alt=\"\" data-srcset=\"https:\/\/www.unca.edu.py\/wp-content\/uploads\/2023\/11\/LOGO-FO-300x300.png 300w, https:\/\/www.unca.edu.py\/wp-content\/uploads\/2023\/11\/LOGO-FO-150x150.png 150w, https:\/\/www.unca.edu.py\/wp-content\/uploads\/2023\/11\/LOGO-FO-768x768.png 768w, https:\/\/www.unca.edu.py\/wp-content\/uploads\/2023\/11\/LOGO-FO-1536x1536.png 1536w, https:\/\/www.unca.edu.py\/wp-content\/uploads\/2023\/11\/LOGO-FO.png 2048w\" sizes=\"(max-width: 300px) 100vw, 300px\" \/><noscript><img decoding=\"async\" width=\"300\" height=\"300\" src=\"https:\/\/www.unca.edu.py\/wp-content\/uploads\/2023\/11\/LOGO-FO-300x300.png\" class=\"elementor-animation-pulse-grow attachment-large size-large wp-image-271 lazyload\" alt=\"\" srcset=\"https:\/\/www.unca.edu.py\/wp-content\/uploads\/2023\/11\/LOGO-FO-300x300.png 300w, https:\/\/www.unca.edu.py\/wp-content\/uploads\/2023\/11\/LOGO-FO-150x150.png 150w, https:\/\/www.unca.edu.py\/wp-content\/uploads\/2023\/11\/LOGO-FO-768x768.png 768w, https:\/\/www.unca.edu.py\/wp-content\/uploads\/2023\/11\/LOGO-FO-1536x1536.png 1536w, https:\/\/www.unca.edu.py\/wp-content\/uploads\/2023\/11\/LOGO-FO.png 2048w\" sizes=\"(max-width: 300px) 100vw, 300px\" \/><\/noscript>\t\t\t\t\t\t\t\t<\/a>\n\t\t\t\t\t\t\t\t\t\t\t\t\t<\/div>\n\t\t\t\t<\/div>\n\t\t\t\t<div class=\"elementor-element elementor-element-5e4fd05 elementor-widget-divider--separator-type-pattern elementor-widget-divider--view-line elementor-widget elementor-widget-divider\" data-id=\"5e4fd05\" data-element_type=\"widget\" data-widget_type=\"divider.default\">\n\t\t\t\t<div class=\"elementor-widget-container\">\n\t\t\t\t\t<div class=\"elementor-divider\" style=\"--divider-pattern-url: url(&quot;data:image\/svg+xml,%3Csvg xmlns=&#039;http:\/\/www.w3.org\/2000\/svg&#039; preserveAspectRatio=&#039;none&#039; overflow=&#039;visible&#039; height=&#039;100%&#039; viewBox=&#039;0 0 24 24&#039; fill=&#039;black&#039; stroke=&#039;none&#039;%3E%3Cpolygon points=&#039;9.4,2 24,2 14.6,21.6 0,21.6&#039;\/%3E%3C\/svg%3E&quot;);\">\n\t\t\t<span class=\"elementor-divider-separator\">\n\t\t\t\t\t\t<\/span>\n\t\t<\/div>\n\t\t\t\t<\/div>\n\t\t\t\t<\/div>\n\t\t\t\t<div class=\"elementor-element elementor-element-b52a9c2 elementor-widget elementor-widget-accordion\" data-id=\"b52a9c2\" data-element_type=\"widget\" data-widget_type=\"accordion.default\">\n\t\t\t\t<div class=\"elementor-widget-container\">\n\t\t\t\t\t<div class=\"elementor-accordion\">\n\t\t\t\t\t\t\t<div class=\"elementor-accordion-item\">\n\t\t\t\t\t<div id=\"elementor-tab-title-1891\" class=\"elementor-tab-title\" data-tab=\"1\" role=\"button\" aria-controls=\"elementor-tab-content-1891\" aria-expanded=\"false\">\n\t\t\t\t\t\t\t\t\t\t\t\t\t<span class=\"elementor-accordion-icon elementor-accordion-icon-left\" aria-hidden=\"true\">\n\t\t\t\t\t\t\t\t\t\t\t\t\t\t\t<span class=\"elementor-accordion-icon-closed\"><i class=\"fas fa-angle-down\"><\/i><\/span>\n\t\t\t\t\t\t\t\t<span class=\"elementor-accordion-icon-opened\"><i class=\"fas fa-angle-double-down\"><\/i><\/span>\n\t\t\t\t\t\t\t\t\t\t\t\t\t\t<\/span>\n\t\t\t\t\t\t\t\t\t\t\t\t<a class=\"elementor-accordion-title\" tabindex=\"0\">Especializaci\u00f3n en Implantolog\u00eda Oral <\/a>\n\t\t\t\t\t<\/div>\n\t\t\t\t\t<div id=\"elementor-tab-content-1891\" class=\"elementor-tab-content elementor-clearfix\" data-tab=\"1\" role=\"region\" aria-labelledby=\"elementor-tab-title-1891\"><h6><span style=\"color: #000000;\"><strong>Modalidad<\/strong><\/span><\/h6><ul><li><span style=\"color: #000000;\">Presencial.<\/span><\/li><\/ul><h6><span style=\"color: #000000;\"><strong>Duraci\u00f3n<\/strong><\/span><\/h6><ul><li><span style=\"color: #000000;\">24 meses.\u00a0<\/span><\/li><\/ul><h6><span style=\"color: #000000;\"><strong>Horas<\/strong><\/span><\/h6><ul><li><span style=\"color: #000000;\">360 horas.<\/span><\/li><\/ul><h6><span style=\"color: #000000;\"><strong>T\u00edtulo<\/strong><\/span><\/h6><ul><li><span style=\"color: #000000;\">Especialista en Implantolog\u00eda Oral.\u00a0<\/span><\/li><\/ul><h6><span style=\"color: #000000;\"><strong>Resoluci\u00f3n<\/strong><\/span><\/h6><ul><li><span style=\"color: #000000;\">N\u00b0 Res. Cones 497\/18.\u00a0<\/span><\/li><\/ul><\/div>\n\t\t\t\t<\/div>\n\t\t\t\t\t\t\t\t<\/div>\n\t\t\t\t<\/div>\n\t\t\t\t<\/div>\n\t\t<div class=\"elementor-element elementor-element-c217c58 e-flex e-con-boxed e-con e-child\" data-id=\"c217c58\" data-element_type=\"container\">\n\t\t\t\t\t<div class=\"e-con-inner\">\n\t\t<div class=\"elementor-element elementor-element-0195c3d e-con-full e-flex e-con e-child\" data-id=\"0195c3d\" data-element_type=\"container\">\n\t\t\t\t<div class=\"elementor-element elementor-element-d642da2 elementor-view-stacked elementor-shape-circle elementor-widget elementor-widget-icon\" data-id=\"d642da2\" data-element_type=\"widget\" data-widget_type=\"icon.default\">\n\t\t\t\t<div class=\"elementor-widget-container\">\n\t\t\t\t\t<div class=\"elementor-icon-wrapper\">\n\t\t\t<div class=\"elementor-icon\">\n\t\t\t<i aria-hidden=\"true\" class=\"far fa-address-card\"><\/i>\t\t\t<\/div>\n\t\t<\/div>\n\t\t\t\t<\/div>\n\t\t\t\t<\/div>\n\t\t\t\t<div class=\"elementor-element elementor-element-71ada74 elementor-headline--style-highlight elementor-widget elementor-widget-animated-headline\" data-id=\"71ada74\" data-element_type=\"widget\" data-settings=\"{&quot;marker&quot;:&quot;underline&quot;,&quot;highlighted_text&quot;:&quot;CONTACTO&quot;,&quot;headline_style&quot;:&quot;highlight&quot;,&quot;loop&quot;:&quot;yes&quot;,&quot;highlight_animation_duration&quot;:1200,&quot;highlight_iteration_delay&quot;:8000}\" data-widget_type=\"animated-headline.default\">\n\t\t\t\t<div class=\"elementor-widget-container\">\n\t\t\t\t\t<h3 class=\"elementor-headline\">\n\t\t\t\t<span class=\"elementor-headline-dynamic-wrapper elementor-headline-text-wrapper\">\n\t\t\t\t\t<span class=\"elementor-headline-dynamic-text elementor-headline-text-active\">CONTACTO<\/span>\n\t\t\t\t<\/span>\n\t\t\t\t<\/h3>\n\t\t\t\t<\/div>\n\t\t\t\t<\/div>\n\t\t\t\t<div class=\"elementor-element elementor-element-697ed19 elementor-widget elementor-widget-text-editor\" data-id=\"697ed19\" data-element_type=\"widget\" data-widget_type=\"text-editor.default\">\n\t\t\t\t<div class=\"elementor-widget-container\">\n\t\t\t\t\t\t\t<ul><li><span style=\"color: #000000;\"><strong>Tel\u00e9fono:<\/strong> +595 521 200 838<\/span><\/li><li><span style=\"color: #000000;\"><strong>Correo electr\u00f3nico:<\/strong> <a href=\"mailto:secretariageneral@odontounca.edu.py\">secretariageneral@odontounca.edu.py<\/a><\/span><\/li><\/ul>\t\t\t\t\t\t<\/div>\n\t\t\t\t<\/div>\n\t\t\t\t<\/div>\n\t\t<div class=\"elementor-element elementor-element-2c13226 e-con-full e-flex e-con e-child\" data-id=\"2c13226\" data-element_type=\"container\">\n\t\t\t\t<div class=\"elementor-element elementor-element-03b9808 elementor-view-stacked elementor-shape-circle elementor-widget elementor-widget-icon\" data-id=\"03b9808\" data-element_type=\"widget\" data-widget_type=\"icon.default\">\n\t\t\t\t<div class=\"elementor-widget-container\">\n\t\t\t\t\t<div class=\"elementor-icon-wrapper\">\n\t\t\t<div class=\"elementor-icon\">\n\t\t\t<i aria-hidden=\"true\" class=\"fas fa-map-marked-alt\"><\/i>\t\t\t<\/div>\n\t\t<\/div>\n\t\t\t\t<\/div>\n\t\t\t\t<\/div>\n\t\t\t\t<div class=\"elementor-element elementor-element-0b8ac04 elementor-headline--style-highlight elementor-widget elementor-widget-animated-headline\" data-id=\"0b8ac04\" data-element_type=\"widget\" data-settings=\"{&quot;marker&quot;:&quot;underline&quot;,&quot;highlighted_text&quot;:&quot;DIRECCION&quot;,&quot;headline_style&quot;:&quot;highlight&quot;,&quot;loop&quot;:&quot;yes&quot;,&quot;highlight_animation_duration&quot;:1200,&quot;highlight_iteration_delay&quot;:8000}\" data-widget_type=\"animated-headline.default\">\n\t\t\t\t<div class=\"elementor-widget-container\">\n\t\t\t\t\t<h3 class=\"elementor-headline\">\n\t\t\t\t<span class=\"elementor-headline-dynamic-wrapper elementor-headline-text-wrapper\">\n\t\t\t\t\t<span class=\"elementor-headline-dynamic-text elementor-headline-text-active\">DIRECCION<\/span>\n\t\t\t\t<\/span>\n\t\t\t\t<\/h3>\n\t\t\t\t<\/div>\n\t\t\t\t<\/div>\n\t\t\t\t<div class=\"elementor-element elementor-element-e86c0fc elementor-widget elementor-widget-text-editor\" data-id=\"e86c0fc\" data-element_type=\"widget\" data-widget_type=\"text-editor.default\">\n\t\t\t\t<div class=\"elementor-widget-container\">\n\t\t\t\t\t\t\t<ul><li><strong><span style=\"color: #000000;\">Facundo Insfr\u00e1n y Lidia P. de Ben\u00edtez &#8211; <\/span><\/strong><strong><span style=\"color: #000000;\">Coronel Oviedo<\/span><\/strong><\/li><\/ul>\t\t\t\t\t\t<\/div>\n\t\t\t\t<\/div>\n\t\t\t\t<\/div>\n\t\t<div class=\"elementor-element elementor-element-3b9e91b e-con-full e-flex e-con e-child\" data-id=\"3b9e91b\" data-element_type=\"container\">\n\t\t\t\t<div class=\"elementor-element elementor-element-86ef60a elementor-view-stacked elementor-shape-circle elementor-widget elementor-widget-icon\" data-id=\"86ef60a\" data-element_type=\"widget\" data-widget_type=\"icon.default\">\n\t\t\t\t<div class=\"elementor-widget-container\">\n\t\t\t\t\t<div class=\"elementor-icon-wrapper\">\n\t\t\t<a class=\"elementor-icon\" href=\"http:\/\/odontounca.edu.py\" target=\"_blank\">\n\t\t\t<i aria-hidden=\"true\" class=\"fas fa-globe-americas\"><\/i>\t\t\t<\/a>\n\t\t<\/div>\n\t\t\t\t<\/div>\n\t\t\t\t<\/div>\n\t\t\t\t<div class=\"elementor-element elementor-element-6cbd5ba elementor-headline--style-highlight elementor-widget elementor-widget-animated-headline\" data-id=\"6cbd5ba\" data-element_type=\"widget\" data-settings=\"{&quot;marker&quot;:&quot;underline&quot;,&quot;highlighted_text&quot;:&quot;PAGINA WEB&quot;,&quot;headline_style&quot;:&quot;highlight&quot;,&quot;loop&quot;:&quot;yes&quot;,&quot;highlight_animation_duration&quot;:1200,&quot;highlight_iteration_delay&quot;:8000}\" data-widget_type=\"animated-headline.default\">\n\t\t\t\t<div class=\"elementor-widget-container\">\n\t\t\t\t\t<h3 class=\"elementor-headline\">\n\t\t\t\t<span class=\"elementor-headline-dynamic-wrapper elementor-headline-text-wrapper\">\n\t\t\t\t\t<span class=\"elementor-headline-dynamic-text elementor-headline-text-active\">PAGINA WEB<\/span>\n\t\t\t\t<\/span>\n\t\t\t\t<\/h3>\n\t\t\t\t<\/div>\n\t\t\t\t<\/div>\n\t\t\t\t<div class=\"elementor-element elementor-element-be0488a elementor-widget elementor-widget-text-editor\" data-id=\"be0488a\" data-element_type=\"widget\" data-widget_type=\"text-editor.default\">\n\t\t\t\t<div class=\"elementor-widget-container\">\n\t\t\t\t\t\t\t<ul><li><strong><a href=\"http:\/\/odontounca.edu.py\"><span style=\"color: #000000;\">http:\/\/odontounca.edu.py<\/span><\/a><\/strong><\/li><\/ul>\t\t\t\t\t\t<\/div>\n\t\t\t\t<\/div>\n\t\t\t\t<\/div>\n\t\t\t\t\t<\/div>\n\t\t\t\t<\/div>\n\t\t\t\t\t<\/div>\n\t\t\t\t<\/div>\n\t\t\t\t<\/div>\n\t\t","protected":false},"excerpt":{"rendered":"<p>Especializaci\u00f3n en Implantolog\u00eda Oral Modalidad Presencial. Duraci\u00f3n 24 meses.\u00a0 Horas 360 horas. T\u00edtulo Especialista en Implantolog\u00eda Oral.\u00a0 Resoluci\u00f3n N\u00b0 Res. Cones 497\/18.\u00a0 CONTACTO Tel\u00e9fono: +595 521 200 838 Correo electr\u00f3nico: secretariageneral@odontounca.edu.py DIRECCION Facundo Insfr\u00e1n y Lidia P. de Ben\u00edtez &#8211; Coronel Oviedo PAGINA WEB http:\/\/odontounca.edu.py<\/p>\n","protected":false},"author":7,"featured_media":0,"parent":0,"menu_order":0,"comment_status":"closed","ping_status":"closed","template":"template\/fullwidth.php","meta":{"footnotes":""},"class_list":["post-4894","page","type-page","status-publish","hentry"],"_links":{"self":[{"href":"https:\/\/www.unca.edu.py\/index.php?rest_route=\/wp\/v2\/pages\/4894","targetHints":{"allow":["GET"]}}],"collection":[{"href":"https:\/\/www.unca.edu.py\/index.php?rest_route=\/wp\/v2\/pages"}],"about":[{"href":"https:\/\/www.unca.edu.py\/index.php?rest_route=\/wp\/v2\/types\/page"}],"author":[{"embeddable":true,"href":"https:\/\/www.unca.edu.py\/index.php?rest_route=\/wp\/v2\/users\/7"}],"replies":[{"embeddable":true,"href":"https:\/\/www.unca.edu.py\/index.php?rest_route=%2Fwp%2Fv2%2Fcomments&post=4894"}],"version-history":[{"count":11,"href":"https:\/\/www.unca.edu.py\/index.php?rest_route=\/wp\/v2\/pages\/4894\/revisions"}],"predecessor-version":[{"id":6012,"href":"https:\/\/www.unca.edu.py\/index.php?rest_route=\/wp\/v2\/pages\/4894\/revisions\/6012"}],"wp:attachment":[{"href":"https:\/\/www.unca.edu.py\/index.php?rest_route=%2Fwp%2Fv2%2Fmedia&parent=4894"}],"curies":[{"name":"wp","href":"https:\/\/api.w.org\/{rel}","templated":true}]}}