{"id":4890,"date":"2024-08-21T14:31:04","date_gmt":"2024-08-21T14:31:04","guid":{"rendered":"https:\/\/www.unca.edu.py\/?page_id=4890"},"modified":"2025-07-17T12:07:27","modified_gmt":"2025-07-17T12:07:27","slug":"facultad-de-ciencias-economicas-fce-posgrados","status":"publish","type":"page","link":"https:\/\/www.unca.edu.py\/?page_id=4890","title":{"rendered":"Facultad de Ciencias Econ\u00f3micas &#8211; Posgrados"},"content":{"rendered":"\t\t<div data-elementor-type=\"wp-page\" data-elementor-id=\"4890\" class=\"elementor elementor-4890\" data-elementor-post-type=\"page\">\n\t\t\t\t<div class=\"elementor-element elementor-element-6b529cf e-flex e-con-boxed e-con e-parent\" data-id=\"6b529cf\" data-element_type=\"container\">\n\t\t\t\t\t<div class=\"e-con-inner\">\n\t\t\t\t<div class=\"elementor-element elementor-element-b413316 elementor-widget elementor-widget-image\" data-id=\"b413316\" data-element_type=\"widget\" data-widget_type=\"image.default\">\n\t\t\t\t<div class=\"elementor-widget-container\">\n\t\t\t\t\t\t\t\t\t\t\t\t\t\t<a href=\"https:\/\/fceunca.edu.py\/\" target=\"_blank\">\n\t\t\t\t\t\t\t<img fetchpriority=\"high\" decoding=\"async\" width=\"300\" height=\"300\" src=\"data:image\/gif;base64,R0lGODlhAQABAIAAAAAAAP\/\/\/yH5BAEAAAAALAAAAAABAAEAAAIBRAA7\" data-src=\"https:\/\/www.unca.edu.py\/wp-content\/uploads\/2023\/11\/LOGO-FCE-300x300.png\" class=\"elementor-animation-pulse-grow attachment-large size-large wp-image-268 lazyload\" alt=\"\" data-srcset=\"https:\/\/www.unca.edu.py\/wp-content\/uploads\/2023\/11\/LOGO-FCE-300x300.png 300w, https:\/\/www.unca.edu.py\/wp-content\/uploads\/2023\/11\/LOGO-FCE-150x150.png 150w, https:\/\/www.unca.edu.py\/wp-content\/uploads\/2023\/11\/LOGO-FCE-768x768.png 768w, https:\/\/www.unca.edu.py\/wp-content\/uploads\/2023\/11\/LOGO-FCE-1536x1536.png 1536w, https:\/\/www.unca.edu.py\/wp-content\/uploads\/2023\/11\/LOGO-FCE-2048x2048.png 2048w\" sizes=\"(max-width: 300px) 100vw, 300px\" \/><noscript><img decoding=\"async\" width=\"300\" height=\"300\" src=\"https:\/\/www.unca.edu.py\/wp-content\/uploads\/2023\/11\/LOGO-FCE-300x300.png\" class=\"elementor-animation-pulse-grow attachment-large size-large wp-image-268 lazyload\" alt=\"\" srcset=\"https:\/\/www.unca.edu.py\/wp-content\/uploads\/2023\/11\/LOGO-FCE-300x300.png 300w, https:\/\/www.unca.edu.py\/wp-content\/uploads\/2023\/11\/LOGO-FCE-150x150.png 150w, https:\/\/www.unca.edu.py\/wp-content\/uploads\/2023\/11\/LOGO-FCE-768x768.png 768w, https:\/\/www.unca.edu.py\/wp-content\/uploads\/2023\/11\/LOGO-FCE-1536x1536.png 1536w, https:\/\/www.unca.edu.py\/wp-content\/uploads\/2023\/11\/LOGO-FCE-2048x2048.png 2048w\" sizes=\"(max-width: 300px) 100vw, 300px\" \/><\/noscript>\t\t\t\t\t\t\t\t<\/a>\n\t\t\t\t\t\t\t\t\t\t\t\t\t<\/div>\n\t\t\t\t<\/div>\n\t\t\t\t<div class=\"elementor-element elementor-element-7386eda elementor-widget elementor-widget-accordion\" data-id=\"7386eda\" data-element_type=\"widget\" data-widget_type=\"accordion.default\">\n\t\t\t\t<div class=\"elementor-widget-container\">\n\t\t\t\t\t<div class=\"elementor-accordion\">\n\t\t\t\t\t\t\t<div class=\"elementor-accordion-item\">\n\t\t\t\t\t<div id=\"elementor-tab-title-1211\" class=\"elementor-tab-title\" data-tab=\"1\" role=\"button\" aria-controls=\"elementor-tab-content-1211\" aria-expanded=\"false\">\n\t\t\t\t\t\t\t\t\t\t\t\t\t<span class=\"elementor-accordion-icon elementor-accordion-icon-left\" aria-hidden=\"true\">\n\t\t\t\t\t\t\t\t\t\t\t\t\t\t\t<span class=\"elementor-accordion-icon-closed\"><i class=\"fas fa-angle-down\"><\/i><\/span>\n\t\t\t\t\t\t\t\t<span class=\"elementor-accordion-icon-opened\"><i class=\"fas fa-angle-double-down\"><\/i><\/span>\n\t\t\t\t\t\t\t\t\t\t\t\t\t\t<\/span>\n\t\t\t\t\t\t\t\t\t\t\t\t<a class=\"elementor-accordion-title\" tabindex=\"0\">Maestr\u00eda en Auditor\u00eda Financiera y Control de Gesti\u00f3n<\/a>\n\t\t\t\t\t<\/div>\n\t\t\t\t\t<div id=\"elementor-tab-content-1211\" class=\"elementor-tab-content elementor-clearfix\" data-tab=\"1\" role=\"region\" aria-labelledby=\"elementor-tab-title-1211\"><h6><strong style=\"color: #000000;\">Modalidad<\/strong><\/h6><div><ul><li><span style=\"color: #000000;\">Presencial.<\/span><\/li><\/ul><h6><strong style=\"color: #000000;\">\u00c1rea del Saber<\/strong><\/h6><div><ul><li><span style=\"color: #000000;\">Comercio y Administraci\u00f3n.<\/span><\/li><\/ul><\/div><h6><span style=\"color: #000000;\"><strong>Duraci\u00f3n<\/strong><\/span><\/h6><ul><li><span style=\"color: #000000;\">16 meses.\u00a0<\/span><\/li><\/ul><h6><span style=\"color: #000000;\"><strong>Horas<\/strong><\/span><\/h6><ul><li><span style=\"color: #000000;\">950 horas.<\/span><\/li><\/ul><h6><span style=\"color: #000000;\"><strong>T\u00edtulo<\/strong><\/span><\/h6><ul><li><span style=\"color: #000000;\">Mag\u00edster en Auditor\u00eda Financiera y Control de Gesti\u00f3n.\u00a0<\/span><\/li><\/ul><h6><span style=\"color: #000000;\"><strong>Resoluci\u00f3n<\/strong><\/span><\/h6><ul><li><span style=\"color: #000000;\">N\u00b0 Res. Cones 101\/24.\u00a0<\/span><\/li><\/ul><h6><span style=\"color: #000000;\"><strong>Contacto<\/strong><\/span><\/h6><ul><li><span style=\"color: #000000;\">0983 133 316<\/span><\/li><\/ul><\/div><\/div>\n\t\t\t\t<\/div>\n\t\t\t\t\t\t\t\t<\/div>\n\t\t\t\t<\/div>\n\t\t\t\t<\/div>\n\t\t\t\t\t<\/div>\n\t\t\t\t<\/div>\n\t\t<div class=\"elementor-element elementor-element-2f332e7 e-flex e-con-boxed e-con e-parent\" data-id=\"2f332e7\" data-element_type=\"container\">\n\t\t\t\t\t<div class=\"e-con-inner\">\n\t\t<div class=\"elementor-element elementor-element-8281932 e-con-full e-flex e-con e-child\" data-id=\"8281932\" data-element_type=\"container\">\n\t\t\t\t<div class=\"elementor-element elementor-element-8f95344 elementor-view-stacked elementor-shape-circle elementor-widget elementor-widget-icon\" data-id=\"8f95344\" data-element_type=\"widget\" data-widget_type=\"icon.default\">\n\t\t\t\t<div class=\"elementor-widget-container\">\n\t\t\t\t\t<div class=\"elementor-icon-wrapper\">\n\t\t\t<div class=\"elementor-icon\">\n\t\t\t<i aria-hidden=\"true\" class=\"far fa-address-card\"><\/i>\t\t\t<\/div>\n\t\t<\/div>\n\t\t\t\t<\/div>\n\t\t\t\t<\/div>\n\t\t\t\t<div class=\"elementor-element elementor-element-494a088 elementor-headline--style-highlight elementor-widget elementor-widget-animated-headline\" data-id=\"494a088\" data-element_type=\"widget\" data-settings=\"{&quot;marker&quot;:&quot;underline&quot;,&quot;highlighted_text&quot;:&quot;CONTACTO&quot;,&quot;headline_style&quot;:&quot;highlight&quot;,&quot;loop&quot;:&quot;yes&quot;,&quot;highlight_animation_duration&quot;:1200,&quot;highlight_iteration_delay&quot;:8000}\" data-widget_type=\"animated-headline.default\">\n\t\t\t\t<div class=\"elementor-widget-container\">\n\t\t\t\t\t<h3 class=\"elementor-headline\">\n\t\t\t\t<span class=\"elementor-headline-dynamic-wrapper elementor-headline-text-wrapper\">\n\t\t\t\t\t<span class=\"elementor-headline-dynamic-text elementor-headline-text-active\">CONTACTO<\/span>\n\t\t\t\t<\/span>\n\t\t\t\t<\/h3>\n\t\t\t\t<\/div>\n\t\t\t\t<\/div>\n\t\t\t\t<div class=\"elementor-element elementor-element-e421844 elementor-widget elementor-widget-text-editor\" data-id=\"e421844\" data-element_type=\"widget\" data-widget_type=\"text-editor.default\">\n\t\t\t\t<div class=\"elementor-widget-container\">\n\t\t\t\t\t\t\t<ul><li><p><span style=\"color: #000000;\"><strong>Tel\u00e9fono<span style=\"color: #000000;\">:<\/span><\/strong><\/span>\u00a0<span style=\"color: #000000;\">+595 521 203 836<\/span><\/p><\/li><li><p><span style=\"color: #000000;\"><strong>Correo electr\u00f3nico:<\/strong> <a href=\"mailto:comunicaciones@fceunca.edu.py\">comunicaciones@fceunca.edu.py<\/a><\/span><\/p><\/li><\/ul>\t\t\t\t\t\t<\/div>\n\t\t\t\t<\/div>\n\t\t\t\t<\/div>\n\t\t<div class=\"elementor-element elementor-element-a21c881 e-con-full e-flex e-con e-child\" data-id=\"a21c881\" data-element_type=\"container\">\n\t\t\t\t<div class=\"elementor-element elementor-element-04fe6c8 elementor-view-stacked elementor-shape-circle elementor-widget elementor-widget-icon\" data-id=\"04fe6c8\" data-element_type=\"widget\" data-widget_type=\"icon.default\">\n\t\t\t\t<div class=\"elementor-widget-container\">\n\t\t\t\t\t<div class=\"elementor-icon-wrapper\">\n\t\t\t<div class=\"elementor-icon\">\n\t\t\t<i aria-hidden=\"true\" class=\"fas fa-map-marked-alt\"><\/i>\t\t\t<\/div>\n\t\t<\/div>\n\t\t\t\t<\/div>\n\t\t\t\t<\/div>\n\t\t\t\t<div class=\"elementor-element elementor-element-2152510 elementor-headline--style-highlight elementor-widget elementor-widget-animated-headline\" data-id=\"2152510\" data-element_type=\"widget\" data-settings=\"{&quot;marker&quot;:&quot;underline&quot;,&quot;highlighted_text&quot;:&quot;DIRECCION&quot;,&quot;headline_style&quot;:&quot;highlight&quot;,&quot;loop&quot;:&quot;yes&quot;,&quot;highlight_animation_duration&quot;:1200,&quot;highlight_iteration_delay&quot;:8000}\" data-widget_type=\"animated-headline.default\">\n\t\t\t\t<div class=\"elementor-widget-container\">\n\t\t\t\t\t<h3 class=\"elementor-headline\">\n\t\t\t\t<span class=\"elementor-headline-dynamic-wrapper elementor-headline-text-wrapper\">\n\t\t\t\t\t<span class=\"elementor-headline-dynamic-text elementor-headline-text-active\">DIRECCION<\/span>\n\t\t\t\t<\/span>\n\t\t\t\t<\/h3>\n\t\t\t\t<\/div>\n\t\t\t\t<\/div>\n\t\t\t\t<div class=\"elementor-element elementor-element-8df2d55 elementor-widget elementor-widget-text-editor\" data-id=\"8df2d55\" data-element_type=\"widget\" data-widget_type=\"text-editor.default\">\n\t\t\t\t<div class=\"elementor-widget-container\">\n\t\t\t\t\t\t\t<ul><li><span style=\"color: #000000;\"><strong>Ruta Nro. 8 \u201cDr. Blas Garay\u201d, km 138 &#8211; <\/strong><strong>Coronel Oviedo<\/strong><\/span><\/li><\/ul>\t\t\t\t\t\t<\/div>\n\t\t\t\t<\/div>\n\t\t\t\t<\/div>\n\t\t<div class=\"elementor-element elementor-element-06c69f5 e-con-full e-flex e-con e-child\" data-id=\"06c69f5\" data-element_type=\"container\">\n\t\t\t\t<div class=\"elementor-element elementor-element-f775ccf elementor-view-stacked elementor-shape-circle elementor-widget elementor-widget-icon\" data-id=\"f775ccf\" data-element_type=\"widget\" data-widget_type=\"icon.default\">\n\t\t\t\t<div class=\"elementor-widget-container\">\n\t\t\t\t\t<div class=\"elementor-icon-wrapper\">\n\t\t\t<a class=\"elementor-icon\" href=\"http:\/\/fceunca.edu.py\/\" target=\"_blank\">\n\t\t\t<i aria-hidden=\"true\" class=\"fas fa-globe-americas\"><\/i>\t\t\t<\/a>\n\t\t<\/div>\n\t\t\t\t<\/div>\n\t\t\t\t<\/div>\n\t\t\t\t<div class=\"elementor-element elementor-element-95614ec elementor-headline--style-highlight elementor-widget elementor-widget-animated-headline\" data-id=\"95614ec\" data-element_type=\"widget\" data-settings=\"{&quot;marker&quot;:&quot;underline&quot;,&quot;highlighted_text&quot;:&quot;PAGINA WEB&quot;,&quot;headline_style&quot;:&quot;highlight&quot;,&quot;loop&quot;:&quot;yes&quot;,&quot;highlight_animation_duration&quot;:1200,&quot;highlight_iteration_delay&quot;:8000}\" data-widget_type=\"animated-headline.default\">\n\t\t\t\t<div class=\"elementor-widget-container\">\n\t\t\t\t\t<h3 class=\"elementor-headline\">\n\t\t\t\t<span class=\"elementor-headline-dynamic-wrapper elementor-headline-text-wrapper\">\n\t\t\t\t\t<span class=\"elementor-headline-dynamic-text elementor-headline-text-active\">PAGINA WEB<\/span>\n\t\t\t\t<\/span>\n\t\t\t\t<\/h3>\n\t\t\t\t<\/div>\n\t\t\t\t<\/div>\n\t\t\t\t<div class=\"elementor-element elementor-element-b63c7ba elementor-widget elementor-widget-text-editor\" data-id=\"b63c7ba\" data-element_type=\"widget\" data-widget_type=\"text-editor.default\">\n\t\t\t\t<div class=\"elementor-widget-container\">\n\t\t\t\t\t\t\t<ul><li><strong><span style=\"color: #000000;\"><a style=\"color: #000000;\" href=\"http:\/\/fceunca.edu.py\/\">http:\/\/fceunca.edu.py\/<\/a><\/span><\/strong><\/li><\/ul>\t\t\t\t\t\t<\/div>\n\t\t\t\t<\/div>\n\t\t\t\t<\/div>\n\t\t\t\t\t<\/div>\n\t\t\t\t<\/div>\n\t\t\t\t<\/div>\n\t\t","protected":false},"excerpt":{"rendered":"<p>Maestr\u00eda en Auditor\u00eda Financiera y Control de Gesti\u00f3n Modalidad Presencial. \u00c1rea del Saber Comercio y Administraci\u00f3n. Duraci\u00f3n 16 meses.\u00a0 Horas 950 horas. T\u00edtulo Mag\u00edster en Auditor\u00eda Financiera y Control de Gesti\u00f3n.\u00a0 Resoluci\u00f3n N\u00b0 Res. Cones 101\/24.\u00a0 Contacto 0983 133 316 CONTACTO Tel\u00e9fono:\u00a0+595 521 203 836 Correo electr\u00f3nico: comunicaciones@fceunca.edu.py DIRECCION Ruta Nro. 8 \u201cDr. Blas Garay\u201d, [&hellip;]<\/p>\n","protected":false},"author":7,"featured_media":0,"parent":0,"menu_order":0,"comment_status":"closed","ping_status":"closed","template":"template\/fullwidth.php","meta":{"footnotes":""},"class_list":["post-4890","page","type-page","status-publish","hentry"],"_links":{"self":[{"href":"https:\/\/www.unca.edu.py\/index.php?rest_route=\/wp\/v2\/pages\/4890","targetHints":{"allow":["GET"]}}],"collection":[{"href":"https:\/\/www.unca.edu.py\/index.php?rest_route=\/wp\/v2\/pages"}],"about":[{"href":"https:\/\/www.unca.edu.py\/index.php?rest_route=\/wp\/v2\/types\/page"}],"author":[{"embeddable":true,"href":"https:\/\/www.unca.edu.py\/index.php?rest_route=\/wp\/v2\/users\/7"}],"replies":[{"embeddable":true,"href":"https:\/\/www.unca.edu.py\/index.php?rest_route=%2Fwp%2Fv2%2Fcomments&post=4890"}],"version-history":[{"count":12,"href":"https:\/\/www.unca.edu.py\/index.php?rest_route=\/wp\/v2\/pages\/4890\/revisions"}],"predecessor-version":[{"id":6016,"href":"https:\/\/www.unca.edu.py\/index.php?rest_route=\/wp\/v2\/pages\/4890\/revisions\/6016"}],"wp:attachment":[{"href":"https:\/\/www.unca.edu.py\/index.php?rest_route=%2Fwp%2Fv2%2Fmedia&parent=4890"}],"curies":[{"name":"wp","href":"https:\/\/api.w.org\/{rel}","templated":true}]}}