{"id":4888,"date":"2024-08-21T14:31:22","date_gmt":"2024-08-21T14:31:22","guid":{"rendered":"https:\/\/www.unca.edu.py\/?page_id=4888"},"modified":"2025-07-15T14:40:20","modified_gmt":"2025-07-15T14:40:20","slug":"facultad-de-ciencias-de-la-produccion-fcp-posgrados","status":"publish","type":"page","link":"https:\/\/www.unca.edu.py\/?page_id=4888","title":{"rendered":"Facultad Ciencias de la Producci\u00f3n &#8211; Posgrados"},"content":{"rendered":"\t\t<div data-elementor-type=\"wp-page\" data-elementor-id=\"4888\" class=\"elementor elementor-4888\" data-elementor-post-type=\"page\">\n\t\t\t\t<div class=\"elementor-element elementor-element-6b529cf e-flex e-con-boxed e-con e-parent\" data-id=\"6b529cf\" data-element_type=\"container\">\n\t\t\t\t\t<div class=\"e-con-inner\">\n\t\t\t\t<div class=\"elementor-element elementor-element-24ca4e5 elementor-widget elementor-widget-image\" data-id=\"24ca4e5\" data-element_type=\"widget\" data-widget_type=\"image.default\">\n\t\t\t\t<div class=\"elementor-widget-container\">\n\t\t\t\t\t\t\t\t\t\t\t\t\t\t<a href=\"https:\/\/fcpunk.edu.py\/\" target=\"_blank\">\n\t\t\t\t\t\t\t<img fetchpriority=\"high\" decoding=\"async\" width=\"300\" height=\"300\" src=\"data:image\/gif;base64,R0lGODlhAQABAIAAAAAAAP\/\/\/yH5BAEAAAAALAAAAAABAAEAAAIBRAA7\" data-src=\"https:\/\/www.unca.edu.py\/wp-content\/uploads\/2024\/08\/01.-FCP-300x300.png\" class=\"elementor-animation-pulse-grow attachment-large size-large wp-image-4703 lazyload\" alt=\"Facultad de Ciencias de la Producci\u00f3n\" data-srcset=\"https:\/\/www.unca.edu.py\/wp-content\/uploads\/2024\/08\/01.-FCP-300x300.png 300w, https:\/\/www.unca.edu.py\/wp-content\/uploads\/2024\/08\/01.-FCP-150x150.png 150w, https:\/\/www.unca.edu.py\/wp-content\/uploads\/2024\/08\/01.-FCP-768x768.png 768w, https:\/\/www.unca.edu.py\/wp-content\/uploads\/2024\/08\/01.-FCP-1536x1536.png 1536w, https:\/\/www.unca.edu.py\/wp-content\/uploads\/2024\/08\/01.-FCP-2048x2048.png 2048w, https:\/\/www.unca.edu.py\/wp-content\/uploads\/2024\/08\/elementor\/thumbs\/01.-FCP-qslj4skm2zb8qiyou50ufgax9zpxp0gsqc4nkltmt8.png 6w, https:\/\/www.unca.edu.py\/wp-content\/uploads\/2024\/08\/elementor\/thumbs\/01.-FCP-qslj4skn87dhng8edx1ceytduovo19hkntn45ivf8o.png 100w\" sizes=\"(max-width: 300px) 100vw, 300px\" \/><noscript><img decoding=\"async\" width=\"300\" height=\"300\" src=\"https:\/\/www.unca.edu.py\/wp-content\/uploads\/2024\/08\/01.-FCP-300x300.png\" class=\"elementor-animation-pulse-grow attachment-large size-large wp-image-4703 lazyload\" alt=\"Facultad de Ciencias de la Producci\u00f3n\" srcset=\"https:\/\/www.unca.edu.py\/wp-content\/uploads\/2024\/08\/01.-FCP-300x300.png 300w, https:\/\/www.unca.edu.py\/wp-content\/uploads\/2024\/08\/01.-FCP-150x150.png 150w, https:\/\/www.unca.edu.py\/wp-content\/uploads\/2024\/08\/01.-FCP-768x768.png 768w, https:\/\/www.unca.edu.py\/wp-content\/uploads\/2024\/08\/01.-FCP-1536x1536.png 1536w, https:\/\/www.unca.edu.py\/wp-content\/uploads\/2024\/08\/01.-FCP-2048x2048.png 2048w, https:\/\/www.unca.edu.py\/wp-content\/uploads\/2024\/08\/elementor\/thumbs\/01.-FCP-qslj4skm2zb8qiyou50ufgax9zpxp0gsqc4nkltmt8.png 6w, https:\/\/www.unca.edu.py\/wp-content\/uploads\/2024\/08\/elementor\/thumbs\/01.-FCP-qslj4skn87dhng8edx1ceytduovo19hkntn45ivf8o.png 100w\" sizes=\"(max-width: 300px) 100vw, 300px\" \/><\/noscript>\t\t\t\t\t\t\t\t<\/a>\n\t\t\t\t\t\t\t\t\t\t\t\t\t<\/div>\n\t\t\t\t<\/div>\n\t\t\t\t<div class=\"elementor-element elementor-element-0ddb172 elementor-widget-divider--separator-type-pattern elementor-widget-divider--view-line elementor-widget elementor-widget-divider\" data-id=\"0ddb172\" data-element_type=\"widget\" data-widget_type=\"divider.default\">\n\t\t\t\t<div class=\"elementor-widget-container\">\n\t\t\t\t\t<div class=\"elementor-divider\" style=\"--divider-pattern-url: url(&quot;data:image\/svg+xml,%3Csvg xmlns=&#039;http:\/\/www.w3.org\/2000\/svg&#039; preserveAspectRatio=&#039;none&#039; overflow=&#039;visible&#039; height=&#039;100%&#039; viewBox=&#039;0 0 24 24&#039; fill=&#039;black&#039; stroke=&#039;none&#039;%3E%3Cpolygon points=&#039;9.4,2 24,2 14.6,21.6 0,21.6&#039;\/%3E%3C\/svg%3E&quot;);\">\n\t\t\t<span class=\"elementor-divider-separator\">\n\t\t\t\t\t\t<\/span>\n\t\t<\/div>\n\t\t\t\t<\/div>\n\t\t\t\t<\/div>\n\t\t\t\t<div class=\"elementor-element elementor-element-7544aa1 elementor-widget elementor-widget-accordion\" data-id=\"7544aa1\" data-element_type=\"widget\" data-widget_type=\"accordion.default\">\n\t\t\t\t<div class=\"elementor-widget-container\">\n\t\t\t\t\t<div class=\"elementor-accordion\">\n\t\t\t\t\t\t\t<div class=\"elementor-accordion-item\">\n\t\t\t\t\t<div id=\"elementor-tab-title-1221\" class=\"elementor-tab-title\" data-tab=\"1\" role=\"button\" aria-controls=\"elementor-tab-content-1221\" aria-expanded=\"false\">\n\t\t\t\t\t\t\t\t\t\t\t\t\t<span class=\"elementor-accordion-icon elementor-accordion-icon-left\" aria-hidden=\"true\">\n\t\t\t\t\t\t\t\t\t\t\t\t\t\t\t<span class=\"elementor-accordion-icon-closed\"><i class=\"fas fa-angle-down\"><\/i><\/span>\n\t\t\t\t\t\t\t\t<span class=\"elementor-accordion-icon-opened\"><i class=\"fas fa-angle-double-down\"><\/i><\/span>\n\t\t\t\t\t\t\t\t\t\t\t\t\t\t<\/span>\n\t\t\t\t\t\t\t\t\t\t\t\t<a class=\"elementor-accordion-title\" tabindex=\"0\">Especializaci\u00f3n en Metodolog\u00eda y T\u00e9cnicas de la Investigaci\u00f3n Cient\u00edfica<\/a>\n\t\t\t\t\t<\/div>\n\t\t\t\t\t<div id=\"elementor-tab-content-1221\" class=\"elementor-tab-content elementor-clearfix\" data-tab=\"1\" role=\"region\" aria-labelledby=\"elementor-tab-title-1221\"><h6><span style=\"color: #000000;\"><strong>Modalidad<\/strong><\/span><\/h6><ul><li><span style=\"color: #000000;\">Presencial.<\/span><\/li><\/ul><h6><span style=\"color: #000000;\"><strong>\u00c1rea del Saber<\/strong><\/span><\/h6><ul><li><span style=\"color: #000000;\">Humanidades y Filosof\u00eda.\u00a0<\/span><\/li><\/ul><h6><span style=\"color: #000000;\"><strong>Duraci\u00f3n<\/strong><\/span><\/h6><ul><li><span style=\"color: #000000;\">12 meses.\u00a0<\/span><\/li><\/ul><h6><span style=\"color: #000000;\"><strong>Horas<\/strong><\/span><\/h6><ul><li><span style=\"color: #000000;\">480 horas.\u00a0<\/span><\/li><\/ul><h6><span style=\"color: #000000;\"><strong>T\u00edtulo<\/strong><\/span><\/h6><ul><li><span style=\"color: #000000;\">Especialista en Metodolog\u00eda y T\u00e9cnicas de la Educaci\u00f3n Art\u00edstica.\u00a0<\/span><\/li><\/ul><h6><span style=\"color: #000000;\"><strong>Resoluci\u00f3n<\/strong><\/span><\/h6><ul><li><span style=\"color: #000000;\">N\u00b0 Res. Cones 100\/24.\u00a0<\/span><\/li><\/ul><h6><span style=\"color: #000000;\"><strong>Contactos<\/strong><\/span><\/h6><ul><li><span style=\"color: #000000;\">0971 199190\u00a0 \u00a0 \u00a0 \u00a0<\/span><\/li><li><span style=\"color: #000000;\">0985 803500<\/span><\/li><\/ul><\/div>\n\t\t\t\t<\/div>\n\t\t\t\t\t\t\t<div class=\"elementor-accordion-item\">\n\t\t\t\t\t<div id=\"elementor-tab-title-1222\" class=\"elementor-tab-title\" data-tab=\"2\" role=\"button\" aria-controls=\"elementor-tab-content-1222\" aria-expanded=\"false\">\n\t\t\t\t\t\t\t\t\t\t\t\t\t<span class=\"elementor-accordion-icon elementor-accordion-icon-left\" aria-hidden=\"true\">\n\t\t\t\t\t\t\t\t\t\t\t\t\t\t\t<span class=\"elementor-accordion-icon-closed\"><i class=\"fas fa-angle-down\"><\/i><\/span>\n\t\t\t\t\t\t\t\t<span class=\"elementor-accordion-icon-opened\"><i class=\"fas fa-angle-double-down\"><\/i><\/span>\n\t\t\t\t\t\t\t\t\t\t\t\t\t\t<\/span>\n\t\t\t\t\t\t\t\t\t\t\t\t<a class=\"elementor-accordion-title\" tabindex=\"0\">Especializaci\u00f3n en Gesti\u00f3n y Evaluaci\u00f3n de Impacto Ambiental<\/a>\n\t\t\t\t\t<\/div>\n\t\t\t\t\t<div id=\"elementor-tab-content-1222\" class=\"elementor-tab-content elementor-clearfix\" data-tab=\"2\" role=\"region\" aria-labelledby=\"elementor-tab-title-1222\"><h6><span style=\"color: #000000;\"><strong>Modalidad<\/strong><\/span><\/h6><ul><li><span style=\"color: #000000;\">Presencial.<\/span><\/li><\/ul><h6><span style=\"color: #000000;\"><strong>\u00c1rea del Saber<\/strong><\/span><\/h6><ul><li><span style=\"color: #000000;\">Ciencias Exactas y Natural.\u00a0<\/span><\/li><\/ul><h6><span style=\"color: #000000;\"><strong>Duraci\u00f3n<\/strong><\/span><\/h6><ul><li><span style=\"color: #000000;\">12 meses.\u00a0<\/span><\/li><\/ul><h6><span style=\"color: #000000;\"><strong>Horas<\/strong><\/span><\/h6><ul><li><span style=\"color: #000000;\">370 horas.\u00a0<\/span><\/li><\/ul><h6><span style=\"color: #000000;\"><strong>Creditos<\/strong><\/span><\/h6><ul><li><span style=\"color: #000000;\">24,67 horas.\u00a0<\/span><\/li><\/ul><h6><span style=\"color: #000000;\"><strong>T\u00edtulo<\/strong><\/span><\/h6><ul><li><span style=\"color: #000000;\">Especialista en Gesti\u00f3n y Evaluaci\u00f3n de Impacto Ambiental.\u00a0<\/span><\/li><\/ul><h6><span style=\"color: #000000;\"><strong>Resoluci\u00f3n<\/strong><\/span><\/h6><ul><li><span style=\"color: #000000;\">N\u00b0 Res. Cones 307\/24.\u00a0<\/span><\/li><\/ul><h6><span style=\"color: #000000;\"><strong>Contactos<\/strong><\/span><\/h6><ul><li><span style=\"color: #000000;\">0971 199190\u00a0 \u00a0 \u00a0 \u00a0<\/span><\/li><li><span style=\"color: #000000;\">0985 803500<\/span><\/li><\/ul><\/div>\n\t\t\t\t<\/div>\n\t\t\t\t\t\t\t<div class=\"elementor-accordion-item\">\n\t\t\t\t\t<div id=\"elementor-tab-title-1223\" class=\"elementor-tab-title\" data-tab=\"3\" role=\"button\" aria-controls=\"elementor-tab-content-1223\" aria-expanded=\"false\">\n\t\t\t\t\t\t\t\t\t\t\t\t\t<span class=\"elementor-accordion-icon elementor-accordion-icon-left\" aria-hidden=\"true\">\n\t\t\t\t\t\t\t\t\t\t\t\t\t\t\t<span class=\"elementor-accordion-icon-closed\"><i class=\"fas fa-angle-down\"><\/i><\/span>\n\t\t\t\t\t\t\t\t<span class=\"elementor-accordion-icon-opened\"><i class=\"fas fa-angle-double-down\"><\/i><\/span>\n\t\t\t\t\t\t\t\t\t\t\t\t\t\t<\/span>\n\t\t\t\t\t\t\t\t\t\t\t\t<a class=\"elementor-accordion-title\" tabindex=\"0\">Maestr\u00eda en Producci\u00f3n Animal y Manejo de Forrajes <\/a>\n\t\t\t\t\t<\/div>\n\t\t\t\t\t<div id=\"elementor-tab-content-1223\" class=\"elementor-tab-content elementor-clearfix\" data-tab=\"3\" role=\"region\" aria-labelledby=\"elementor-tab-title-1223\"><h6><span style=\"color: #000000;\"><strong>Modalidad<\/strong><\/span><\/h6><ul><li><span style=\"color: #000000;\">Presencial.<\/span><\/li><\/ul><h6><span style=\"color: #000000;\"><strong>\u00c1rea del Saber<\/strong><\/span><\/h6><ul><li><span style=\"color: #000000;\">Ciencias Agrarias.\u00a0<\/span><\/li><\/ul><h6><span style=\"color: #000000;\"><strong>Duraci\u00f3n<\/strong><\/span><\/h6><ul><li><span style=\"color: #000000;\">24 meses.\u00a0<\/span><\/li><\/ul><h6><span style=\"color: #000000;\"><strong>Horas<\/strong><\/span><\/h6><ul><li><span style=\"color: #000000;\">980 horas.\u00a0<\/span><\/li><\/ul><h6><span style=\"color: #000000;\"><strong>T\u00edtulo<\/strong><\/span><\/h6><ul><li><span style=\"color: #000000;\">Mag\u00edster en Producci\u00f3n Animal y Manejo de Forrajes.\u00a0<\/span><\/li><\/ul><h6><span style=\"color: #000000;\"><strong>Resoluci\u00f3n<\/strong><\/span><\/h6><ul><li><span style=\"color: #000000;\">N\u00b0 Res. Cones 128\/23.\u00a0<\/span><\/li><\/ul><h6><span style=\"color: #000000;\"><strong>Contactos<\/strong><\/span><\/h6><ul><li><span style=\"color: #000000;\">0971 199190\u00a0 \u00a0 \u00a0 \u00a0<\/span><\/li><li><span style=\"color: #000000;\">0985 803500<\/span><\/li><\/ul><div>\u00a0<\/div><\/div>\n\t\t\t\t<\/div>\n\t\t\t\t\t\t\t<div class=\"elementor-accordion-item\">\n\t\t\t\t\t<div id=\"elementor-tab-title-1224\" class=\"elementor-tab-title\" data-tab=\"4\" role=\"button\" aria-controls=\"elementor-tab-content-1224\" aria-expanded=\"false\">\n\t\t\t\t\t\t\t\t\t\t\t\t\t<span class=\"elementor-accordion-icon elementor-accordion-icon-left\" aria-hidden=\"true\">\n\t\t\t\t\t\t\t\t\t\t\t\t\t\t\t<span class=\"elementor-accordion-icon-closed\"><i class=\"fas fa-angle-down\"><\/i><\/span>\n\t\t\t\t\t\t\t\t<span class=\"elementor-accordion-icon-opened\"><i class=\"fas fa-angle-double-down\"><\/i><\/span>\n\t\t\t\t\t\t\t\t\t\t\t\t\t\t<\/span>\n\t\t\t\t\t\t\t\t\t\t\t\t<a class=\"elementor-accordion-title\" tabindex=\"0\">Maestr\u00eda en Producci\u00f3n Agr\u00edcola y Manejo Sostenible<\/a>\n\t\t\t\t\t<\/div>\n\t\t\t\t\t<div id=\"elementor-tab-content-1224\" class=\"elementor-tab-content elementor-clearfix\" data-tab=\"4\" role=\"region\" aria-labelledby=\"elementor-tab-title-1224\"><h6><span style=\"color: #000000;\"><strong>Modalidad<\/strong><\/span><\/h6><ul><li><span style=\"color: #000000;\">Presencial.<\/span><\/li><\/ul><h6><span style=\"color: #000000;\"><strong>\u00c1rea del Saber<\/strong><\/span><\/h6><ul><li><span style=\"color: #000000;\">Ciencias Agrarias.\u00a0<\/span><\/li><\/ul><h6><span style=\"color: #000000;\"><strong>Duraci\u00f3n<\/strong><\/span><\/h6><ul><li><span style=\"color: #000000;\">24 meses.\u00a0<\/span><\/li><\/ul><h6><span style=\"color: #000000;\"><strong>Horas<\/strong><\/span><\/h6><ul><li><span style=\"color: #000000;\">1.104 horas.\u00a0<\/span><\/li><\/ul><h6><span style=\"color: #000000;\"><strong>T\u00edtulo<\/strong><\/span><\/h6><ul><li><span style=\"color: #000000;\">Mag\u00edster en Producci\u00f3n Agr\u00edcola y Manejo Sostenible.\u00a0<\/span><\/li><\/ul><h6><span style=\"color: #000000;\"><strong>Resoluci\u00f3n<\/strong><\/span><\/h6><ul><li><span style=\"color: #000000;\">N\u00b0 Res. Cones 421\/23.\u00a0<\/span><\/li><\/ul><h6><span style=\"color: #000000;\"><strong>Contactos<\/strong><\/span><\/h6><ul><li><span style=\"color: #000000;\">0971 199190\u00a0 \u00a0 \u00a0 \u00a0<\/span><\/li><li><span style=\"color: #000000;\">0985 803500<\/span><\/li><\/ul><\/div>\n\t\t\t\t<\/div>\n\t\t\t\t\t\t\t\t<\/div>\n\t\t\t\t<\/div>\n\t\t\t\t<\/div>\n\t\t\t\t\t<\/div>\n\t\t\t\t<\/div>\n\t\t<div class=\"elementor-element elementor-element-8d69677 e-flex e-con-boxed e-con e-parent\" data-id=\"8d69677\" data-element_type=\"container\">\n\t\t\t\t\t<div class=\"e-con-inner\">\n\t\t<div class=\"elementor-element elementor-element-ceed22d e-con-full e-flex e-con e-child\" data-id=\"ceed22d\" data-element_type=\"container\">\n\t\t\t\t<div class=\"elementor-element elementor-element-75abab2 elementor-view-stacked elementor-shape-circle elementor-widget elementor-widget-icon\" data-id=\"75abab2\" data-element_type=\"widget\" data-widget_type=\"icon.default\">\n\t\t\t\t<div class=\"elementor-widget-container\">\n\t\t\t\t\t<div class=\"elementor-icon-wrapper\">\n\t\t\t<div class=\"elementor-icon\">\n\t\t\t<i aria-hidden=\"true\" class=\"far fa-address-card\"><\/i>\t\t\t<\/div>\n\t\t<\/div>\n\t\t\t\t<\/div>\n\t\t\t\t<\/div>\n\t\t\t\t<div class=\"elementor-element elementor-element-0e865f6 elementor-headline--style-highlight elementor-widget elementor-widget-animated-headline\" data-id=\"0e865f6\" data-element_type=\"widget\" data-settings=\"{&quot;marker&quot;:&quot;underline&quot;,&quot;highlighted_text&quot;:&quot;CONTACTO&quot;,&quot;headline_style&quot;:&quot;highlight&quot;,&quot;loop&quot;:&quot;yes&quot;,&quot;highlight_animation_duration&quot;:1200,&quot;highlight_iteration_delay&quot;:8000}\" data-widget_type=\"animated-headline.default\">\n\t\t\t\t<div class=\"elementor-widget-container\">\n\t\t\t\t\t<h3 class=\"elementor-headline\">\n\t\t\t\t<span class=\"elementor-headline-dynamic-wrapper elementor-headline-text-wrapper\">\n\t\t\t\t\t<span class=\"elementor-headline-dynamic-text elementor-headline-text-active\">CONTACTO<\/span>\n\t\t\t\t<\/span>\n\t\t\t\t<\/h3>\n\t\t\t\t<\/div>\n\t\t\t\t<\/div>\n\t\t\t\t<div class=\"elementor-element elementor-element-81e723f elementor-widget elementor-widget-text-editor\" data-id=\"81e723f\" data-element_type=\"widget\" data-widget_type=\"text-editor.default\">\n\t\t\t\t<div class=\"elementor-widget-container\">\n\t\t\t\t\t\t\t<ul><li><p><span style=\"color: #000000;\"><strong>Tel\u00e9fono<span style=\"color: #000000;\">:<\/span><\/strong><\/span>\u00a0<span style=\"color: #000000;\">+595 521 204 614<\/span><\/p><\/li><li><p><span style=\"color: #000000;\"><strong>Correo electr\u00f3nico:<\/strong>\u00a0<a href=\"mailto:facultadcienciasdelaproduccion@fcpunk.edu.py\">facultadcienciasdelaproduccion@fcpunk.edu.py<\/a><\/span><\/p><\/li><\/ul>\t\t\t\t\t\t<\/div>\n\t\t\t\t<\/div>\n\t\t\t\t<\/div>\n\t\t<div class=\"elementor-element elementor-element-0d6898c e-con-full e-flex e-con e-child\" data-id=\"0d6898c\" data-element_type=\"container\">\n\t\t\t\t<div class=\"elementor-element elementor-element-24c1e99 elementor-view-stacked elementor-shape-circle elementor-widget elementor-widget-icon\" data-id=\"24c1e99\" data-element_type=\"widget\" data-widget_type=\"icon.default\">\n\t\t\t\t<div class=\"elementor-widget-container\">\n\t\t\t\t\t<div class=\"elementor-icon-wrapper\">\n\t\t\t<div class=\"elementor-icon\">\n\t\t\t<i aria-hidden=\"true\" class=\"fas fa-map-marked-alt\"><\/i>\t\t\t<\/div>\n\t\t<\/div>\n\t\t\t\t<\/div>\n\t\t\t\t<\/div>\n\t\t\t\t<div class=\"elementor-element elementor-element-9ade0b6 elementor-headline--style-highlight elementor-widget elementor-widget-animated-headline\" data-id=\"9ade0b6\" data-element_type=\"widget\" data-settings=\"{&quot;marker&quot;:&quot;underline&quot;,&quot;highlighted_text&quot;:&quot;DIRECCION&quot;,&quot;headline_style&quot;:&quot;highlight&quot;,&quot;loop&quot;:&quot;yes&quot;,&quot;highlight_animation_duration&quot;:1200,&quot;highlight_iteration_delay&quot;:8000}\" data-widget_type=\"animated-headline.default\">\n\t\t\t\t<div class=\"elementor-widget-container\">\n\t\t\t\t\t<h3 class=\"elementor-headline\">\n\t\t\t\t<span class=\"elementor-headline-dynamic-wrapper elementor-headline-text-wrapper\">\n\t\t\t\t\t<span class=\"elementor-headline-dynamic-text elementor-headline-text-active\">DIRECCION<\/span>\n\t\t\t\t<\/span>\n\t\t\t\t<\/h3>\n\t\t\t\t<\/div>\n\t\t\t\t<\/div>\n\t\t\t\t<div class=\"elementor-element elementor-element-0ea78b6 elementor-widget elementor-widget-text-editor\" data-id=\"0ea78b6\" data-element_type=\"widget\" data-widget_type=\"text-editor.default\">\n\t\t\t\t<div class=\"elementor-widget-container\">\n\t\t\t\t\t\t\t<ul><li><strong><span style=\"color: #000000;\">Dr. Ignacio A. Pane e\/ Carlos Antonio L\u00f3pez &#8211; <\/span><span style=\"color: #000000;\">Coronel Oviedo<\/span><\/strong><\/li><\/ul>\t\t\t\t\t\t<\/div>\n\t\t\t\t<\/div>\n\t\t\t\t<\/div>\n\t\t<div class=\"elementor-element elementor-element-581484f e-con-full e-flex e-con e-child\" data-id=\"581484f\" data-element_type=\"container\">\n\t\t\t\t<div class=\"elementor-element elementor-element-f3fc3af elementor-view-stacked elementor-shape-circle elementor-widget elementor-widget-icon\" data-id=\"f3fc3af\" data-element_type=\"widget\" data-widget_type=\"icon.default\">\n\t\t\t\t<div class=\"elementor-widget-container\">\n\t\t\t\t\t<div class=\"elementor-icon-wrapper\">\n\t\t\t<a class=\"elementor-icon\" href=\"https:\/\/fcpunk.edu.py\/\" target=\"_blank\">\n\t\t\t<i aria-hidden=\"true\" class=\"fas fa-globe-americas\"><\/i>\t\t\t<\/a>\n\t\t<\/div>\n\t\t\t\t<\/div>\n\t\t\t\t<\/div>\n\t\t\t\t<div class=\"elementor-element elementor-element-f2d134b elementor-headline--style-highlight elementor-widget elementor-widget-animated-headline\" data-id=\"f2d134b\" data-element_type=\"widget\" data-settings=\"{&quot;marker&quot;:&quot;underline&quot;,&quot;highlighted_text&quot;:&quot;PAGINA WEB&quot;,&quot;headline_style&quot;:&quot;highlight&quot;,&quot;loop&quot;:&quot;yes&quot;,&quot;highlight_animation_duration&quot;:1200,&quot;highlight_iteration_delay&quot;:8000}\" data-widget_type=\"animated-headline.default\">\n\t\t\t\t<div class=\"elementor-widget-container\">\n\t\t\t\t\t<h3 class=\"elementor-headline\">\n\t\t\t\t<span class=\"elementor-headline-dynamic-wrapper elementor-headline-text-wrapper\">\n\t\t\t\t\t<span class=\"elementor-headline-dynamic-text elementor-headline-text-active\">PAGINA WEB<\/span>\n\t\t\t\t<\/span>\n\t\t\t\t<\/h3>\n\t\t\t\t<\/div>\n\t\t\t\t<\/div>\n\t\t\t\t<div class=\"elementor-element elementor-element-7191b6e elementor-widget elementor-widget-text-editor\" data-id=\"7191b6e\" data-element_type=\"widget\" data-widget_type=\"text-editor.default\">\n\t\t\t\t<div class=\"elementor-widget-container\">\n\t\t\t\t\t\t\t<ul><li><strong><a style=\"color: #000000; text-decoration-line: underline; background-color: #eeeeee; font-family: Verdana, Arial, Helvetica, sans-serif;\" role=\"link\" href=\"https:\/\/fcpunk.edu.py\/\" rel=\"noopener\">https:\/\/fcpunk.edu.py\/<\/a><\/strong><\/li><\/ul>\t\t\t\t\t\t<\/div>\n\t\t\t\t<\/div>\n\t\t\t\t<\/div>\n\t\t\t\t\t<\/div>\n\t\t\t\t<\/div>\n\t\t\t\t<\/div>\n\t\t","protected":false},"excerpt":{"rendered":"<p>Especializaci\u00f3n en Metodolog\u00eda y T\u00e9cnicas de la Investigaci\u00f3n Cient\u00edfica Modalidad Presencial. \u00c1rea del Saber Humanidades y Filosof\u00eda.\u00a0 Duraci\u00f3n 12 meses.\u00a0 Horas 480 horas.\u00a0 T\u00edtulo Especialista en Metodolog\u00eda y T\u00e9cnicas de la Educaci\u00f3n Art\u00edstica.\u00a0 Resoluci\u00f3n N\u00b0 Res. Cones 100\/24.\u00a0 Contactos 0971 199190\u00a0 \u00a0 \u00a0 \u00a0 0985 803500 Especializaci\u00f3n en Gesti\u00f3n y Evaluaci\u00f3n de Impacto Ambiental Modalidad [&hellip;]<\/p>\n","protected":false},"author":7,"featured_media":0,"parent":0,"menu_order":0,"comment_status":"closed","ping_status":"closed","template":"template\/fullwidth.php","meta":{"footnotes":""},"class_list":["post-4888","page","type-page","status-publish","hentry"],"_links":{"self":[{"href":"https:\/\/www.unca.edu.py\/index.php?rest_route=\/wp\/v2\/pages\/4888","targetHints":{"allow":["GET"]}}],"collection":[{"href":"https:\/\/www.unca.edu.py\/index.php?rest_route=\/wp\/v2\/pages"}],"about":[{"href":"https:\/\/www.unca.edu.py\/index.php?rest_route=\/wp\/v2\/types\/page"}],"author":[{"embeddable":true,"href":"https:\/\/www.unca.edu.py\/index.php?rest_route=\/wp\/v2\/users\/7"}],"replies":[{"embeddable":true,"href":"https:\/\/www.unca.edu.py\/index.php?rest_route=%2Fwp%2Fv2%2Fcomments&post=4888"}],"version-history":[{"count":22,"href":"https:\/\/www.unca.edu.py\/index.php?rest_route=\/wp\/v2\/pages\/4888\/revisions"}],"predecessor-version":[{"id":6029,"href":"https:\/\/www.unca.edu.py\/index.php?rest_route=\/wp\/v2\/pages\/4888\/revisions\/6029"}],"wp:attachment":[{"href":"https:\/\/www.unca.edu.py\/index.php?rest_route=%2Fwp%2Fv2%2Fmedia&parent=4888"}],"curies":[{"name":"wp","href":"https:\/\/api.w.org\/{rel}","templated":true}]}}