{"id":315,"date":"2023-11-06T11:11:46","date_gmt":"2023-11-06T11:11:46","guid":{"rendered":"https:\/\/www.unca.edu.py\/web\/wordpress\/?page_id=315"},"modified":"2025-07-17T12:19:26","modified_gmt":"2025-07-17T12:19:26","slug":"resumenes-y-revistas","status":"publish","type":"page","link":"https:\/\/www.unca.edu.py\/?page_id=315","title":{"rendered":"Res\u00famenes y Revistas"},"content":{"rendered":"\t\t<div data-elementor-type=\"wp-page\" data-elementor-id=\"315\" class=\"elementor elementor-315\" data-elementor-post-type=\"page\">\n\t\t\t\t<div class=\"elementor-element elementor-element-85f550d e-flex e-con-boxed e-con e-parent\" data-id=\"85f550d\" data-element_type=\"container\">\n\t\t\t\t\t<div class=\"e-con-inner\">\n\t\t<div class=\"elementor-element elementor-element-cd88695 e-con-full e-flex e-con e-child\" data-id=\"cd88695\" data-element_type=\"container\">\n\t\t\t\t<div class=\"elementor-element elementor-element-17c8020 elementor-widget elementor-widget-image\" data-id=\"17c8020\" data-element_type=\"widget\" data-widget_type=\"image.default\">\n\t\t\t\t<div class=\"elementor-widget-container\">\n\t\t\t\t\t\t\t\t\t\t\t\t\t<img fetchpriority=\"high\" decoding=\"async\" width=\"209\" height=\"300\" src=\"data:image\/gif;base64,R0lGODlhAQABAIAAAAAAAP\/\/\/yH5BAEAAAAALAAAAAABAAEAAAIBRAA7\" data-src=\"https:\/\/www.unca.edu.py\/wp-content\/uploads\/2023\/12\/UNCA-209x300.png\" class=\"attachment-large size-large wp-image-1721 lazyload\" alt=\"\" data-srcset=\"https:\/\/www.unca.edu.py\/wp-content\/uploads\/2023\/12\/UNCA-209x300.png 209w, https:\/\/www.unca.edu.py\/wp-content\/uploads\/2023\/12\/UNCA.png 518w\" sizes=\"(max-width: 209px) 100vw, 209px\" \/><noscript><img decoding=\"async\" width=\"209\" height=\"300\" src=\"https:\/\/www.unca.edu.py\/wp-content\/uploads\/2023\/12\/UNCA-209x300.png\" class=\"attachment-large size-large wp-image-1721 lazyload\" alt=\"\" srcset=\"https:\/\/www.unca.edu.py\/wp-content\/uploads\/2023\/12\/UNCA-209x300.png 209w, https:\/\/www.unca.edu.py\/wp-content\/uploads\/2023\/12\/UNCA.png 518w\" sizes=\"(max-width: 209px) 100vw, 209px\" \/><\/noscript>\t\t\t\t\t\t\t\t\t\t\t\t\t<\/div>\n\t\t\t\t<\/div>\n\t\t\t\t<div class=\"elementor-element elementor-element-6330fc9 elementor-widget elementor-widget-heading\" data-id=\"6330fc9\" data-element_type=\"widget\" data-widget_type=\"heading.default\">\n\t\t\t\t<div class=\"elementor-widget-container\">\n\t\t\t<h6 class=\"elementor-heading-title elementor-size-default\"><a href=\"https:\/\/www.unca.edu.py\/wp-content\/uploads\/2023\/12\/I_CONGRESO_UNCA_LIBRO_RESUMENES-comprimido.pdf\" target=\"_blank\">Memorias del I Congreso Cient\u00edfico 2018<\/a><\/h6>\t\t<\/div>\n\t\t\t\t<\/div>\n\t\t\t\t<\/div>\n\t\t<div class=\"elementor-element elementor-element-2d044ec e-con-full e-flex e-con e-child\" data-id=\"2d044ec\" data-element_type=\"container\">\n\t\t\t\t<div class=\"elementor-element elementor-element-731e1aa elementor-widget elementor-widget-image\" data-id=\"731e1aa\" data-element_type=\"widget\" data-widget_type=\"image.default\">\n\t\t\t\t<div class=\"elementor-widget-container\">\n\t\t\t\t\t\t\t\t\t\t\t\t\t<img decoding=\"async\" width=\"213\" height=\"300\" src=\"data:image\/gif;base64,R0lGODlhAQABAIAAAAAAAP\/\/\/yH5BAEAAAAALAAAAAABAAEAAAIBRAA7\" data-src=\"https:\/\/www.unca.edu.py\/wp-content\/uploads\/2023\/12\/FCP-213x300.png\" class=\"attachment-large size-large wp-image-1722 lazyload\" alt=\"\" data-srcset=\"https:\/\/www.unca.edu.py\/wp-content\/uploads\/2023\/12\/FCP-213x300.png 213w, https:\/\/www.unca.edu.py\/wp-content\/uploads\/2023\/12\/FCP.png 533w\" sizes=\"(max-width: 213px) 100vw, 213px\" \/><noscript><img loading=\"lazy\" decoding=\"async\" width=\"213\" height=\"300\" src=\"https:\/\/www.unca.edu.py\/wp-content\/uploads\/2023\/12\/FCP-213x300.png\" class=\"attachment-large size-large wp-image-1722 lazyload\" alt=\"\" srcset=\"https:\/\/www.unca.edu.py\/wp-content\/uploads\/2023\/12\/FCP-213x300.png 213w, https:\/\/www.unca.edu.py\/wp-content\/uploads\/2023\/12\/FCP.png 533w\" sizes=\"(max-width: 213px) 100vw, 213px\" \/><\/noscript>\t\t\t\t\t\t\t\t\t\t\t\t\t<\/div>\n\t\t\t\t<\/div>\n\t\t\t\t<div class=\"elementor-element elementor-element-533e533 elementor-widget elementor-widget-heading\" data-id=\"533e533\" data-element_type=\"widget\" data-widget_type=\"heading.default\">\n\t\t\t\t<div class=\"elementor-widget-container\">\n\t\t\t<h6 class=\"elementor-heading-title elementor-size-default\"><a href=\"https:\/\/www.unca.edu.py\/\/wp-content\/uploads\/2023\/12\/9.-LIBRO-COMPLETO-I-CCP.pdf\" target=\"_blank\">Congreso Cient\u00edfico de la Producci\u00f3n 2019<\/a><\/h6>\t\t<\/div>\n\t\t\t\t<\/div>\n\t\t\t\t<\/div>\n\t\t<div class=\"elementor-element elementor-element-4c05d35 e-con-full e-flex e-con e-child\" data-id=\"4c05d35\" data-element_type=\"container\">\n\t\t\t\t<div class=\"elementor-element elementor-element-d426539 elementor-widget elementor-widget-image\" data-id=\"d426539\" data-element_type=\"widget\" data-widget_type=\"image.default\">\n\t\t\t\t<div class=\"elementor-widget-container\">\n\t\t\t\t\t\t\t\t\t\t\t\t\t<img loading=\"lazy\" decoding=\"async\" width=\"220\" height=\"300\" src=\"data:image\/gif;base64,R0lGODlhAQABAIAAAAAAAP\/\/\/yH5BAEAAAAALAAAAAABAAEAAAIBRAA7\" data-src=\"https:\/\/www.unca.edu.py\/wp-content\/uploads\/2023\/12\/ODONTO-220x300.png\" class=\"attachment-large size-large wp-image-1724 lazyload\" alt=\"\" data-srcset=\"https:\/\/www.unca.edu.py\/wp-content\/uploads\/2023\/12\/ODONTO-220x300.png 220w, https:\/\/www.unca.edu.py\/wp-content\/uploads\/2023\/12\/ODONTO.png 531w\" sizes=\"(max-width: 220px) 100vw, 220px\" \/><noscript><img loading=\"lazy\" decoding=\"async\" width=\"220\" height=\"300\" src=\"https:\/\/www.unca.edu.py\/wp-content\/uploads\/2023\/12\/ODONTO-220x300.png\" class=\"attachment-large size-large wp-image-1724 lazyload\" alt=\"\" srcset=\"https:\/\/www.unca.edu.py\/wp-content\/uploads\/2023\/12\/ODONTO-220x300.png 220w, https:\/\/www.unca.edu.py\/wp-content\/uploads\/2023\/12\/ODONTO.png 531w\" sizes=\"(max-width: 220px) 100vw, 220px\" \/><\/noscript>\t\t\t\t\t\t\t\t\t\t\t\t\t<\/div>\n\t\t\t\t<\/div>\n\t\t\t\t<div class=\"elementor-element elementor-element-5fd04ef elementor-widget elementor-widget-heading\" data-id=\"5fd04ef\" data-element_type=\"widget\" data-widget_type=\"heading.default\">\n\t\t\t\t<div class=\"elementor-widget-container\">\n\t\t\t<h6 class=\"elementor-heading-title elementor-size-default\"><a href=\"https:\/\/www.unca.edu.py\/\/wp-content\/uploads\/2023\/12\/Memorias-del-I-CONGRESO-VIRTUAL.pdf\" target=\"_blank\">Memorias I Congreso Virtual Odontolog\u00eda 2020<\/a><\/h6>\t\t<\/div>\n\t\t\t\t<\/div>\n\t\t\t\t<\/div>\n\t\t<div class=\"elementor-element elementor-element-301bc0a e-con-full e-flex e-con e-child\" data-id=\"301bc0a\" data-element_type=\"container\">\n\t\t\t\t<div class=\"elementor-element elementor-element-3570c36 elementor-widget elementor-widget-image\" data-id=\"3570c36\" data-element_type=\"widget\" data-widget_type=\"image.default\">\n\t\t\t\t<div class=\"elementor-widget-container\">\n\t\t\t\t\t\t\t\t\t\t\t\t\t<img loading=\"lazy\" decoding=\"async\" width=\"223\" height=\"300\" src=\"data:image\/gif;base64,R0lGODlhAQABAIAAAAAAAP\/\/\/yH5BAEAAAAALAAAAAABAAEAAAIBRAA7\" data-src=\"https:\/\/www.unca.edu.py\/wp-content\/uploads\/2023\/12\/FCSYP-223x300.png\" class=\"attachment-large size-large wp-image-1723 lazyload\" alt=\"\" data-srcset=\"https:\/\/www.unca.edu.py\/wp-content\/uploads\/2023\/12\/FCSYP-223x300.png 223w, https:\/\/www.unca.edu.py\/wp-content\/uploads\/2023\/12\/FCSYP.png 534w\" sizes=\"(max-width: 223px) 100vw, 223px\" \/><noscript><img loading=\"lazy\" decoding=\"async\" width=\"223\" height=\"300\" src=\"https:\/\/www.unca.edu.py\/wp-content\/uploads\/2023\/12\/FCSYP-223x300.png\" class=\"attachment-large size-large wp-image-1723 lazyload\" alt=\"\" srcset=\"https:\/\/www.unca.edu.py\/wp-content\/uploads\/2023\/12\/FCSYP-223x300.png 223w, https:\/\/www.unca.edu.py\/wp-content\/uploads\/2023\/12\/FCSYP.png 534w\" sizes=\"(max-width: 223px) 100vw, 223px\" \/><\/noscript>\t\t\t\t\t\t\t\t\t\t\t\t\t<\/div>\n\t\t\t\t<\/div>\n\t\t\t\t<div class=\"elementor-element elementor-element-4f73971 elementor-widget elementor-widget-heading\" data-id=\"4f73971\" data-element_type=\"widget\" data-widget_type=\"heading.default\">\n\t\t\t\t<div class=\"elementor-widget-container\">\n\t\t\t<h6 class=\"elementor-heading-title elementor-size-default\"><a href=\"https:\/\/www.unca.edu.py\/\/wp-content\/uploads\/2023\/12\/Libro-de-Resumenes-Sociales-y-Politicas-2019.pdf\" target=\"_blank\">Libro de Res\u00famenes FCSyP 2019<\/a><\/h6>\t\t<\/div>\n\t\t\t\t<\/div>\n\t\t\t\t<\/div>\n\t\t<div class=\"elementor-element elementor-element-1d2142c e-con-full e-flex e-con e-child\" data-id=\"1d2142c\" data-element_type=\"container\">\n\t\t\t\t<\/div>\n\t\t<div class=\"elementor-element elementor-element-791980a e-con-full e-flex e-con e-child\" data-id=\"791980a\" data-element_type=\"container\">\n\t\t\t\t<\/div>\n\t\t\t\t\t<\/div>\n\t\t\t\t<\/div>\n\t\t\t\t<\/div>\n\t\t","protected":false},"excerpt":{"rendered":"<p>Memorias del I Congreso Cient\u00edfico 2018 Congreso Cient\u00edfico de la Producci\u00f3n 2019 Memorias I Congreso Virtual Odontolog\u00eda 2020 Libro de Res\u00famenes FCSyP 2019<\/p>\n","protected":false},"author":1,"featured_media":0,"parent":0,"menu_order":0,"comment_status":"closed","ping_status":"closed","template":"template\/fullwidth.php","meta":{"footnotes":""},"class_list":["post-315","page","type-page","status-publish","hentry"],"_links":{"self":[{"href":"https:\/\/www.unca.edu.py\/index.php?rest_route=\/wp\/v2\/pages\/315","targetHints":{"allow":["GET"]}}],"collection":[{"href":"https:\/\/www.unca.edu.py\/index.php?rest_route=\/wp\/v2\/pages"}],"about":[{"href":"https:\/\/www.unca.edu.py\/index.php?rest_route=\/wp\/v2\/types\/page"}],"author":[{"embeddable":true,"href":"https:\/\/www.unca.edu.py\/index.php?rest_route=\/wp\/v2\/users\/1"}],"replies":[{"embeddable":true,"href":"https:\/\/www.unca.edu.py\/index.php?rest_route=%2Fwp%2Fv2%2Fcomments&post=315"}],"version-history":[{"count":30,"href":"https:\/\/www.unca.edu.py\/index.php?rest_route=\/wp\/v2\/pages\/315\/revisions"}],"predecessor-version":[{"id":2609,"href":"https:\/\/www.unca.edu.py\/index.php?rest_route=\/wp\/v2\/pages\/315\/revisions\/2609"}],"wp:attachment":[{"href":"https:\/\/www.unca.edu.py\/index.php?rest_route=%2Fwp%2Fv2%2Fmedia&parent=315"}],"curies":[{"name":"wp","href":"https:\/\/api.w.org\/{rel}","templated":true}]}}