{"id":302,"date":"2023-11-06T10:25:43","date_gmt":"2023-11-06T10:25:43","guid":{"rendered":"https:\/\/www.unca.edu.py\/web\/wordpress\/?page_id=302"},"modified":"2026-02-23T14:04:44","modified_gmt":"2026-02-23T14:04:44","slug":"arandu-poty","status":"publish","type":"page","link":"https:\/\/www.unca.edu.py\/?page_id=302","title":{"rendered":"Arandu Poty"},"content":{"rendered":"\t\t<div data-elementor-type=\"wp-page\" data-elementor-id=\"302\" class=\"elementor elementor-302\" data-elementor-post-type=\"page\">\n\t\t\t\t<div class=\"elementor-element elementor-element-a6ccefb e-flex e-con-boxed e-con e-parent\" data-id=\"a6ccefb\" data-element_type=\"container\">\n\t\t\t\t\t<div class=\"e-con-inner\">\n\t\t\t\t<div class=\"elementor-element elementor-element-7b53ada elementor-widget elementor-widget-heading\" data-id=\"7b53ada\" data-element_type=\"widget\" data-widget_type=\"heading.default\">\n\t\t\t\t<div class=\"elementor-widget-container\">\n\t\t\t<h2 class=\"elementor-heading-title elementor-size-default\">Revista Cientifica Arandu Poty<\/h2>\t\t<\/div>\n\t\t\t\t<\/div>\n\t\t\t\t\t<\/div>\n\t\t\t\t<\/div>\n\t\t<div class=\"elementor-element elementor-element-46aa0fb e-flex e-con-boxed e-con e-parent\" data-id=\"46aa0fb\" data-element_type=\"container\">\n\t\t\t\t\t<div class=\"e-con-inner\">\n\t\t\t\t<div class=\"elementor-element elementor-element-089b90a elementor-widget elementor-widget-text-editor\" data-id=\"089b90a\" data-element_type=\"widget\" data-widget_type=\"text-editor.default\">\n\t\t\t\t<div class=\"elementor-widget-container\">\n\t\t\t\t\t\t\t<p><span style=\"color: #000000;\">La revista en l\u00ednea \u00a8Arandu Poty\u00a8 es editada por la Direcci\u00f3n General de Investigaci\u00f3n del Rectorado de la Universidad Nacional de Caaguaz\u00fa, es arbitrada y su publicaci\u00f3n es de manera semestral. Est\u00e1 abierta a la comunidad cient\u00edfica en general y tiene como objeto servir como medio de comunicaci\u00f3n de resultados de estudios cient\u00edficos.<\/span><br \/><span style=\"color: #000000;\">En la revista se publican Art\u00edculos Cient\u00edficos Originales, Art\u00edculos de Revisi\u00f3n, Notas de Investigaci\u00f3n, Cartas al Editor y Editorial.<\/span><\/p>\t\t\t\t\t\t<\/div>\n\t\t\t\t<\/div>\n\t\t\t\t\t<\/div>\n\t\t\t\t<\/div>\n\t\t<div class=\"elementor-element elementor-element-700dace e-flex e-con-boxed e-con e-parent\" data-id=\"700dace\" data-element_type=\"container\">\n\t\t\t\t\t<div class=\"e-con-inner\">\n\t\t\t\t<div class=\"elementor-element elementor-element-950fe22 elementor-align-center elementor-widget elementor-widget-button\" data-id=\"950fe22\" data-element_type=\"widget\" data-widget_type=\"button.default\">\n\t\t\t\t<div class=\"elementor-widget-container\">\n\t\t\t\t\t<div class=\"elementor-button-wrapper\">\n\t\t\t<a class=\"elementor-button elementor-button-link elementor-size-md\" href=\"https:\/\/divulgacioncientifica.unca.edu.py\/index.php\/AranduPoty\">\n\t\t\t\t\t\t<span class=\"elementor-button-content-wrapper\">\n\t\t\t\t\t\t\t\t\t<span class=\"elementor-button-text\">Acceder a revista cientifica Arandu Poty<\/span>\n\t\t\t\t\t<\/span>\n\t\t\t\t\t<\/a>\n\t\t<\/div>\n\t\t\t\t<\/div>\n\t\t\t\t<\/div>\n\t\t\t\t\t<\/div>\n\t\t\t\t<\/div>\n\t\t<div class=\"elementor-element elementor-element-b8913ed e-flex e-con-boxed e-con e-parent\" data-id=\"b8913ed\" data-element_type=\"container\">\n\t\t\t\t\t<div class=\"e-con-inner\">\n\t\t<div class=\"elementor-element elementor-element-3ecfb0f e-con-full e-flex e-con e-child\" data-id=\"3ecfb0f\" data-element_type=\"container\">\n\t\t\t\t<div class=\"elementor-element elementor-element-0c240d0 elementor-widget elementor-widget-heading\" data-id=\"0c240d0\" data-element_type=\"widget\" data-widget_type=\"heading.default\">\n\t\t\t\t<div class=\"elementor-widget-container\">\n\t\t\t<h4 class=\"elementor-heading-title elementor-size-default\">Tipo de envio<\/h4>\t\t<\/div>\n\t\t\t\t<\/div>\n\t\t\t\t<div class=\"elementor-element elementor-element-aa65725 elementor-widget elementor-widget-text-editor\" data-id=\"aa65725\" data-element_type=\"widget\" data-widget_type=\"text-editor.default\">\n\t\t\t\t<div class=\"elementor-widget-container\">\n\t\t\t\t\t\t\t<ul><li><span style=\"color: #000000;\">Art\u00edculos cient\u00edficos<\/span><\/li><li><span style=\"color: #000000;\">Notas de investigaci\u00f3n<\/span><\/li><li><span style=\"color: #000000;\">Carta al editor y editorial<\/span><\/li><\/ul>\t\t\t\t\t\t<\/div>\n\t\t\t\t<\/div>\n\t\t\t\t<div class=\"elementor-element elementor-element-c119930 elementor-widget elementor-widget-heading\" data-id=\"c119930\" data-element_type=\"widget\" data-widget_type=\"heading.default\">\n\t\t\t\t<div class=\"elementor-widget-container\">\n\t\t\t<h4 class=\"elementor-heading-title elementor-size-default\">Periodos de publicaciones anuales<\/h4>\t\t<\/div>\n\t\t\t\t<\/div>\n\t\t\t\t<div class=\"elementor-element elementor-element-545f3fd elementor-widget elementor-widget-text-editor\" data-id=\"545f3fd\" data-element_type=\"widget\" data-widget_type=\"text-editor.default\">\n\t\t\t\t<div class=\"elementor-widget-container\">\n\t\t\t\t\t\t\t<ul><li><span style=\"color: #000000;\">Enero-Junio<\/span><\/li><li><span style=\"color: #000000;\">Julio-Diciembre<\/span><\/li><\/ul>\t\t\t\t\t\t<\/div>\n\t\t\t\t<\/div>\n\t\t\t\t<div class=\"elementor-element elementor-element-997a0d8 elementor-widget elementor-widget-heading\" data-id=\"997a0d8\" data-element_type=\"widget\" data-widget_type=\"heading.default\">\n\t\t\t\t<div class=\"elementor-widget-container\">\n\t\t\t<h4 class=\"elementor-heading-title elementor-size-default\">Contactos<\/h4>\t\t<\/div>\n\t\t\t\t<\/div>\n\t\t\t\t<div class=\"elementor-element elementor-element-c66a097 elementor-widget elementor-widget-text-editor\" data-id=\"c66a097\" data-element_type=\"widget\" data-widget_type=\"text-editor.default\">\n\t\t\t\t<div class=\"elementor-widget-container\">\n\t\t\t\t\t\t\t<p><span style=\"color: #000000;\">investigacion@unca.edu.py<\/span><\/p>\t\t\t\t\t\t<\/div>\n\t\t\t\t<\/div>\n\t\t\t\t<\/div>\n\t\t<div class=\"elementor-element elementor-element-202b8f4 e-con-full e-flex e-con e-child\" data-id=\"202b8f4\" data-element_type=\"container\">\n\t\t\t\t<div class=\"elementor-element elementor-element-29146dc elementor-widget elementor-widget-image\" data-id=\"29146dc\" data-element_type=\"widget\" data-widget_type=\"image.default\">\n\t\t\t\t<div class=\"elementor-widget-container\">\n\t\t\t\t\t\t\t\t\t\t\t\t\t\t<a href=\"https:\/\/divulgacioncientifica.unca.edu.py\/index.php\/AranduPoty\/issue\/view\/12\">\n\t\t\t\t\t\t\t<img fetchpriority=\"high\" decoding=\"async\" width=\"1793\" height=\"2560\" src=\"data:image\/gif;base64,R0lGODlhAQABAIAAAAAAAP\/\/\/yH5BAEAAAAALAAAAAABAAEAAAIBRAA7\" data-src=\"https:\/\/www.unca.edu.py\/wp-content\/uploads\/2025\/12\/cover_issue_12_es_ES-scaled.png\" class=\"attachment-full size-full wp-image-7147 lazyload\" alt=\"\" data-srcset=\"https:\/\/www.unca.edu.py\/wp-content\/uploads\/2025\/12\/cover_issue_12_es_ES-scaled.png 1793w, https:\/\/www.unca.edu.py\/wp-content\/uploads\/2025\/12\/cover_issue_12_es_ES-210x300.png 210w, https:\/\/www.unca.edu.py\/wp-content\/uploads\/2025\/12\/cover_issue_12_es_ES-768x1097.png 768w, https:\/\/www.unca.edu.py\/wp-content\/uploads\/2025\/12\/cover_issue_12_es_ES-1076x1536.png 1076w, https:\/\/www.unca.edu.py\/wp-content\/uploads\/2025\/12\/cover_issue_12_es_ES-1434x2048.png 1434w\" sizes=\"(max-width: 1793px) 100vw, 1793px\" \/><noscript><img decoding=\"async\" width=\"1793\" height=\"2560\" src=\"https:\/\/www.unca.edu.py\/wp-content\/uploads\/2025\/12\/cover_issue_12_es_ES-scaled.png\" class=\"attachment-full size-full wp-image-7147 lazyload\" alt=\"\" srcset=\"https:\/\/www.unca.edu.py\/wp-content\/uploads\/2025\/12\/cover_issue_12_es_ES-scaled.png 1793w, https:\/\/www.unca.edu.py\/wp-content\/uploads\/2025\/12\/cover_issue_12_es_ES-210x300.png 210w, https:\/\/www.unca.edu.py\/wp-content\/uploads\/2025\/12\/cover_issue_12_es_ES-768x1097.png 768w, https:\/\/www.unca.edu.py\/wp-content\/uploads\/2025\/12\/cover_issue_12_es_ES-1076x1536.png 1076w, https:\/\/www.unca.edu.py\/wp-content\/uploads\/2025\/12\/cover_issue_12_es_ES-1434x2048.png 1434w\" sizes=\"(max-width: 1793px) 100vw, 1793px\" \/><\/noscript>\t\t\t\t\t\t\t\t<\/a>\n\t\t\t\t\t\t\t\t\t\t\t\t\t<\/div>\n\t\t\t\t<\/div>\n\t\t\t\t<div class=\"elementor-element elementor-element-bb9e2e3 elementor-widget elementor-widget-text-editor\" data-id=\"bb9e2e3\" data-element_type=\"widget\" data-widget_type=\"text-editor.default\">\n\t\t\t\t<div class=\"elementor-widget-container\">\n\t\t\t\t\t\t\t<p style=\"text-align: center;\"><span style=\"color: #000000;\">REVISTA CIENTIFICA \u00abARANDU POTY\u00bb VOLUMEN 4, NUMERO 1 &#8211; 2025<\/span><\/p>\t\t\t\t\t\t<\/div>\n\t\t\t\t<\/div>\n\t\t\t\t<\/div>\n\t\t<div class=\"elementor-element elementor-element-ad6d50c e-con-full e-flex e-con e-child\" data-id=\"ad6d50c\" data-element_type=\"container\">\n\t\t\t\t<div class=\"elementor-element elementor-element-c79e711 elementor-widget elementor-widget-image\" data-id=\"c79e711\" data-element_type=\"widget\" data-widget_type=\"image.default\">\n\t\t\t\t<div class=\"elementor-widget-container\">\n\t\t\t\t\t\t\t\t\t\t\t\t\t\t<a href=\"https:\/\/divulgacioncientifica.unca.edu.py\/index.php\/AranduPoty\">\n\t\t\t\t\t\t\t<img decoding=\"async\" width=\"1810\" height=\"2560\" src=\"data:image\/gif;base64,R0lGODlhAQABAIAAAAAAAP\/\/\/yH5BAEAAAAALAAAAAABAAEAAAIBRAA7\" data-src=\"https:\/\/www.unca.edu.py\/wp-content\/uploads\/2024\/08\/Revista-Arandu-Poty.jpeg\" class=\"attachment-full size-full wp-image-4672 lazyload\" alt=\"\" data-srcset=\"https:\/\/www.unca.edu.py\/wp-content\/uploads\/2024\/08\/Revista-Arandu-Poty.jpeg 1810w, https:\/\/www.unca.edu.py\/wp-content\/uploads\/2024\/08\/Revista-Arandu-Poty-212x300.jpeg 212w, https:\/\/www.unca.edu.py\/wp-content\/uploads\/2024\/08\/Revista-Arandu-Poty-768x1086.jpeg 768w, https:\/\/www.unca.edu.py\/wp-content\/uploads\/2024\/08\/Revista-Arandu-Poty-1086x1536.jpeg 1086w, https:\/\/www.unca.edu.py\/wp-content\/uploads\/2024\/08\/Revista-Arandu-Poty-1448x2048.jpeg 1448w\" sizes=\"(max-width: 1810px) 100vw, 1810px\" \/><noscript><img loading=\"lazy\" decoding=\"async\" width=\"1810\" height=\"2560\" src=\"https:\/\/www.unca.edu.py\/wp-content\/uploads\/2024\/08\/Revista-Arandu-Poty.jpeg\" class=\"attachment-full size-full wp-image-4672 lazyload\" alt=\"\" srcset=\"https:\/\/www.unca.edu.py\/wp-content\/uploads\/2024\/08\/Revista-Arandu-Poty.jpeg 1810w, https:\/\/www.unca.edu.py\/wp-content\/uploads\/2024\/08\/Revista-Arandu-Poty-212x300.jpeg 212w, https:\/\/www.unca.edu.py\/wp-content\/uploads\/2024\/08\/Revista-Arandu-Poty-768x1086.jpeg 768w, https:\/\/www.unca.edu.py\/wp-content\/uploads\/2024\/08\/Revista-Arandu-Poty-1086x1536.jpeg 1086w, https:\/\/www.unca.edu.py\/wp-content\/uploads\/2024\/08\/Revista-Arandu-Poty-1448x2048.jpeg 1448w\" sizes=\"(max-width: 1810px) 100vw, 1810px\" \/><\/noscript>\t\t\t\t\t\t\t\t<\/a>\n\t\t\t\t\t\t\t\t\t\t\t\t\t<\/div>\n\t\t\t\t<\/div>\n\t\t\t\t<div class=\"elementor-element elementor-element-aa3dad8 elementor-widget elementor-widget-text-editor\" data-id=\"aa3dad8\" data-element_type=\"widget\" data-widget_type=\"text-editor.default\">\n\t\t\t\t<div class=\"elementor-widget-container\">\n\t\t\t\t\t\t\t<p style=\"text-align: center;\"><span style=\"color: #000000;\">REVISTA CIENTIFICA \u00abARANDU POTY\u00bb VOLUMEN 3, NUMERO 1 &#8211; 2024<\/span><\/p>\t\t\t\t\t\t<\/div>\n\t\t\t\t<\/div>\n\t\t\t\t<\/div>\n\t\t\t\t\t<\/div>\n\t\t\t\t<\/div>\n\t\t<div class=\"elementor-element elementor-element-df73d29 e-flex e-con-boxed e-con e-parent\" data-id=\"df73d29\" data-element_type=\"container\">\n\t\t\t\t\t<div class=\"e-con-inner\">\n\t\t\t\t<div class=\"elementor-element elementor-element-333cf1e elementor-widget elementor-widget-heading\" data-id=\"333cf1e\" data-element_type=\"widget\" data-widget_type=\"heading.default\">\n\t\t\t\t<div class=\"elementor-widget-container\">\n\t\t\t<h2 class=\"elementor-heading-title elementor-size-default\">Directrices de la Revista Cientifica Arandu Poty<\/h2>\t\t<\/div>\n\t\t\t\t<\/div>\n\t\t\t\t\t<\/div>\n\t\t\t\t<\/div>\n\t\t<div class=\"elementor-element elementor-element-6b2e710 e-flex e-con-boxed e-con e-parent\" data-id=\"6b2e710\" data-element_type=\"container\">\n\t\t\t\t\t<div class=\"e-con-inner\">\n\t\t<div class=\"elementor-element elementor-element-62cbc07 e-con-full e-flex e-con e-child\" data-id=\"62cbc07\" data-element_type=\"container\">\n\t\t\t\t<div class=\"elementor-element elementor-element-d46bdfa elementor-view-default elementor-position-top elementor-mobile-position-top elementor-widget elementor-widget-icon-box\" data-id=\"d46bdfa\" data-element_type=\"widget\" data-widget_type=\"icon-box.default\">\n\t\t\t\t<div class=\"elementor-widget-container\">\n\t\t\t\t\t<div class=\"elementor-icon-box-wrapper\">\n\n\t\t\t\t\t\t<div class=\"elementor-icon-box-icon\">\n\t\t\t\t<a href=\"https:\/\/www.unca.edu.py\/\/wp-content\/uploads\/2023\/11\/Directrices-para-autores.pdf\" class=\"elementor-icon elementor-animation-\" tabindex=\"-1\">\n\t\t\t\t<i aria-hidden=\"true\" class=\"fas fa-download\"><\/i>\t\t\t\t<\/a>\n\t\t\t<\/div>\n\t\t\t\n\t\t\t\t\t\t<div class=\"elementor-icon-box-content\">\n\n\t\t\t\t\t\t\t\t\t<h3 class=\"elementor-icon-box-title\">\n\t\t\t\t\t\t<a href=\"https:\/\/www.unca.edu.py\/\/wp-content\/uploads\/2023\/11\/Directrices-para-autores.pdf\" >\n\t\t\t\t\t\t\tDirectrices para autores\t\t\t\t\t\t<\/a>\n\t\t\t\t\t<\/h3>\n\t\t\t\t\n\t\t\t\t\n\t\t\t<\/div>\n\t\t\t\n\t\t<\/div>\n\t\t\t\t<\/div>\n\t\t\t\t<\/div>\n\t\t\t\t<\/div>\n\t\t<div class=\"elementor-element elementor-element-8e06a10 e-con-full e-flex e-con e-child\" data-id=\"8e06a10\" data-element_type=\"container\">\n\t\t\t\t<div class=\"elementor-element elementor-element-0dd4014 elementor-view-default elementor-position-top elementor-mobile-position-top elementor-widget elementor-widget-icon-box\" data-id=\"0dd4014\" data-element_type=\"widget\" data-widget_type=\"icon-box.default\">\n\t\t\t\t<div class=\"elementor-widget-container\">\n\t\t\t\t\t<div class=\"elementor-icon-box-wrapper\">\n\n\t\t\t\t\t\t<div class=\"elementor-icon-box-icon\">\n\t\t\t\t<a href=\"https:\/\/www.unca.edu.py\/wp-content\/uploads\/2024\/01\/Carta-del-autor.docx\" class=\"elementor-icon elementor-animation-\" tabindex=\"-1\">\n\t\t\t\t<i aria-hidden=\"true\" class=\"fas fa-download\"><\/i>\t\t\t\t<\/a>\n\t\t\t<\/div>\n\t\t\t\n\t\t\t\t\t\t<div class=\"elementor-icon-box-content\">\n\n\t\t\t\t\t\t\t\t\t<h3 class=\"elementor-icon-box-title\">\n\t\t\t\t\t\t<a href=\"https:\/\/www.unca.edu.py\/wp-content\/uploads\/2024\/01\/Carta-del-autor.docx\" >\n\t\t\t\t\t\t\tCarta de autor\t\t\t\t\t\t<\/a>\n\t\t\t\t\t<\/h3>\n\t\t\t\t\n\t\t\t\t\n\t\t\t<\/div>\n\t\t\t\n\t\t<\/div>\n\t\t\t\t<\/div>\n\t\t\t\t<\/div>\n\t\t\t\t<\/div>\n\t\t\t\t\t<\/div>\n\t\t\t\t<\/div>\n\t\t\t\t<\/div>\n\t\t","protected":false},"excerpt":{"rendered":"<p>Revista Cientifica Arandu Poty La revista en l\u00ednea \u00a8Arandu Poty\u00a8 es editada por la Direcci\u00f3n General de Investigaci\u00f3n del Rectorado de la Universidad Nacional de Caaguaz\u00fa, es arbitrada y su publicaci\u00f3n es de manera semestral. Est\u00e1 abierta a la comunidad cient\u00edfica en general y tiene como objeto servir como medio de comunicaci\u00f3n de resultados de [&hellip;]<\/p>\n","protected":false},"author":1,"featured_media":0,"parent":0,"menu_order":0,"comment_status":"closed","ping_status":"closed","template":"template\/fullwidth.php","meta":{"footnotes":""},"class_list":["post-302","page","type-page","status-publish","hentry"],"_links":{"self":[{"href":"https:\/\/www.unca.edu.py\/index.php?rest_route=\/wp\/v2\/pages\/302","targetHints":{"allow":["GET"]}}],"collection":[{"href":"https:\/\/www.unca.edu.py\/index.php?rest_route=\/wp\/v2\/pages"}],"about":[{"href":"https:\/\/www.unca.edu.py\/index.php?rest_route=\/wp\/v2\/types\/page"}],"author":[{"embeddable":true,"href":"https:\/\/www.unca.edu.py\/index.php?rest_route=\/wp\/v2\/users\/1"}],"replies":[{"embeddable":true,"href":"https:\/\/www.unca.edu.py\/index.php?rest_route=%2Fwp%2Fv2%2Fcomments&post=302"}],"version-history":[{"count":51,"href":"https:\/\/www.unca.edu.py\/index.php?rest_route=\/wp\/v2\/pages\/302\/revisions"}],"predecessor-version":[{"id":8290,"href":"https:\/\/www.unca.edu.py\/index.php?rest_route=\/wp\/v2\/pages\/302\/revisions\/8290"}],"wp:attachment":[{"href":"https:\/\/www.unca.edu.py\/index.php?rest_route=%2Fwp%2Fv2%2Fmedia&parent=302"}],"curies":[{"name":"wp","href":"https:\/\/api.w.org\/{rel}","templated":true}]}}