{"id":193,"date":"2023-10-31T10:44:08","date_gmt":"2023-10-31T10:44:08","guid":{"rendered":"https:\/\/www.unca.edu.py\/web\/wordpress\/?page_id=193"},"modified":"2025-07-15T14:03:35","modified_gmt":"2025-07-15T14:03:35","slug":"pilares-misionales","status":"publish","type":"page","link":"https:\/\/www.unca.edu.py\/?page_id=193","title":{"rendered":"Pilares Misionales"},"content":{"rendered":"\t\t<div data-elementor-type=\"wp-page\" data-elementor-id=\"193\" class=\"elementor elementor-193\" data-elementor-post-type=\"page\">\n\t\t\t\t<div class=\"elementor-element elementor-element-561b94d7 e-flex e-con-boxed e-con e-parent\" data-id=\"561b94d7\" data-element_type=\"container\">\n\t\t\t\t\t<div class=\"e-con-inner\">\n\t\t\t\t<div class=\"elementor-element elementor-element-cff207c elementor-view-default elementor-widget elementor-widget-icon\" data-id=\"cff207c\" data-element_type=\"widget\" data-widget_type=\"icon.default\">\n\t\t\t\t<div class=\"elementor-widget-container\">\n\t\t\t\t\t<div class=\"elementor-icon-wrapper\">\n\t\t\t<div class=\"elementor-icon\">\n\t\t\t<i aria-hidden=\"true\" class=\"fas fa-graduation-cap\"><\/i>\t\t\t<\/div>\n\t\t<\/div>\n\t\t\t\t<\/div>\n\t\t\t\t<\/div>\n\t\t\t\t<div class=\"elementor-element elementor-element-5e02270b elementor-widget elementor-widget-text-editor\" data-id=\"5e02270b\" data-element_type=\"widget\" data-widget_type=\"text-editor.default\">\n\t\t\t\t<div class=\"elementor-widget-container\">\n\t\t\t\t\t\t\t<h2 style=\"text-align: center;\"><span style=\"color: #940909;\">ACADEMIA<\/span><\/h2><ul><li><span style=\"color: #000000;\">Lograr la calidad acad\u00e9mica de acuerdo a los est\u00e1ndares nacionales e internacionales.<\/span><\/li><li><span style=\"color: #000000;\">Lograr la consolidaci\u00f3n del sistema acad\u00e9mico.<\/span><\/li><li><span style=\"color: #000000;\">Propiciar el intercambio y movilidad acad\u00e9mica y cient\u00edfica de docentes, funcionarios y estudiantes para la mejora proceso ense\u00f1anza aprendizaje.<\/span><\/li><\/ul><hr \/><p>\u00a0<\/p>\t\t\t\t\t\t<\/div>\n\t\t\t\t<\/div>\n\t\t\t\t<div class=\"elementor-element elementor-element-5f1217d elementor-view-default elementor-widget elementor-widget-icon\" data-id=\"5f1217d\" data-element_type=\"widget\" data-widget_type=\"icon.default\">\n\t\t\t\t<div class=\"elementor-widget-container\">\n\t\t\t\t\t<div class=\"elementor-icon-wrapper\">\n\t\t\t<div class=\"elementor-icon\">\n\t\t\t<i aria-hidden=\"true\" class=\"fas fa-search\"><\/i>\t\t\t<\/div>\n\t\t<\/div>\n\t\t\t\t<\/div>\n\t\t\t\t<\/div>\n\t\t\t\t<div class=\"elementor-element elementor-element-956adf3 elementor-widget elementor-widget-text-editor\" data-id=\"956adf3\" data-element_type=\"widget\" data-widget_type=\"text-editor.default\">\n\t\t\t\t<div class=\"elementor-widget-container\">\n\t\t\t\t\t\t\t<h2 style=\"text-align: center;\"><span style=\"color: #940909;\">INVESTIGACI\u00d3N<\/span><\/h2><ul><li><span style=\"color: #000000;\">Desarrollar la investigaci\u00f3n en la Universidad Nacional de Caaguaz\u00fa, atendiendo a las necesidades prioritarias y emergentes, a nivel regional, nacional e internacional.<\/span><\/li><li><span style=\"color: #000000;\">Instituir un programa de capacitaci\u00f3n permanente para investigadores de la universidad.<\/span><\/li><li><span style=\"color: #000000;\">Difundir los resultados de los trabajos cient\u00edficos en la Universidad Nacional de Caaguaz\u00fa.<\/span><\/li><li><span style=\"color: #000000;\">Establecer las estructuras necesarias para el registro de la propiedad intelectual, industrial y la transferencia de tecnolog\u00eda.<\/span><hr \/><\/li><\/ul>\t\t\t\t\t\t<\/div>\n\t\t\t\t<\/div>\n\t\t\t\t<div class=\"elementor-element elementor-element-965c228 elementor-view-default elementor-widget elementor-widget-icon\" data-id=\"965c228\" data-element_type=\"widget\" data-widget_type=\"icon.default\">\n\t\t\t\t<div class=\"elementor-widget-container\">\n\t\t\t\t\t<div class=\"elementor-icon-wrapper\">\n\t\t\t<div class=\"elementor-icon\">\n\t\t\t<i aria-hidden=\"true\" class=\"fas fa-praying-hands\"><\/i>\t\t\t<\/div>\n\t\t<\/div>\n\t\t\t\t<\/div>\n\t\t\t\t<\/div>\n\t\t\t\t<div class=\"elementor-element elementor-element-4dab741 elementor-widget elementor-widget-text-editor\" data-id=\"4dab741\" data-element_type=\"widget\" data-widget_type=\"text-editor.default\">\n\t\t\t\t<div class=\"elementor-widget-container\">\n\t\t\t\t\t\t\t<h2 style=\"text-align: center;\"><span style=\"color: #940909;\">EXTENSI\u00d3N UNIVERSITARIA<\/span><\/h2><ul><li><span style=\"color: #000000;\">Desarrollar las acciones tendientes a mejorar la calidad de vida de los departamentos de Caaguaz\u00fa, San Pedro y Caazap\u00e1.<\/span><\/li><li><span style=\"color: #000000;\">Fortalecer la extensi\u00f3n universitaria integrada a la academia, la investigaci\u00f3n y el desarrollo.<\/span><\/li><li><span style=\"color: #000000;\">Desarrollar trabajos sociales intra universidad enfatizando el bienestar estudiantil.<\/span><\/li><li><span style=\"color: #000000;\">Desarrollar un programa de seguimiento a egresados de la Universidad Nacional de Caaguaz\u00fa.<\/span><\/li><\/ul><hr \/><p>\u00a0<\/p>\t\t\t\t\t\t<\/div>\n\t\t\t\t<\/div>\n\t\t\t\t\t<\/div>\n\t\t\t\t<\/div>\n\t\t\t\t<\/div>\n\t\t","protected":false},"excerpt":{"rendered":"<p>ACADEMIA Lograr la calidad acad\u00e9mica de acuerdo a los est\u00e1ndares nacionales e internacionales. Lograr la consolidaci\u00f3n del sistema acad\u00e9mico. Propiciar el intercambio y movilidad acad\u00e9mica y cient\u00edfica de docentes, funcionarios y estudiantes para la mejora proceso ense\u00f1anza aprendizaje. \u00a0 INVESTIGACI\u00d3N Desarrollar la investigaci\u00f3n en la Universidad Nacional de Caaguaz\u00fa, atendiendo a las necesidades prioritarias y [&hellip;]<\/p>\n","protected":false},"author":7,"featured_media":0,"parent":0,"menu_order":0,"comment_status":"closed","ping_status":"closed","template":"template\/fullwidth.php","meta":{"footnotes":""},"class_list":["post-193","page","type-page","status-publish","hentry"],"_links":{"self":[{"href":"https:\/\/www.unca.edu.py\/index.php?rest_route=\/wp\/v2\/pages\/193","targetHints":{"allow":["GET"]}}],"collection":[{"href":"https:\/\/www.unca.edu.py\/index.php?rest_route=\/wp\/v2\/pages"}],"about":[{"href":"https:\/\/www.unca.edu.py\/index.php?rest_route=\/wp\/v2\/types\/page"}],"author":[{"embeddable":true,"href":"https:\/\/www.unca.edu.py\/index.php?rest_route=\/wp\/v2\/users\/7"}],"replies":[{"embeddable":true,"href":"https:\/\/www.unca.edu.py\/index.php?rest_route=%2Fwp%2Fv2%2Fcomments&post=193"}],"version-history":[{"count":21,"href":"https:\/\/www.unca.edu.py\/index.php?rest_route=\/wp\/v2\/pages\/193\/revisions"}],"predecessor-version":[{"id":6049,"href":"https:\/\/www.unca.edu.py\/index.php?rest_route=\/wp\/v2\/pages\/193\/revisions\/6049"}],"wp:attachment":[{"href":"https:\/\/www.unca.edu.py\/index.php?rest_route=%2Fwp%2Fv2%2Fmedia&parent=193"}],"curies":[{"name":"wp","href":"https:\/\/api.w.org\/{rel}","templated":true}]}}