{"id":187,"date":"2023-10-31T10:21:33","date_gmt":"2023-10-31T10:21:33","guid":{"rendered":"https:\/\/www.unca.edu.py\/web\/wordpress\/?page_id=187"},"modified":"2025-07-15T14:04:22","modified_gmt":"2025-07-15T14:04:22","slug":"mision-y-vision","status":"publish","type":"page","link":"https:\/\/www.unca.edu.py\/?page_id=187","title":{"rendered":"Misi\u00f3n y Visi\u00f3n"},"content":{"rendered":"\t\t<div data-elementor-type=\"wp-page\" data-elementor-id=\"187\" class=\"elementor elementor-187\" data-elementor-post-type=\"page\">\n\t\t\t\t\t\t<section class=\"elementor-section elementor-top-section elementor-element elementor-element-5ca95ac elementor-section-boxed elementor-section-height-default elementor-section-height-default\" data-id=\"5ca95ac\" data-element_type=\"section\">\n\t\t\t\t\t\t<div class=\"elementor-container elementor-column-gap-default\">\n\t\t\t\t\t<div class=\"elementor-column elementor-col-100 elementor-top-column elementor-element elementor-element-d6dabac\" data-id=\"d6dabac\" data-element_type=\"column\">\n\t\t\t<div class=\"elementor-widget-wrap elementor-element-populated\">\n\t\t\t\t\t\t<div class=\"elementor-element elementor-element-9ee49fa elementor-view-default elementor-widget elementor-widget-icon\" data-id=\"9ee49fa\" data-element_type=\"widget\" data-widget_type=\"icon.default\">\n\t\t\t\t<div class=\"elementor-widget-container\">\n\t\t\t\t\t<div class=\"elementor-icon-wrapper\">\n\t\t\t<div class=\"elementor-icon\">\n\t\t\t<i aria-hidden=\"true\" class=\"fas fa-scroll\"><\/i>\t\t\t<\/div>\n\t\t<\/div>\n\t\t\t\t<\/div>\n\t\t\t\t<\/div>\n\t\t\t\t<section class=\"elementor-section elementor-inner-section elementor-element elementor-element-1caabff elementor-section-boxed elementor-section-height-default elementor-section-height-default\" data-id=\"1caabff\" data-element_type=\"section\">\n\t\t\t\t\t\t<div class=\"elementor-container elementor-column-gap-default\">\n\t\t\t\t\t<div class=\"elementor-column elementor-col-100 elementor-inner-column elementor-element elementor-element-ef856b8\" data-id=\"ef856b8\" data-element_type=\"column\">\n\t\t\t<div class=\"elementor-widget-wrap elementor-element-populated\">\n\t\t\t\t\t\t<div class=\"elementor-element elementor-element-c4b69b7 elementor-widget elementor-widget-text-editor\" data-id=\"c4b69b7\" data-element_type=\"widget\" data-widget_type=\"text-editor.default\">\n\t\t\t\t<div class=\"elementor-widget-container\">\n\t\t\t\t\t\t\t<h2 style=\"text-align: center;\"><span style=\"color: #000000;\">Misi\u00f3n<\/span><\/h2><div style=\"text-align: center;\"><span style=\"color: #000000;\">\u00a0Formar profesionales competentes en las distintas \u00e1reas del conocimiento a trav\u00e9s de la academia, la investigaci\u00f3n cient\u00edfica y la extensi\u00f3n universitaria, integrada a la comunidad nacional e internacional y comprometida con el desarrollo sostenible, constituy\u00e9ndose en una Universidad respuesta para los habitantes de la regi\u00f3n y del pa\u00eds.<\/span><\/div>\t\t\t\t\t\t<\/div>\n\t\t\t\t<\/div>\n\t\t\t\t\t<\/div>\n\t\t<\/div>\n\t\t\t\t\t<\/div>\n\t\t<\/section>\n\t\t\t\t\t<\/div>\n\t\t<\/div>\n\t\t\t\t\t<\/div>\n\t\t<\/section>\n\t\t\t\t<section class=\"elementor-section elementor-top-section elementor-element elementor-element-7084e71 elementor-section-boxed elementor-section-height-default elementor-section-height-default\" data-id=\"7084e71\" data-element_type=\"section\">\n\t\t\t\t\t\t<div class=\"elementor-container elementor-column-gap-default\">\n\t\t\t\t\t<div class=\"elementor-column elementor-col-100 elementor-top-column elementor-element elementor-element-1bca8f7\" data-id=\"1bca8f7\" data-element_type=\"column\">\n\t\t\t<div class=\"elementor-widget-wrap elementor-element-populated\">\n\t\t\t\t\t\t<div class=\"elementor-element elementor-element-597f8d8 elementor-view-default elementor-widget elementor-widget-icon\" data-id=\"597f8d8\" data-element_type=\"widget\" data-widget_type=\"icon.default\">\n\t\t\t\t<div class=\"elementor-widget-container\">\n\t\t\t\t\t<div class=\"elementor-icon-wrapper\">\n\t\t\t<div class=\"elementor-icon\">\n\t\t\t<i aria-hidden=\"true\" class=\"fas fa-binoculars\"><\/i>\t\t\t<\/div>\n\t\t<\/div>\n\t\t\t\t<\/div>\n\t\t\t\t<\/div>\n\t\t\t\t<section class=\"elementor-section elementor-inner-section elementor-element elementor-element-134031a elementor-section-boxed elementor-section-height-default elementor-section-height-default\" data-id=\"134031a\" data-element_type=\"section\">\n\t\t\t\t\t\t<div class=\"elementor-container elementor-column-gap-default\">\n\t\t\t\t\t<div class=\"elementor-column elementor-col-100 elementor-inner-column elementor-element elementor-element-a69a74d\" data-id=\"a69a74d\" data-element_type=\"column\">\n\t\t\t<div class=\"elementor-widget-wrap elementor-element-populated\">\n\t\t\t\t\t\t<div class=\"elementor-element elementor-element-c0f004c elementor-widget elementor-widget-text-editor\" data-id=\"c0f004c\" data-element_type=\"widget\" data-widget_type=\"text-editor.default\">\n\t\t\t\t<div class=\"elementor-widget-container\">\n\t\t\t\t\t\t\t<h2 style=\"text-align: center;\"><span style=\"color: #000000;\"><strong>Visi\u00f3n<\/strong><\/span><\/h2><p style=\"text-align: center;\"><span style=\"color: #000000;\">Ser una Instituci\u00f3n de Educaci\u00f3n Superior de referencia a nivel nacional e internacional, generadora de transformaciones sociales, humanizante, cient\u00edficas y tecnol\u00f3gicas, con valores y liderazgos positivos.<\/span><\/p>\t\t\t\t\t\t<\/div>\n\t\t\t\t<\/div>\n\t\t\t\t\t<\/div>\n\t\t<\/div>\n\t\t\t\t\t<\/div>\n\t\t<\/section>\n\t\t\t\t\t<\/div>\n\t\t<\/div>\n\t\t\t\t\t<\/div>\n\t\t<\/section>\n\t\t\t\t<section class=\"elementor-section elementor-top-section elementor-element elementor-element-449709f elementor-section-boxed elementor-section-height-default elementor-section-height-default\" data-id=\"449709f\" data-element_type=\"section\">\n\t\t\t\t\t\t<div class=\"elementor-container elementor-column-gap-default\">\n\t\t\t\t\t<div class=\"elementor-column elementor-col-100 elementor-top-column elementor-element elementor-element-ebe2a74\" data-id=\"ebe2a74\" data-element_type=\"column\">\n\t\t\t<div class=\"elementor-widget-wrap elementor-element-populated\">\n\t\t\t\t\t\t<div class=\"elementor-element elementor-element-f66f481 elementor-view-default elementor-widget elementor-widget-icon\" data-id=\"f66f481\" data-element_type=\"widget\" data-widget_type=\"icon.default\">\n\t\t\t\t<div class=\"elementor-widget-container\">\n\t\t\t\t\t<div class=\"elementor-icon-wrapper\">\n\t\t\t<div class=\"elementor-icon\">\n\t\t\t<i aria-hidden=\"true\" class=\"fas fa-hand-holding-heart\"><\/i>\t\t\t<\/div>\n\t\t<\/div>\n\t\t\t\t<\/div>\n\t\t\t\t<\/div>\n\t\t\t\t<div class=\"elementor-element elementor-element-6442cf0 elementor-widget elementor-widget-text-editor\" data-id=\"6442cf0\" data-element_type=\"widget\" data-widget_type=\"text-editor.default\">\n\t\t\t\t<div class=\"elementor-widget-container\">\n\t\t\t\t\t\t\t<h2 class=\"text-bgcolor-site-color\" style=\"text-align: center;\"><span style=\"color: #000000;\">Valores Institucionales<\/span><\/h2><h4 style=\"text-align: center;\"><span style=\"color: #800000;\"><strong>AMOR<\/strong><\/span><\/h4><p style=\"text-align: center;\"><span style=\"color: #000000;\"><strong>Definici\u00f3n Formal<\/strong><\/span><\/p><p><span style=\"color: #000000;\">Parte fundamental de todo accionar de las personas, que fomenta la conexi\u00f3n humana en un ambiente de respeto y aceptaci\u00f3n, que promueva el \u00edmpetu por el cumplimiento de los prop\u00f3sitos institucionales.<\/span><\/p><p style=\"text-align: center;\"><strong><span style=\"color: #000000;\">Definici\u00f3n operacional<\/span><\/strong><\/p><p><span style=\"color: #000000;\">Creamos un ambiente emp\u00e1tico, solidario, de respeto y apoyo para la comunidad educativa; donde se pueda desarrollar el potencial al m\u00e1ximo y convertirse en ciudadanos comprometidos con el bienestar de la sociedad.<\/span><\/p><h4 style=\"text-align: center;\"><span style=\"color: #800000;\"><strong>LIBERTAD<\/strong><\/span><\/h4><p style=\"text-align: center;\"><span style=\"color: #000000;\"><strong>Definici\u00f3n Formal<\/strong><\/span><\/p><p><span style=\"color: #000000;\">Facultad que se disfruta en las personas e instituciones bien gobernadas, de hacer y decir, en cu\u00e1nto no se oponga a las leyes ni a las buenas costumbres.<\/span><\/p><p style=\"text-align: center;\"><strong><span style=\"color: #000000;\">Definici\u00f3n operacional<\/span><\/strong><\/p><p><span style=\"color: #000000;\">Somos parte de la toma de decisi\u00f3n, con voluntad, autonom\u00eda e independencia para la gesti\u00f3n de nuestra Instituci\u00f3n, teniendo en cuenta las normativas vigentes.<\/span><\/p><h4 style=\"text-align: center;\"><span style=\"color: #800000;\"><strong>RESPONSABILIDAD<\/strong><\/span><\/h4><p style=\"text-align: center;\"><span style=\"color: #000000;\"><strong>Definici\u00f3n Formal<\/strong><\/span><\/p><p><span style=\"color: #000000;\">\u00a0Obligaci\u00f3n moral, \u00e9tica y legal de asumir las consecuencias de nuestras acciones, decisiones y omisiones, y de rendir cuentas por ellas ante nosotros mismos, ante los dem\u00e1s y ante la sociedad en general.<\/span><\/p><p style=\"font-weight: 400; text-align: center;\"><span style=\"color: #000000;\"><strong>Definici\u00f3n operacional<\/strong><\/span><\/p><p style=\"font-weight: 400;\"><span style=\"color: #000000;\">Garantizamos el logro eficiente de la misi\u00f3n, visi\u00f3n y objetivos institucionales; asumimos las consecuencias morales, \u00e9ticas y legales de nuestras acciones enmarcadas en las normativas vigentes.<\/span><\/p><h4 style=\"text-align: center;\"><span style=\"color: #800000;\"><strong>CALIDAD<\/strong><\/span><\/h4><p style=\"text-align: center;\"><span style=\"color: #000000;\"><strong>Definici\u00f3n Formal<\/strong><\/span><\/p><p><span style=\"color: #000000;\">\u00a0Excelencia y nivel de rigor que se espera en un entorno educativo o acad\u00e9mico. Se relaciona con la medida en que una instituci\u00f3n educativa, un programa de estudio o un estudiante cumplen con est\u00e1ndares y expectativas espec\u00edficas en t\u00e9rminos de aprendizaje, investigaci\u00f3n y desempe\u00f1o acad\u00e9mico.<\/span><\/p><p style=\"font-weight: 400; text-align: center;\"><strong><span style=\"color: #000000;\">Definici\u00f3n operacional<\/span><\/strong><\/p><p style=\"font-weight: 400;\"><span style=\"color: #000000;\">Aseguramos el cumplimiento de la misi\u00f3n, visi\u00f3n y objetivos institucionales conforme a est\u00e1ndares nacionales e internacionales que rigen la educaci\u00f3n superior.<\/span><\/p><h4 style=\"text-align: center;\"><span style=\"color: #800000;\"><strong>INTEGRIDAD<\/strong><\/span><\/h4><p style=\"text-align: center;\"><span style=\"color: #000000;\"><strong>Definici\u00f3n Formal<\/strong><\/span><\/p><p><span style=\"color: #000000;\">Cualidad moral y \u00e9tica que implica la coherencia y consistencia entre los valores, principios y acciones de una persona u organizaci\u00f3n.<\/span><\/p><p style=\"font-weight: 400; text-align: center;\"><span style=\"color: #000000;\"><strong>Definici\u00f3n operacional<\/strong><\/span><\/p><p style=\"font-weight: 400;\"><span style=\"color: #000000;\">Asumimos los valores, principios y acciones institucionales, de forma \u00e9tica y moral, orientados al desarrollo de la Academia, la Investigaci\u00f3n y la Extensi\u00f3n Universitaria.<\/span><\/p><h4 style=\"text-align: center;\"><span style=\"color: #800000;\"><strong>PERTINENCIA<\/strong><\/span><\/h4><p style=\"text-align: center;\"><span style=\"color: #000000;\"><strong>Definici\u00f3n Formal<\/strong><\/span><\/p><p><span style=\"color: #000000;\">Correspondencia de la misi\u00f3n, visi\u00f3n y objetivos institucionales con las condiciones y necesidades sociales.<\/span><\/p><p style=\"font-weight: 400; text-align: center;\"><span style=\"color: #000000;\"><strong>Definici\u00f3n operacional<\/strong><\/span><\/p><p style=\"font-weight: 400;\"><span style=\"color: #000000;\">Ajustamos las acciones a los prop\u00f3sitos institucionales integr\u00e1ndolos plenamente a las necesidades e intereses de la sociedad.<\/span><\/p><h4 style=\"text-align: center;\"><span style=\"color: #800000;\"><strong>EQUIDAD<\/strong><\/span><\/h4><p style=\"text-align: center;\"><span style=\"color: #000000;\"><strong>Definici\u00f3n Formal<\/strong>\u00a0<\/span><\/p><p><span style=\"color: #000000;\">Justicia en el trato y la distribuci\u00f3n de oportunidades para la realizaci\u00f3n de la persona por medio de la educaci\u00f3n, informaci\u00f3n, conocimiento y a las nuevas tecnolog\u00edas.<\/span><\/p><p style=\"font-weight: 400; text-align: center;\"><span style=\"color: #000000;\"><strong>Definici\u00f3n operacional<\/strong><\/span><\/p><p style=\"font-weight: 400;\"><span style=\"color: #000000;\">Garantizamos el acceso, la permanencia y oportunidades a la comunidad educativa conforme a sus necesidades para alcanzar su m\u00e1ximo potencial, en un ambiente de respeto e inclusividad.<\/span><\/p><h4 style=\"text-align: center;\"><span style=\"color: #800000;\"><strong>IGUALDAD Y LA NO DISCRIMINACI\u00d3N<\/strong>\u00a0<\/span><\/h4><p style=\"text-align: center;\"><span style=\"color: #000000;\"><strong>Definici\u00f3n Formal<\/strong><\/span><\/p><p><span style=\"color: #000000;\">Condici\u00f3n de ser igual en derechos, oportunidades y trato digno, sin distinci\u00f3n, exclusi\u00f3n, restricci\u00f3n o preferencia basada en motivos de raza, sexo, religi\u00f3n, discapacidad o cualquier otra condici\u00f3n.<\/span><\/p><p style=\"font-weight: 400; text-align: center;\"><span style=\"color: #000000;\"><strong>Definici\u00f3n operacional<\/strong><\/span><\/p><p style=\"font-weight: 400;\"><span style=\"color: #000000;\">Promovemos el acceso a la comunidad educativa en condici\u00f3n igualitaria a los derechos, oportunidades o trato sin restricci\u00f3n o preferencia.<\/span><\/p><h4 style=\"text-align: center;\"><span style=\"color: #800000;\"><strong>TRANSPARENCIA<\/strong><\/span><\/h4><p style=\"text-align: center;\"><span style=\"color: #000000;\"><strong>Definici\u00f3n Formal <\/strong><\/span><\/p><p><span style=\"color: #000000;\">Forma de hacer visible la funci\u00f3n p\u00fablica, ejecut\u00e1ndola de acuerdo con las normas vigentes, aceptando y facilitando que la gesti\u00f3n sea observada en forma directa por los grupos de inter\u00e9s.<\/span><\/p><p style=\"font-weight: 400; text-align: center;\"><span style=\"color: #000000;\"><strong>Definici\u00f3n Operacional<\/strong><\/span><\/p><p style=\"font-weight: 400;\"><span style=\"color: #000000;\">Suministramos a los interesados la informaci\u00f3n solicitada en forma clara, oportuna, completa y accesible; adem\u00e1s, rendimos cuentas peri\u00f3dicamente a la sociedad, sobre la utilizaci\u00f3n de los recursos p\u00fablicos y los resultados obtenidos en nuestra gesti\u00f3n<strong>.<\/strong><\/span><\/p><h4 style=\"text-align: center;\"><span style=\"color: #800000;\"><strong>EFICIENCIA <\/strong><\/span><\/h4><p style=\"text-align: center;\"><span style=\"color: #000000;\"><strong>Definici\u00f3n Formal<\/strong><\/span><\/p><p><span style=\"color: #000000;\">Lograr resultados con la m\u00e1xima calidad y con la optimizaci\u00f3n del uso de los recursos institucionales.<\/span><\/p><p style=\"text-align: center;\"><span style=\"color: #000000;\"><b>Definici\u00f3n Operacional<\/b><\/span><\/p><p><span style=\"color: #000000;\">Optimizamos los recursos disponibles, para el logro de los prop\u00f3sitos institucionales, evitando la duplicaci\u00f3n de esfuerzos y creando sinergia para incrementar la capacidad de acci\u00f3n de la instituci\u00f3n.<\/span><\/p>\t\t\t\t\t\t<\/div>\n\t\t\t\t<\/div>\n\t\t\t\t\t<\/div>\n\t\t<\/div>\n\t\t\t\t\t<\/div>\n\t\t<\/section>\n\t\t\t\t<\/div>\n\t\t","protected":false},"excerpt":{"rendered":"<p>Misi\u00f3n \u00a0Formar profesionales competentes en las distintas \u00e1reas del conocimiento a trav\u00e9s de la academia, la investigaci\u00f3n cient\u00edfica y la extensi\u00f3n universitaria, integrada a la comunidad nacional e internacional y comprometida con el desarrollo sostenible, constituy\u00e9ndose en una Universidad respuesta para los habitantes de la regi\u00f3n y del pa\u00eds. Visi\u00f3n Ser una Instituci\u00f3n de Educaci\u00f3n [&hellip;]<\/p>\n","protected":false},"author":7,"featured_media":0,"parent":0,"menu_order":0,"comment_status":"closed","ping_status":"closed","template":"template\/fullwidth.php","meta":{"footnotes":""},"class_list":["post-187","page","type-page","status-publish","hentry"],"_links":{"self":[{"href":"https:\/\/www.unca.edu.py\/index.php?rest_route=\/wp\/v2\/pages\/187","targetHints":{"allow":["GET"]}}],"collection":[{"href":"https:\/\/www.unca.edu.py\/index.php?rest_route=\/wp\/v2\/pages"}],"about":[{"href":"https:\/\/www.unca.edu.py\/index.php?rest_route=\/wp\/v2\/types\/page"}],"author":[{"embeddable":true,"href":"https:\/\/www.unca.edu.py\/index.php?rest_route=\/wp\/v2\/users\/7"}],"replies":[{"embeddable":true,"href":"https:\/\/www.unca.edu.py\/index.php?rest_route=%2Fwp%2Fv2%2Fcomments&post=187"}],"version-history":[{"count":54,"href":"https:\/\/www.unca.edu.py\/index.php?rest_route=\/wp\/v2\/pages\/187\/revisions"}],"predecessor-version":[{"id":6527,"href":"https:\/\/www.unca.edu.py\/index.php?rest_route=\/wp\/v2\/pages\/187\/revisions\/6527"}],"wp:attachment":[{"href":"https:\/\/www.unca.edu.py\/index.php?rest_route=%2Fwp%2Fv2%2Fmedia&parent=187"}],"curies":[{"name":"wp","href":"https:\/\/api.w.org\/{rel}","templated":true}]}}