{"id":1643,"date":"2023-12-04T02:49:32","date_gmt":"2023-12-04T02:49:32","guid":{"rendered":"https:\/\/www.unca.edu.py\/web\/wordpress\/?page_id=1643"},"modified":"2025-07-15T14:48:40","modified_gmt":"2025-07-15T14:48:40","slug":"facultad-de-odontologia","status":"publish","type":"page","link":"https:\/\/www.unca.edu.py\/?page_id=1643","title":{"rendered":"Facultad de Odontolog\u00eda (FO)"},"content":{"rendered":"\t\t<div data-elementor-type=\"wp-page\" data-elementor-id=\"1643\" class=\"elementor elementor-1643\" data-elementor-post-type=\"page\">\n\t\t\t\t<div class=\"elementor-element elementor-element-6b529cf e-flex e-con-boxed e-con e-parent\" data-id=\"6b529cf\" data-element_type=\"container\">\n\t\t\t\t\t<div class=\"e-con-inner\">\n\t\t\t\t<div class=\"elementor-element elementor-element-b413316 elementor-widget elementor-widget-image\" data-id=\"b413316\" data-element_type=\"widget\" data-widget_type=\"image.default\">\n\t\t\t\t<div class=\"elementor-widget-container\">\n\t\t\t\t\t\t\t\t\t\t\t\t\t\t<a href=\"http:\/\/odontounca.edu.py\/\" target=\"_blank\">\n\t\t\t\t\t\t\t<img fetchpriority=\"high\" decoding=\"async\" width=\"300\" height=\"300\" src=\"data:image\/gif;base64,R0lGODlhAQABAIAAAAAAAP\/\/\/yH5BAEAAAAALAAAAAABAAEAAAIBRAA7\" data-src=\"https:\/\/www.unca.edu.py\/wp-content\/uploads\/2023\/11\/LOGO-FO-300x300.png\" class=\"elementor-animation-pulse-grow attachment-large size-large wp-image-271 lazyload\" alt=\"\" data-srcset=\"https:\/\/www.unca.edu.py\/wp-content\/uploads\/2023\/11\/LOGO-FO-300x300.png 300w, https:\/\/www.unca.edu.py\/wp-content\/uploads\/2023\/11\/LOGO-FO-150x150.png 150w, https:\/\/www.unca.edu.py\/wp-content\/uploads\/2023\/11\/LOGO-FO-768x768.png 768w, https:\/\/www.unca.edu.py\/wp-content\/uploads\/2023\/11\/LOGO-FO-1536x1536.png 1536w, https:\/\/www.unca.edu.py\/wp-content\/uploads\/2023\/11\/LOGO-FO.png 2048w\" sizes=\"(max-width: 300px) 100vw, 300px\" \/><noscript><img decoding=\"async\" width=\"300\" height=\"300\" src=\"https:\/\/www.unca.edu.py\/wp-content\/uploads\/2023\/11\/LOGO-FO-300x300.png\" class=\"elementor-animation-pulse-grow attachment-large size-large wp-image-271 lazyload\" alt=\"\" srcset=\"https:\/\/www.unca.edu.py\/wp-content\/uploads\/2023\/11\/LOGO-FO-300x300.png 300w, https:\/\/www.unca.edu.py\/wp-content\/uploads\/2023\/11\/LOGO-FO-150x150.png 150w, https:\/\/www.unca.edu.py\/wp-content\/uploads\/2023\/11\/LOGO-FO-768x768.png 768w, https:\/\/www.unca.edu.py\/wp-content\/uploads\/2023\/11\/LOGO-FO-1536x1536.png 1536w, https:\/\/www.unca.edu.py\/wp-content\/uploads\/2023\/11\/LOGO-FO.png 2048w\" sizes=\"(max-width: 300px) 100vw, 300px\" \/><\/noscript>\t\t\t\t\t\t\t\t<\/a>\n\t\t\t\t\t\t\t\t\t\t\t\t\t<\/div>\n\t\t\t\t<\/div>\n\t\t\t\t<div class=\"elementor-element elementor-element-5e4fd05 elementor-widget-divider--separator-type-pattern elementor-widget-divider--view-line elementor-widget elementor-widget-divider\" data-id=\"5e4fd05\" data-element_type=\"widget\" data-widget_type=\"divider.default\">\n\t\t\t\t<div class=\"elementor-widget-container\">\n\t\t\t\t\t<div class=\"elementor-divider\" style=\"--divider-pattern-url: url(&quot;data:image\/svg+xml,%3Csvg xmlns=&#039;http:\/\/www.w3.org\/2000\/svg&#039; preserveAspectRatio=&#039;none&#039; overflow=&#039;visible&#039; height=&#039;100%&#039; viewBox=&#039;0 0 24 24&#039; fill=&#039;black&#039; stroke=&#039;none&#039;%3E%3Cpolygon points=&#039;9.4,2 24,2 14.6,21.6 0,21.6&#039;\/%3E%3C\/svg%3E&quot;);\">\n\t\t\t<span class=\"elementor-divider-separator\">\n\t\t\t\t\t\t<\/span>\n\t\t<\/div>\n\t\t\t\t<\/div>\n\t\t\t\t<\/div>\n\t\t\t\t<div class=\"elementor-element elementor-element-bd0b391 elementor-headline--style-highlight elementor-widget elementor-widget-animated-headline\" data-id=\"bd0b391\" data-element_type=\"widget\" data-settings=\"{&quot;marker&quot;:&quot;underline&quot;,&quot;highlighted_text&quot;:&quot;MISI\\u00d3N&quot;,&quot;highlight_animation_duration&quot;:1000,&quot;headline_style&quot;:&quot;highlight&quot;,&quot;loop&quot;:&quot;yes&quot;,&quot;highlight_iteration_delay&quot;:8000}\" data-widget_type=\"animated-headline.default\">\n\t\t\t\t<div class=\"elementor-widget-container\">\n\t\t\t\t\t<h3 class=\"elementor-headline\">\n\t\t\t\t<span class=\"elementor-headline-dynamic-wrapper elementor-headline-text-wrapper\">\n\t\t\t\t\t<span class=\"elementor-headline-dynamic-text elementor-headline-text-active\">MISI\u00d3N<\/span>\n\t\t\t\t<\/span>\n\t\t\t\t<\/h3>\n\t\t\t\t<\/div>\n\t\t\t\t<\/div>\n\t\t\t\t<div class=\"elementor-element elementor-element-37b538d elementor-widget elementor-widget-text-editor\" data-id=\"37b538d\" data-element_type=\"widget\" data-widget_type=\"text-editor.default\">\n\t\t\t\t<div class=\"elementor-widget-container\">\n\t\t\t\t\t\t\t<h6 style=\"text-align: center;\">Formar profesionales altamente competitivos, en la pr\u00e1ctica de la odontolog\u00eda con formaci\u00f3n t\u00e9cnico- cient\u00edfica, human\u00edstica y de gesti\u00f3n, comprometidos con el desarrollo salud bucodental de la regi\u00f3n y del Pa\u00eds.<\/h6>\t\t\t\t\t\t<\/div>\n\t\t\t\t<\/div>\n\t\t\t\t<div class=\"elementor-element elementor-element-71f4623 elementor-headline--style-highlight elementor-widget elementor-widget-animated-headline\" data-id=\"71f4623\" data-element_type=\"widget\" data-settings=\"{&quot;marker&quot;:&quot;underline&quot;,&quot;highlighted_text&quot;:&quot;VISI\\u00d3N&quot;,&quot;highlight_animation_duration&quot;:1000,&quot;headline_style&quot;:&quot;highlight&quot;,&quot;loop&quot;:&quot;yes&quot;,&quot;highlight_iteration_delay&quot;:8000}\" data-widget_type=\"animated-headline.default\">\n\t\t\t\t<div class=\"elementor-widget-container\">\n\t\t\t\t\t<h3 class=\"elementor-headline\">\n\t\t\t\t<span class=\"elementor-headline-dynamic-wrapper elementor-headline-text-wrapper\">\n\t\t\t\t\t<span class=\"elementor-headline-dynamic-text elementor-headline-text-active\">VISI\u00d3N<\/span>\n\t\t\t\t<\/span>\n\t\t\t\t<\/h3>\n\t\t\t\t<\/div>\n\t\t\t\t<\/div>\n\t\t\t\t<div class=\"elementor-element elementor-element-5131b03 elementor-widget elementor-widget-text-editor\" data-id=\"5131b03\" data-element_type=\"widget\" data-widget_type=\"text-editor.default\">\n\t\t\t\t<div class=\"elementor-widget-container\">\n\t\t\t\t\t\t\t<h6 style=\"text-align: center;\">Ser una instituci\u00f3n que se constituya en respuesta a las necesidades en el \u00e1rea de la salud bucodental a nivel regional, nacional e internacional, con una formaci\u00f3n t\u00e9cnica-cient\u00edfica, human\u00edstica con alto sentido de responsabilidad y sensibilidad social.<\/h6>\t\t\t\t\t\t<\/div>\n\t\t\t\t<\/div>\n\t\t\t\t<div class=\"elementor-element elementor-element-190ecc4 elementor-widget elementor-widget-accordion\" data-id=\"190ecc4\" data-element_type=\"widget\" data-widget_type=\"accordion.default\">\n\t\t\t\t<div class=\"elementor-widget-container\">\n\t\t\t\t\t<div class=\"elementor-accordion\">\n\t\t\t\t\t\t\t<div class=\"elementor-accordion-item\">\n\t\t\t\t\t<div id=\"elementor-tab-title-2621\" class=\"elementor-tab-title\" data-tab=\"1\" role=\"button\" aria-controls=\"elementor-tab-content-2621\" aria-expanded=\"false\">\n\t\t\t\t\t\t\t\t\t\t\t\t\t<span class=\"elementor-accordion-icon elementor-accordion-icon-left\" aria-hidden=\"true\">\n\t\t\t\t\t\t\t\t\t\t\t\t\t\t\t<span class=\"elementor-accordion-icon-closed\"><i class=\"fas fa-angle-down\"><\/i><\/span>\n\t\t\t\t\t\t\t\t<span class=\"elementor-accordion-icon-opened\"><i class=\"fas fa-angle-double-down\"><\/i><\/span>\n\t\t\t\t\t\t\t\t\t\t\t\t\t\t<\/span>\n\t\t\t\t\t\t\t\t\t\t\t\t<a class=\"elementor-accordion-title\" tabindex=\"0\">Odontolog\u00eda (Acreditada por la ANEAES)<\/a>\n\t\t\t\t\t<\/div>\n\t\t\t\t\t<div id=\"elementor-tab-content-2621\" class=\"elementor-tab-content elementor-clearfix\" data-tab=\"1\" role=\"region\" aria-labelledby=\"elementor-tab-title-2621\"><h6><span style=\"color: #000000;\"><strong>T\u00edtulo otorgado<\/strong><\/span><\/h6>\n<ul>\n \t<li><span style=\"color: #000000;\">Odontologo\/a.<\/span><\/li>\n<\/ul>\n<h6><span style=\"color: #000000;\"><strong>Duraci\u00f3n<\/strong><\/span><\/h6>\n<ul>\n \t<li><span style=\"color: #000000;\">5 a\u00f1os.<\/span><\/li>\n<\/ul>\n<h6><span style=\"color: #000000;\"><strong>Carga horaria<\/strong><\/span><\/h6>\n<ul>\n \t<li><span style=\"color: #000000;\">5.731 hs<\/span><\/li>\n<\/ul>\n<h6><span style=\"color: #000000;\">Contacto<\/span><\/h6>\n<ul>\n \t<li><span style=\"color: #000000;\"><a style=\"color: #000000;\" href=\"mailto:secretariageneral@odontounca.edu\">secretariageneral@odontounca.edu<\/a>.<\/span><\/li>\n \t<li><span style=\"color: #000000;\"><strong>Telefono<\/strong>: 0521 200 838<\/span><\/li>\n<\/ul>\n<h6><span style=\"color: #000000;\"><strong>Perfil de Ingreso<\/strong><\/span><\/h6>\n<ul>\n \t<li><span style=\"color: #000000;\"><p style=\"text-align: justify;\">El ingresante a la Facultad de Odontolog\u00eda \u00abSanto Tom\u00e1s de Aquino\u00bb de la Universidad Nacional de Caaguaz\u00fa, deber\u00e1 poseer aptitud positiva hacia las Ciencias de la Salud, as\u00ed como tambi\u00e9n un conocimiento de Ciencias B\u00e1sicas que le sirva de sustento para el aprendizaje de la profesi\u00f3n, s\u00f3lida capacidad de expresi\u00f3n oral y escrita, y una actitud predispuesta a asumir los continuos cambios cient\u00edfico-tecnol\u00f3gicos que demanda la carrera de Odontolog\u00eda.<\/span><\/li>\n<\/ul>\n<h6><span style=\"color: #000000;\"><strong>Perfil de Egreso<\/strong><\/span><\/h6>\n<ul>\n \t<li><span style=\"color: #000000;\"><p style=\"text-align: justify;\">El egresado de la Carrera de Odontolog\u00eda ser\u00e1 un profesional competente con formaci\u00f3n, t\u00e9cnica-cient\u00edfica, humana y de gesti\u00f3n; sentido de responsabilidad y compromiso social con actitudes, conocimientos y habilidades necesarias en t\u00e9rminos de competencias gen\u00e9ricas y espec\u00edficas.<\/span><\/li>\n<\/ul>\n<h5><span style=\"color: #000000;\"><strong>Objetivos de la Carrera<\/strong><\/span><\/h5>\n<h6><span style=\"color: #000000;\"><strong>OBJETIVO GENERAL<\/strong><\/span><\/h6>\n<ul>\n \t<li><span style=\"color: #000000;\"><p style=\"text-align: justify;\">Facilitar la adaptaci\u00f3n, proporcionar un entrenamiento de nivelaci\u00f3n y orientar al estudiante en relaci\u00f3n a la Carrera Universitaria y sus exigencias acad\u00e9micas.<\/span><\/li>\n<\/ul>\n<div>\n<h6><span style=\"color: #000000;\"><strong>OBJETIVOS ESPECIFICOS<\/strong><\/span><\/h6>\n<ul>\n \t<li><span style=\"color: #000000;\"><p style=\"text-align: justify;\">Facilitar al estudiante la adaptaci\u00f3n a la vida universitaria para proporcionar la inserci\u00f3n al Modelo Acad\u00e9mico de la Facultad de Odontolog\u00eda.<\/span><\/li>\n \t<li><span style=\"color: #000000;\"><p style=\"text-align: justify;\">Proporcionar al estudiante un entrenamiento de nivelaci\u00f3n que le permitan adquirir conocimientos y destrezas en los aspectos: ACTITUDINALES, PROCEDIMENTALES Y COGNITIVAS relacionadas con la Carrera de Odontolog\u00eda.<\/span><\/li>\n \t<li><span style=\"color: #000000;\"><p style=\"text-align: justify;\">Orientar al estudiante en relaci\u00f3n a la Carrera Universitaria y sus exigencias acad\u00e9micas, para minimizar los efectos de cambio, que se originan en la transici\u00f3n de la educaci\u00f3n media a la universitaria.<\/span><\/li>\n<\/ul>\n<h6><span style=\"color: #000000;\"><strong>\u00c1rea de Empleabilidad<\/strong><\/span><\/h6>\n<span style=\"color: #000000;\"><p style=\"text-align: justify;\">El Odont\u00f3logo estar\u00e1 capacitado para ejercer su profesi\u00f3n en diversas \u00e1reas tales como:<\/span>\n<ul>\n \t<li><span style=\"color: #000000;\"><strong><p style=\"text-align: justify;\">\u00c1REA PRIVADA:<\/strong> comprende el ejercicio independiente de la profesi\u00f3n, asesor\u00eda en Instituciones, Empresas, Compa\u00f1\u00edas de Seguro, ejercicio profesional en Cl\u00ednicas y Centros M\u00e9dicos.<\/span><\/li>\n \t<li><span style=\"color: #000000;\"><strong><p style=\"text-align: justify;\">\u00c1REA P\u00daBLICA:<\/strong> Servicios P\u00fablicos de Salud (Hospitales Puestos de Salud).<\/span><\/li>\n \t<li><span style=\"color: #000000;\"><strong><p style=\"text-align: justify;\">\u00c1REA INSTITUCIONAL, UNIVERSITARIA E INSTITUTOS T\u00c9CNICOS:<\/strong> Docencia e Investigaci\u00f3n.<\/span><\/li>\n<\/ul>\n<\/div><\/div>\n\t\t\t\t<\/div>\n\t\t\t\t\t\t\t\t<\/div>\n\t\t\t\t<\/div>\n\t\t\t\t<\/div>\n\t\t<div class=\"elementor-element elementor-element-c217c58 e-flex e-con-boxed e-con e-child\" data-id=\"c217c58\" data-element_type=\"container\">\n\t\t\t\t\t<div class=\"e-con-inner\">\n\t\t<div class=\"elementor-element elementor-element-0195c3d e-con-full e-flex e-con e-child\" data-id=\"0195c3d\" data-element_type=\"container\">\n\t\t\t\t<div class=\"elementor-element elementor-element-d642da2 elementor-view-stacked elementor-shape-circle elementor-widget elementor-widget-icon\" data-id=\"d642da2\" data-element_type=\"widget\" data-widget_type=\"icon.default\">\n\t\t\t\t<div class=\"elementor-widget-container\">\n\t\t\t\t\t<div class=\"elementor-icon-wrapper\">\n\t\t\t<div class=\"elementor-icon\">\n\t\t\t<i aria-hidden=\"true\" class=\"far fa-address-card\"><\/i>\t\t\t<\/div>\n\t\t<\/div>\n\t\t\t\t<\/div>\n\t\t\t\t<\/div>\n\t\t\t\t<div class=\"elementor-element elementor-element-71ada74 elementor-headline--style-highlight elementor-widget elementor-widget-animated-headline\" data-id=\"71ada74\" data-element_type=\"widget\" data-settings=\"{&quot;marker&quot;:&quot;underline&quot;,&quot;highlighted_text&quot;:&quot;CONTACTO&quot;,&quot;headline_style&quot;:&quot;highlight&quot;,&quot;loop&quot;:&quot;yes&quot;,&quot;highlight_animation_duration&quot;:1200,&quot;highlight_iteration_delay&quot;:8000}\" data-widget_type=\"animated-headline.default\">\n\t\t\t\t<div class=\"elementor-widget-container\">\n\t\t\t\t\t<h3 class=\"elementor-headline\">\n\t\t\t\t<span class=\"elementor-headline-dynamic-wrapper elementor-headline-text-wrapper\">\n\t\t\t\t\t<span class=\"elementor-headline-dynamic-text elementor-headline-text-active\">CONTACTO<\/span>\n\t\t\t\t<\/span>\n\t\t\t\t<\/h3>\n\t\t\t\t<\/div>\n\t\t\t\t<\/div>\n\t\t\t\t<div class=\"elementor-element elementor-element-697ed19 elementor-widget elementor-widget-text-editor\" data-id=\"697ed19\" data-element_type=\"widget\" data-widget_type=\"text-editor.default\">\n\t\t\t\t<div class=\"elementor-widget-container\">\n\t\t\t\t\t\t\t<ul><li><span style=\"color: #000000;\"><strong>Tel\u00e9fono:<\/strong> +595 521 200 838<\/span><\/li><li><span style=\"color: #000000;\"><strong>Correo electr\u00f3nico:<\/strong> <a href=\"mailto:secretariageneral@odontounca.edu.py\">secretariageneral@odontounca.edu.py<\/a><\/span><\/li><\/ul>\t\t\t\t\t\t<\/div>\n\t\t\t\t<\/div>\n\t\t\t\t<\/div>\n\t\t<div class=\"elementor-element elementor-element-2c13226 e-con-full e-flex e-con e-child\" data-id=\"2c13226\" data-element_type=\"container\">\n\t\t\t\t<div class=\"elementor-element elementor-element-03b9808 elementor-view-stacked elementor-shape-circle elementor-widget elementor-widget-icon\" data-id=\"03b9808\" data-element_type=\"widget\" data-widget_type=\"icon.default\">\n\t\t\t\t<div class=\"elementor-widget-container\">\n\t\t\t\t\t<div class=\"elementor-icon-wrapper\">\n\t\t\t<div class=\"elementor-icon\">\n\t\t\t<i aria-hidden=\"true\" class=\"fas fa-map-marked-alt\"><\/i>\t\t\t<\/div>\n\t\t<\/div>\n\t\t\t\t<\/div>\n\t\t\t\t<\/div>\n\t\t\t\t<div class=\"elementor-element elementor-element-0b8ac04 elementor-headline--style-highlight elementor-widget elementor-widget-animated-headline\" data-id=\"0b8ac04\" data-element_type=\"widget\" data-settings=\"{&quot;marker&quot;:&quot;underline&quot;,&quot;highlighted_text&quot;:&quot;DIRECCION&quot;,&quot;headline_style&quot;:&quot;highlight&quot;,&quot;loop&quot;:&quot;yes&quot;,&quot;highlight_animation_duration&quot;:1200,&quot;highlight_iteration_delay&quot;:8000}\" data-widget_type=\"animated-headline.default\">\n\t\t\t\t<div class=\"elementor-widget-container\">\n\t\t\t\t\t<h3 class=\"elementor-headline\">\n\t\t\t\t<span class=\"elementor-headline-dynamic-wrapper elementor-headline-text-wrapper\">\n\t\t\t\t\t<span class=\"elementor-headline-dynamic-text elementor-headline-text-active\">DIRECCION<\/span>\n\t\t\t\t<\/span>\n\t\t\t\t<\/h3>\n\t\t\t\t<\/div>\n\t\t\t\t<\/div>\n\t\t\t\t<div class=\"elementor-element elementor-element-e86c0fc elementor-widget elementor-widget-text-editor\" data-id=\"e86c0fc\" data-element_type=\"widget\" data-widget_type=\"text-editor.default\">\n\t\t\t\t<div class=\"elementor-widget-container\">\n\t\t\t\t\t\t\t<ul><li><strong><span style=\"color: #000000;\">Facundo Insfr\u00e1n y Lidia P. de Ben\u00edtez &#8211; <\/span><\/strong><strong><span style=\"color: #000000;\">Coronel Oviedo<\/span><\/strong><\/li><\/ul>\t\t\t\t\t\t<\/div>\n\t\t\t\t<\/div>\n\t\t\t\t<\/div>\n\t\t<div class=\"elementor-element elementor-element-3b9e91b e-con-full e-flex e-con e-child\" data-id=\"3b9e91b\" data-element_type=\"container\">\n\t\t\t\t<div class=\"elementor-element elementor-element-86ef60a elementor-view-stacked elementor-shape-circle elementor-widget elementor-widget-icon\" data-id=\"86ef60a\" data-element_type=\"widget\" data-widget_type=\"icon.default\">\n\t\t\t\t<div class=\"elementor-widget-container\">\n\t\t\t\t\t<div class=\"elementor-icon-wrapper\">\n\t\t\t<a class=\"elementor-icon\" href=\"http:\/\/odontounca.edu.py\" target=\"_blank\">\n\t\t\t<i aria-hidden=\"true\" class=\"fas fa-globe-americas\"><\/i>\t\t\t<\/a>\n\t\t<\/div>\n\t\t\t\t<\/div>\n\t\t\t\t<\/div>\n\t\t\t\t<div class=\"elementor-element elementor-element-6cbd5ba elementor-headline--style-highlight elementor-widget elementor-widget-animated-headline\" data-id=\"6cbd5ba\" data-element_type=\"widget\" data-settings=\"{&quot;marker&quot;:&quot;underline&quot;,&quot;highlighted_text&quot;:&quot;PAGINA WEB&quot;,&quot;headline_style&quot;:&quot;highlight&quot;,&quot;loop&quot;:&quot;yes&quot;,&quot;highlight_animation_duration&quot;:1200,&quot;highlight_iteration_delay&quot;:8000}\" data-widget_type=\"animated-headline.default\">\n\t\t\t\t<div class=\"elementor-widget-container\">\n\t\t\t\t\t<h3 class=\"elementor-headline\">\n\t\t\t\t<span class=\"elementor-headline-dynamic-wrapper elementor-headline-text-wrapper\">\n\t\t\t\t\t<span class=\"elementor-headline-dynamic-text elementor-headline-text-active\">PAGINA WEB<\/span>\n\t\t\t\t<\/span>\n\t\t\t\t<\/h3>\n\t\t\t\t<\/div>\n\t\t\t\t<\/div>\n\t\t\t\t<div class=\"elementor-element elementor-element-be0488a elementor-widget elementor-widget-text-editor\" data-id=\"be0488a\" data-element_type=\"widget\" data-widget_type=\"text-editor.default\">\n\t\t\t\t<div class=\"elementor-widget-container\">\n\t\t\t\t\t\t\t<ul><li><strong><a href=\"http:\/\/odontounca.edu.py\"><span style=\"color: #000000;\">http:\/\/odontounca.edu.py<\/span><\/a><\/strong><\/li><\/ul>\t\t\t\t\t\t<\/div>\n\t\t\t\t<\/div>\n\t\t\t\t<\/div>\n\t\t\t\t\t<\/div>\n\t\t\t\t<\/div>\n\t\t\t\t\t<\/div>\n\t\t\t\t<\/div>\n\t\t\t\t<\/div>\n\t\t","protected":false},"excerpt":{"rendered":"<p>MISI\u00d3N Formar profesionales altamente competitivos, en la pr\u00e1ctica de la odontolog\u00eda con formaci\u00f3n t\u00e9cnico- cient\u00edfica, human\u00edstica y de gesti\u00f3n, comprometidos con el desarrollo salud bucodental de la regi\u00f3n y del Pa\u00eds. VISI\u00d3N Ser una instituci\u00f3n que se constituya en respuesta a las necesidades en el \u00e1rea de la salud bucodental a nivel regional, nacional e [&hellip;]<\/p>\n","protected":false},"author":3,"featured_media":0,"parent":0,"menu_order":0,"comment_status":"closed","ping_status":"closed","template":"template\/fullwidth.php","meta":{"footnotes":""},"class_list":["post-1643","page","type-page","status-publish","hentry"],"_links":{"self":[{"href":"https:\/\/www.unca.edu.py\/index.php?rest_route=\/wp\/v2\/pages\/1643","targetHints":{"allow":["GET"]}}],"collection":[{"href":"https:\/\/www.unca.edu.py\/index.php?rest_route=\/wp\/v2\/pages"}],"about":[{"href":"https:\/\/www.unca.edu.py\/index.php?rest_route=\/wp\/v2\/types\/page"}],"author":[{"embeddable":true,"href":"https:\/\/www.unca.edu.py\/index.php?rest_route=\/wp\/v2\/users\/3"}],"replies":[{"embeddable":true,"href":"https:\/\/www.unca.edu.py\/index.php?rest_route=%2Fwp%2Fv2%2Fcomments&post=1643"}],"version-history":[{"count":17,"href":"https:\/\/www.unca.edu.py\/index.php?rest_route=\/wp\/v2\/pages\/1643\/revisions"}],"predecessor-version":[{"id":5425,"href":"https:\/\/www.unca.edu.py\/index.php?rest_route=\/wp\/v2\/pages\/1643\/revisions\/5425"}],"wp:attachment":[{"href":"https:\/\/www.unca.edu.py\/index.php?rest_route=%2Fwp%2Fv2%2Fmedia&parent=1643"}],"curies":[{"name":"wp","href":"https:\/\/api.w.org\/{rel}","templated":true}]}}