{"id":1627,"date":"2023-12-04T02:35:54","date_gmt":"2023-12-04T02:35:54","guid":{"rendered":"https:\/\/www.unca.edu.py\/web\/wordpress\/?page_id=1627"},"modified":"2025-07-15T14:43:29","modified_gmt":"2025-07-15T14:43:29","slug":"facultad-de-ciencias-sociales-politicas-y-humanidades","status":"publish","type":"page","link":"https:\/\/www.unca.edu.py\/?page_id=1627","title":{"rendered":"Facultad de Ciencias Sociales, Pol\u00edticas y Humanidades (FCSPyH)"},"content":{"rendered":"\t\t<div data-elementor-type=\"wp-page\" data-elementor-id=\"1627\" class=\"elementor elementor-1627\" data-elementor-post-type=\"page\">\n\t\t\t\t<div class=\"elementor-element elementor-element-6b529cf e-flex e-con-boxed e-con e-parent\" data-id=\"6b529cf\" data-element_type=\"container\">\n\t\t\t\t\t<div class=\"e-con-inner\">\n\t\t\t\t<div class=\"elementor-element elementor-element-b413316 elementor-widget elementor-widget-image\" data-id=\"b413316\" data-element_type=\"widget\" data-widget_type=\"image.default\">\n\t\t\t\t<div class=\"elementor-widget-container\">\n\t\t\t\t\t\t\t\t\t\t\t\t\t\t<a href=\"https:\/\/fcsypunca.edu.py\/\" target=\"_blank\">\n\t\t\t\t\t\t\t<img fetchpriority=\"high\" decoding=\"async\" width=\"300\" height=\"300\" src=\"data:image\/gif;base64,R0lGODlhAQABAIAAAAAAAP\/\/\/yH5BAEAAAAALAAAAAABAAEAAAIBRAA7\" data-src=\"https:\/\/www.unca.edu.py\/wp-content\/uploads\/2023\/11\/04.-FCSPyH-300x300.png\" class=\"elementor-animation-pulse-grow attachment-large size-large wp-image-273 lazyload\" alt=\"\" data-srcset=\"https:\/\/www.unca.edu.py\/wp-content\/uploads\/2023\/11\/04.-FCSPyH-300x300.png 300w, https:\/\/www.unca.edu.py\/wp-content\/uploads\/2023\/11\/04.-FCSPyH-150x150.png 150w, https:\/\/www.unca.edu.py\/wp-content\/uploads\/2023\/11\/04.-FCSPyH-768x766.png 768w, https:\/\/www.unca.edu.py\/wp-content\/uploads\/2023\/11\/04.-FCSPyH.png 960w\" sizes=\"(max-width: 300px) 100vw, 300px\" \/><noscript><img decoding=\"async\" width=\"300\" height=\"300\" src=\"https:\/\/www.unca.edu.py\/wp-content\/uploads\/2023\/11\/04.-FCSPyH-300x300.png\" class=\"elementor-animation-pulse-grow attachment-large size-large wp-image-273 lazyload\" alt=\"\" srcset=\"https:\/\/www.unca.edu.py\/wp-content\/uploads\/2023\/11\/04.-FCSPyH-300x300.png 300w, https:\/\/www.unca.edu.py\/wp-content\/uploads\/2023\/11\/04.-FCSPyH-150x150.png 150w, https:\/\/www.unca.edu.py\/wp-content\/uploads\/2023\/11\/04.-FCSPyH-768x766.png 768w, https:\/\/www.unca.edu.py\/wp-content\/uploads\/2023\/11\/04.-FCSPyH.png 960w\" sizes=\"(max-width: 300px) 100vw, 300px\" \/><\/noscript>\t\t\t\t\t\t\t\t<\/a>\n\t\t\t\t\t\t\t\t\t\t\t\t\t<\/div>\n\t\t\t\t<\/div>\n\t\t\t\t<div class=\"elementor-element elementor-element-50de746 elementor-widget-divider--separator-type-pattern elementor-widget-divider--view-line elementor-widget elementor-widget-divider\" data-id=\"50de746\" data-element_type=\"widget\" data-widget_type=\"divider.default\">\n\t\t\t\t<div class=\"elementor-widget-container\">\n\t\t\t\t\t<div class=\"elementor-divider\" style=\"--divider-pattern-url: url(&quot;data:image\/svg+xml,%3Csvg xmlns=&#039;http:\/\/www.w3.org\/2000\/svg&#039; preserveAspectRatio=&#039;none&#039; overflow=&#039;visible&#039; height=&#039;100%&#039; viewBox=&#039;0 0 24 24&#039; fill=&#039;black&#039; stroke=&#039;none&#039;%3E%3Cpolygon points=&#039;9.4,2 24,2 14.6,21.6 0,21.6&#039;\/%3E%3C\/svg%3E&quot;);\">\n\t\t\t<span class=\"elementor-divider-separator\">\n\t\t\t\t\t\t<\/span>\n\t\t<\/div>\n\t\t\t\t<\/div>\n\t\t\t\t<\/div>\n\t\t\t\t<div class=\"elementor-element elementor-element-96751dd elementor-headline--style-highlight elementor-widget elementor-widget-animated-headline\" data-id=\"96751dd\" data-element_type=\"widget\" data-settings=\"{&quot;marker&quot;:&quot;underline&quot;,&quot;highlighted_text&quot;:&quot;MISI\\u00d3N&quot;,&quot;highlight_animation_duration&quot;:1000,&quot;headline_style&quot;:&quot;highlight&quot;,&quot;loop&quot;:&quot;yes&quot;,&quot;highlight_iteration_delay&quot;:8000}\" data-widget_type=\"animated-headline.default\">\n\t\t\t\t<div class=\"elementor-widget-container\">\n\t\t\t\t\t<h3 class=\"elementor-headline\">\n\t\t\t\t<span class=\"elementor-headline-dynamic-wrapper elementor-headline-text-wrapper\">\n\t\t\t\t\t<span class=\"elementor-headline-dynamic-text elementor-headline-text-active\">MISI\u00d3N<\/span>\n\t\t\t\t<\/span>\n\t\t\t\t<\/h3>\n\t\t\t\t<\/div>\n\t\t\t\t<\/div>\n\t\t\t\t<div class=\"elementor-element elementor-element-ea9c4d2 elementor-widget elementor-widget-text-editor\" data-id=\"ea9c4d2\" data-element_type=\"widget\" data-widget_type=\"text-editor.default\">\n\t\t\t\t<div class=\"elementor-widget-container\">\n\t\t\t\t\t\t\t<h6 style=\"text-align: center;\">Formar profesionales competentes, innovadores e \u00edntegros en las ciencias sociales, pol\u00edticas y humanidades a trav\u00e9s de la docencia, la investigaci\u00f3n y la extensi\u00f3n universitaria, propiciando cambios positivos para una sociedad m\u00e1s justa, inclusiva y equitativa.<\/h6>\t\t\t\t\t\t<\/div>\n\t\t\t\t<\/div>\n\t\t\t\t<div class=\"elementor-element elementor-element-529e4a3 elementor-headline--style-highlight elementor-widget elementor-widget-animated-headline\" data-id=\"529e4a3\" data-element_type=\"widget\" data-settings=\"{&quot;marker&quot;:&quot;underline&quot;,&quot;highlighted_text&quot;:&quot;VISI\\u00d3N&quot;,&quot;highlight_animation_duration&quot;:1000,&quot;headline_style&quot;:&quot;highlight&quot;,&quot;loop&quot;:&quot;yes&quot;,&quot;highlight_iteration_delay&quot;:8000}\" data-widget_type=\"animated-headline.default\">\n\t\t\t\t<div class=\"elementor-widget-container\">\n\t\t\t\t\t<h3 class=\"elementor-headline\">\n\t\t\t\t<span class=\"elementor-headline-dynamic-wrapper elementor-headline-text-wrapper\">\n\t\t\t\t\t<span class=\"elementor-headline-dynamic-text elementor-headline-text-active\">VISI\u00d3N<\/span>\n\t\t\t\t<\/span>\n\t\t\t\t<\/h3>\n\t\t\t\t<\/div>\n\t\t\t\t<\/div>\n\t\t\t\t<div class=\"elementor-element elementor-element-85086ce elementor-widget elementor-widget-text-editor\" data-id=\"85086ce\" data-element_type=\"widget\" data-widget_type=\"text-editor.default\">\n\t\t\t\t<div class=\"elementor-widget-container\">\n\t\t\t\t\t\t\t<h6 style=\"text-align: center;\">Ser una Instituci\u00f3n educadora con reconocida solvencia acad\u00e9mica, prestigiosa a nivel regional y nacional, con capital humano responsable y comprometido con la sociedad.<\/h6>\t\t\t\t\t\t<\/div>\n\t\t\t\t<\/div>\n\t\t\t\t<div class=\"elementor-element elementor-element-c773614 elementor-widget elementor-widget-accordion\" data-id=\"c773614\" data-element_type=\"widget\" data-widget_type=\"accordion.default\">\n\t\t\t\t<div class=\"elementor-widget-container\">\n\t\t\t\t\t<div class=\"elementor-accordion\">\n\t\t\t\t\t\t\t<div class=\"elementor-accordion-item\">\n\t\t\t\t\t<div id=\"elementor-tab-title-2091\" class=\"elementor-tab-title\" data-tab=\"1\" role=\"button\" aria-controls=\"elementor-tab-content-2091\" aria-expanded=\"false\">\n\t\t\t\t\t\t\t\t\t\t\t\t\t<span class=\"elementor-accordion-icon elementor-accordion-icon-left\" aria-hidden=\"true\">\n\t\t\t\t\t\t\t\t\t\t\t\t\t\t\t<span class=\"elementor-accordion-icon-closed\"><i class=\"fas fa-angle-down\"><\/i><\/span>\n\t\t\t\t\t\t\t\t<span class=\"elementor-accordion-icon-opened\"><i class=\"fas fa-angle-double-down\"><\/i><\/span>\n\t\t\t\t\t\t\t\t\t\t\t\t\t\t<\/span>\n\t\t\t\t\t\t\t\t\t\t\t\t<a class=\"elementor-accordion-title\" tabindex=\"0\">Licenciatura en Ciencias Pol\u00edticas (Acreditada por la ANEAES)<\/a>\n\t\t\t\t\t<\/div>\n\t\t\t\t\t<div id=\"elementor-tab-content-2091\" class=\"elementor-tab-content elementor-clearfix\" data-tab=\"1\" role=\"region\" aria-labelledby=\"elementor-tab-title-2091\"><h6><strong>Duraci\u00f3n<\/strong><\/h6><ul><li><span style=\"color: #000000;\">4 a\u00f1os 6 meses.<\/span><\/li><\/ul><h6>Contacto<\/h6><ul><li><span style=\"color: #000000;\">(0521) 200 025\u00a0<\/span><\/li><\/ul><h6><strong>Perfil de Egreso<\/strong><\/h6><ul><li><p style=\"text-align: justify;\"><span style=\"color: #000000;\">El egresado de la carrera de Ciencias Pol\u00edticas estar\u00e1 capacitado para explicar cient\u00edficamente los procesos pol\u00edticos, econ\u00f3micos y sociales que ocurren en nuestra sociedad en particular y en el mundo en general. Realizar an\u00e1lisis, estudios de opini\u00f3n p\u00fablica, detecci\u00f3n precisa de un problema concreto, analizar posibles causas y efectos, planteando alternativas de soluci\u00f3n.<\/span><\/p><\/li><\/ul><\/div>\n\t\t\t\t<\/div>\n\t\t\t\t\t\t\t<div class=\"elementor-accordion-item\">\n\t\t\t\t\t<div id=\"elementor-tab-title-2092\" class=\"elementor-tab-title\" data-tab=\"2\" role=\"button\" aria-controls=\"elementor-tab-content-2092\" aria-expanded=\"false\">\n\t\t\t\t\t\t\t\t\t\t\t\t\t<span class=\"elementor-accordion-icon elementor-accordion-icon-left\" aria-hidden=\"true\">\n\t\t\t\t\t\t\t\t\t\t\t\t\t\t\t<span class=\"elementor-accordion-icon-closed\"><i class=\"fas fa-angle-down\"><\/i><\/span>\n\t\t\t\t\t\t\t\t<span class=\"elementor-accordion-icon-opened\"><i class=\"fas fa-angle-double-down\"><\/i><\/span>\n\t\t\t\t\t\t\t\t\t\t\t\t\t\t<\/span>\n\t\t\t\t\t\t\t\t\t\t\t\t<a class=\"elementor-accordion-title\" tabindex=\"0\">Derecho (Acreditada por la ANEAES)<\/a>\n\t\t\t\t\t<\/div>\n\t\t\t\t\t<div id=\"elementor-tab-content-2092\" class=\"elementor-tab-content elementor-clearfix\" data-tab=\"2\" role=\"region\" aria-labelledby=\"elementor-tab-title-2092\"><h6><strong>Duraci\u00f3n<\/strong><\/h6><ul><li><span style=\"color: #000000;\">5 a\u00f1os.<\/span><\/li><\/ul><h6><strong>Contactos<\/strong><\/h6><ul><li><span style=\"color: #000000;\">(0521) 200 025<\/span><\/li><\/ul><h6><strong>Perfil de Egreso<\/strong><\/h6><ul><li><p style=\"text-align: justify;\"><span style=\"color: #000000;\">El egresado de la carrera de Derecho de la Universidad Nacional de Caaguaz\u00fa es u profesional altamente capacitado con conocimiento te\u00f3rico- practico, metodol\u00f3gico y cient\u00edfico, para desenvolverse en distintas \u00e1reas relacionadas al Derecho, tanto en el \u00e1mbito interno como internacional.<\/span><\/p><\/li><\/ul><\/div>\n\t\t\t\t<\/div>\n\t\t\t\t\t\t\t\t<\/div>\n\t\t\t\t<\/div>\n\t\t\t\t<\/div>\n\t\t<div class=\"elementor-element elementor-element-62b62a9 e-flex e-con-boxed e-con e-child\" data-id=\"62b62a9\" data-element_type=\"container\">\n\t\t\t\t\t<div class=\"e-con-inner\">\n\t\t<div class=\"elementor-element elementor-element-2be0dc8 e-con-full e-flex e-con e-child\" data-id=\"2be0dc8\" data-element_type=\"container\">\n\t\t\t\t<div class=\"elementor-element elementor-element-ff2ef16 elementor-view-stacked elementor-shape-circle elementor-widget elementor-widget-icon\" data-id=\"ff2ef16\" data-element_type=\"widget\" data-widget_type=\"icon.default\">\n\t\t\t\t<div class=\"elementor-widget-container\">\n\t\t\t\t\t<div class=\"elementor-icon-wrapper\">\n\t\t\t<div class=\"elementor-icon\">\n\t\t\t<i aria-hidden=\"true\" class=\"far fa-address-card\"><\/i>\t\t\t<\/div>\n\t\t<\/div>\n\t\t\t\t<\/div>\n\t\t\t\t<\/div>\n\t\t\t\t<div class=\"elementor-element elementor-element-7352a14 elementor-headline--style-highlight elementor-widget elementor-widget-animated-headline\" data-id=\"7352a14\" data-element_type=\"widget\" data-settings=\"{&quot;marker&quot;:&quot;underline&quot;,&quot;highlighted_text&quot;:&quot;CONTACTO&quot;,&quot;headline_style&quot;:&quot;highlight&quot;,&quot;loop&quot;:&quot;yes&quot;,&quot;highlight_animation_duration&quot;:1200,&quot;highlight_iteration_delay&quot;:8000}\" data-widget_type=\"animated-headline.default\">\n\t\t\t\t<div class=\"elementor-widget-container\">\n\t\t\t\t\t<h3 class=\"elementor-headline\">\n\t\t\t\t<span class=\"elementor-headline-dynamic-wrapper elementor-headline-text-wrapper\">\n\t\t\t\t\t<span class=\"elementor-headline-dynamic-text elementor-headline-text-active\">CONTACTO<\/span>\n\t\t\t\t<\/span>\n\t\t\t\t<\/h3>\n\t\t\t\t<\/div>\n\t\t\t\t<\/div>\n\t\t\t\t<div class=\"elementor-element elementor-element-2a12074 elementor-widget elementor-widget-text-editor\" data-id=\"2a12074\" data-element_type=\"widget\" data-widget_type=\"text-editor.default\">\n\t\t\t\t<div class=\"elementor-widget-container\">\n\t\t\t\t\t\t\t<ul><li><span style=\"color: #000000;\"><strong>Tel\u00e9fono:<\/strong> +595 521 200 025<\/span><\/li><li><span style=\"color: #000000;\"><strong>Correo electr\u00f3nico:<\/strong> <a href=\"mailto:secretariageneral@fcsypunca.edu.py\">secretariageneral@fcsypunca.edu.py<\/a><\/span><\/li><\/ul>\t\t\t\t\t\t<\/div>\n\t\t\t\t<\/div>\n\t\t\t\t<\/div>\n\t\t<div class=\"elementor-element elementor-element-81cb17b e-con-full e-flex e-con e-child\" data-id=\"81cb17b\" data-element_type=\"container\">\n\t\t\t\t<div class=\"elementor-element elementor-element-41d1a7d elementor-view-stacked elementor-shape-circle elementor-widget elementor-widget-icon\" data-id=\"41d1a7d\" data-element_type=\"widget\" data-widget_type=\"icon.default\">\n\t\t\t\t<div class=\"elementor-widget-container\">\n\t\t\t\t\t<div class=\"elementor-icon-wrapper\">\n\t\t\t<div class=\"elementor-icon\">\n\t\t\t<i aria-hidden=\"true\" class=\"fas fa-map-marked-alt\"><\/i>\t\t\t<\/div>\n\t\t<\/div>\n\t\t\t\t<\/div>\n\t\t\t\t<\/div>\n\t\t\t\t<div class=\"elementor-element elementor-element-7c9f057 elementor-headline--style-highlight elementor-widget elementor-widget-animated-headline\" data-id=\"7c9f057\" data-element_type=\"widget\" data-settings=\"{&quot;marker&quot;:&quot;underline&quot;,&quot;highlighted_text&quot;:&quot;DIRECCION&quot;,&quot;headline_style&quot;:&quot;highlight&quot;,&quot;loop&quot;:&quot;yes&quot;,&quot;highlight_animation_duration&quot;:1200,&quot;highlight_iteration_delay&quot;:8000}\" data-widget_type=\"animated-headline.default\">\n\t\t\t\t<div class=\"elementor-widget-container\">\n\t\t\t\t\t<h3 class=\"elementor-headline\">\n\t\t\t\t<span class=\"elementor-headline-dynamic-wrapper elementor-headline-text-wrapper\">\n\t\t\t\t\t<span class=\"elementor-headline-dynamic-text elementor-headline-text-active\">DIRECCION<\/span>\n\t\t\t\t<\/span>\n\t\t\t\t<\/h3>\n\t\t\t\t<\/div>\n\t\t\t\t<\/div>\n\t\t\t\t<div class=\"elementor-element elementor-element-8dc59f1 elementor-widget elementor-widget-text-editor\" data-id=\"8dc59f1\" data-element_type=\"widget\" data-widget_type=\"text-editor.default\">\n\t\t\t\t<div class=\"elementor-widget-container\">\n\t\t\t\t\t\t\t<ul><li><strong><span style=\"color: #000000;\">Independencia Nacional e\/ Padre Molas &#8211; <\/span><\/strong><strong><span style=\"color: #000000;\">Coronel Oviedo<\/span><\/strong><\/li><\/ul>\t\t\t\t\t\t<\/div>\n\t\t\t\t<\/div>\n\t\t\t\t<\/div>\n\t\t<div class=\"elementor-element elementor-element-b9a229a e-con-full e-flex e-con e-child\" data-id=\"b9a229a\" data-element_type=\"container\">\n\t\t\t\t<div class=\"elementor-element elementor-element-e98aebb elementor-view-stacked elementor-shape-circle elementor-widget elementor-widget-icon\" data-id=\"e98aebb\" data-element_type=\"widget\" data-widget_type=\"icon.default\">\n\t\t\t\t<div class=\"elementor-widget-container\">\n\t\t\t\t\t<div class=\"elementor-icon-wrapper\">\n\t\t\t<a class=\"elementor-icon\" href=\"https:\/\/fcsypunca.edu.py\/\" target=\"_blank\">\n\t\t\t<i aria-hidden=\"true\" class=\"fas fa-globe-americas\"><\/i>\t\t\t<\/a>\n\t\t<\/div>\n\t\t\t\t<\/div>\n\t\t\t\t<\/div>\n\t\t\t\t<div class=\"elementor-element elementor-element-97f3798 elementor-headline--style-highlight elementor-widget elementor-widget-animated-headline\" data-id=\"97f3798\" data-element_type=\"widget\" data-settings=\"{&quot;marker&quot;:&quot;underline&quot;,&quot;highlighted_text&quot;:&quot;PAGINA WEB&quot;,&quot;headline_style&quot;:&quot;highlight&quot;,&quot;loop&quot;:&quot;yes&quot;,&quot;highlight_animation_duration&quot;:1200,&quot;highlight_iteration_delay&quot;:8000}\" data-widget_type=\"animated-headline.default\">\n\t\t\t\t<div class=\"elementor-widget-container\">\n\t\t\t\t\t<h3 class=\"elementor-headline\">\n\t\t\t\t<span class=\"elementor-headline-dynamic-wrapper elementor-headline-text-wrapper\">\n\t\t\t\t\t<span class=\"elementor-headline-dynamic-text elementor-headline-text-active\">PAGINA WEB<\/span>\n\t\t\t\t<\/span>\n\t\t\t\t<\/h3>\n\t\t\t\t<\/div>\n\t\t\t\t<\/div>\n\t\t\t\t<div class=\"elementor-element elementor-element-8f289de elementor-widget elementor-widget-text-editor\" data-id=\"8f289de\" data-element_type=\"widget\" data-widget_type=\"text-editor.default\">\n\t\t\t\t<div class=\"elementor-widget-container\">\n\t\t\t\t\t\t\t<ul><li><span style=\"color: #000000;\"><strong><a style=\"color: #000000;\" href=\"https:\/\/fcsypunca.edu.py\/\">https:\/\/fcsypunca.edu.py\/<\/a><\/strong><\/span><\/li><\/ul>\t\t\t\t\t\t<\/div>\n\t\t\t\t<\/div>\n\t\t\t\t<\/div>\n\t\t\t\t\t<\/div>\n\t\t\t\t<\/div>\n\t\t\t\t\t<\/div>\n\t\t\t\t<\/div>\n\t\t\t\t<\/div>\n\t\t","protected":false},"excerpt":{"rendered":"<p>MISI\u00d3N Formar profesionales competentes, innovadores e \u00edntegros en las ciencias sociales, pol\u00edticas y humanidades a trav\u00e9s de la docencia, la investigaci\u00f3n y la extensi\u00f3n universitaria, propiciando cambios positivos para una sociedad m\u00e1s justa, inclusiva y equitativa. VISI\u00d3N Ser una Instituci\u00f3n educadora con reconocida solvencia acad\u00e9mica, prestigiosa a nivel regional y nacional, con capital humano responsable [&hellip;]<\/p>\n","protected":false},"author":3,"featured_media":0,"parent":0,"menu_order":0,"comment_status":"closed","ping_status":"closed","template":"template\/fullwidth.php","meta":{"footnotes":""},"class_list":["post-1627","page","type-page","status-publish","hentry"],"_links":{"self":[{"href":"https:\/\/www.unca.edu.py\/index.php?rest_route=\/wp\/v2\/pages\/1627","targetHints":{"allow":["GET"]}}],"collection":[{"href":"https:\/\/www.unca.edu.py\/index.php?rest_route=\/wp\/v2\/pages"}],"about":[{"href":"https:\/\/www.unca.edu.py\/index.php?rest_route=\/wp\/v2\/types\/page"}],"author":[{"embeddable":true,"href":"https:\/\/www.unca.edu.py\/index.php?rest_route=\/wp\/v2\/users\/3"}],"replies":[{"embeddable":true,"href":"https:\/\/www.unca.edu.py\/index.php?rest_route=%2Fwp%2Fv2%2Fcomments&post=1627"}],"version-history":[{"count":26,"href":"https:\/\/www.unca.edu.py\/index.php?rest_route=\/wp\/v2\/pages\/1627\/revisions"}],"predecessor-version":[{"id":6094,"href":"https:\/\/www.unca.edu.py\/index.php?rest_route=\/wp\/v2\/pages\/1627\/revisions\/6094"}],"wp:attachment":[{"href":"https:\/\/www.unca.edu.py\/index.php?rest_route=%2Fwp%2Fv2%2Fmedia&parent=1627"}],"curies":[{"name":"wp","href":"https:\/\/api.w.org\/{rel}","templated":true}]}}