{"id":1621,"date":"2023-12-04T02:29:26","date_gmt":"2023-12-04T02:29:26","guid":{"rendered":"https:\/\/www.unca.edu.py\/web\/wordpress\/?page_id=1621"},"modified":"2025-07-15T14:51:41","modified_gmt":"2025-07-15T14:51:41","slug":"facultad-de-ciencias-de-la-salud","status":"publish","type":"page","link":"https:\/\/www.unca.edu.py\/?page_id=1621","title":{"rendered":"Facultad de Ciencias de la Salud (FCS)"},"content":{"rendered":"\t\t<div data-elementor-type=\"wp-page\" data-elementor-id=\"1621\" class=\"elementor elementor-1621\" data-elementor-post-type=\"page\">\n\t\t\t\t<div class=\"elementor-element elementor-element-6b529cf e-flex e-con-boxed e-con e-parent\" data-id=\"6b529cf\" data-element_type=\"container\">\n\t\t\t\t\t<div class=\"e-con-inner\">\n\t\t\t\t<div class=\"elementor-element elementor-element-b413316 elementor-widget elementor-widget-image\" data-id=\"b413316\" data-element_type=\"widget\" data-widget_type=\"image.default\">\n\t\t\t\t<div class=\"elementor-widget-container\">\n\t\t\t\t\t\t\t\t\t\t\t\t\t\t<a href=\"https:\/\/www.cienciasdelasalud.unca.edu.py\/\" target=\"_blank\">\n\t\t\t\t\t\t\t<img fetchpriority=\"high\" decoding=\"async\" width=\"298\" height=\"300\" src=\"data:image\/gif;base64,R0lGODlhAQABAIAAAAAAAP\/\/\/yH5BAEAAAAALAAAAAABAAEAAAIBRAA7\" data-src=\"https:\/\/www.unca.edu.py\/wp-content\/uploads\/2023\/11\/LOGO-FCS-298x300.png\" class=\"elementor-animation-pulse-grow attachment-large size-large wp-image-270 lazyload\" alt=\"\" data-srcset=\"https:\/\/www.unca.edu.py\/wp-content\/uploads\/2023\/11\/LOGO-FCS-298x300.png 298w, https:\/\/www.unca.edu.py\/wp-content\/uploads\/2023\/11\/LOGO-FCS-150x150.png 150w, https:\/\/www.unca.edu.py\/wp-content\/uploads\/2023\/11\/LOGO-FCS.png 568w\" sizes=\"(max-width: 298px) 100vw, 298px\" \/><noscript><img decoding=\"async\" width=\"298\" height=\"300\" src=\"https:\/\/www.unca.edu.py\/wp-content\/uploads\/2023\/11\/LOGO-FCS-298x300.png\" class=\"elementor-animation-pulse-grow attachment-large size-large wp-image-270 lazyload\" alt=\"\" srcset=\"https:\/\/www.unca.edu.py\/wp-content\/uploads\/2023\/11\/LOGO-FCS-298x300.png 298w, https:\/\/www.unca.edu.py\/wp-content\/uploads\/2023\/11\/LOGO-FCS-150x150.png 150w, https:\/\/www.unca.edu.py\/wp-content\/uploads\/2023\/11\/LOGO-FCS.png 568w\" sizes=\"(max-width: 298px) 100vw, 298px\" \/><\/noscript>\t\t\t\t\t\t\t\t<\/a>\n\t\t\t\t\t\t\t\t\t\t\t\t\t<\/div>\n\t\t\t\t<\/div>\n\t\t\t\t<div class=\"elementor-element elementor-element-2a537ff elementor-widget-divider--separator-type-pattern elementor-widget-divider--view-line elementor-widget elementor-widget-divider\" data-id=\"2a537ff\" data-element_type=\"widget\" data-widget_type=\"divider.default\">\n\t\t\t\t<div class=\"elementor-widget-container\">\n\t\t\t\t\t<div class=\"elementor-divider\" style=\"--divider-pattern-url: url(&quot;data:image\/svg+xml,%3Csvg xmlns=&#039;http:\/\/www.w3.org\/2000\/svg&#039; preserveAspectRatio=&#039;none&#039; overflow=&#039;visible&#039; height=&#039;100%&#039; viewBox=&#039;0 0 24 24&#039; fill=&#039;black&#039; stroke=&#039;none&#039;%3E%3Cpolygon points=&#039;9.4,2 24,2 14.6,21.6 0,21.6&#039;\/%3E%3C\/svg%3E&quot;);\">\n\t\t\t<span class=\"elementor-divider-separator\">\n\t\t\t\t\t\t<\/span>\n\t\t<\/div>\n\t\t\t\t<\/div>\n\t\t\t\t<\/div>\n\t\t\t\t<div class=\"elementor-element elementor-element-eb4a981 elementor-headline--style-highlight elementor-widget elementor-widget-animated-headline\" data-id=\"eb4a981\" data-element_type=\"widget\" data-settings=\"{&quot;marker&quot;:&quot;underline&quot;,&quot;highlighted_text&quot;:&quot;MISI\\u00d3N&quot;,&quot;highlight_animation_duration&quot;:1000,&quot;headline_style&quot;:&quot;highlight&quot;,&quot;loop&quot;:&quot;yes&quot;,&quot;highlight_iteration_delay&quot;:8000}\" data-widget_type=\"animated-headline.default\">\n\t\t\t\t<div class=\"elementor-widget-container\">\n\t\t\t\t\t<h3 class=\"elementor-headline\">\n\t\t\t\t<span class=\"elementor-headline-dynamic-wrapper elementor-headline-text-wrapper\">\n\t\t\t\t\t<span class=\"elementor-headline-dynamic-text elementor-headline-text-active\">MISI\u00d3N<\/span>\n\t\t\t\t<\/span>\n\t\t\t\t<\/h3>\n\t\t\t\t<\/div>\n\t\t\t\t<\/div>\n\t\t\t\t<div class=\"elementor-element elementor-element-35a5932 elementor-widget elementor-widget-text-editor\" data-id=\"35a5932\" data-element_type=\"widget\" data-widget_type=\"text-editor.default\">\n\t\t\t\t<div class=\"elementor-widget-container\">\n\t\t\t\t\t\t\t<h6 style=\"text-align: center;\">Es una instituci\u00f3n que forma profesionales en el \u00e1rea de la salud con alto nivel de calidad, \u00edntegros, comprometidos e innovadores para el mejoramiento de la calidad de vida de las personas<\/h6>\t\t\t\t\t\t<\/div>\n\t\t\t\t<\/div>\n\t\t\t\t<div class=\"elementor-element elementor-element-9c9e18d elementor-headline--style-highlight elementor-widget elementor-widget-animated-headline\" data-id=\"9c9e18d\" data-element_type=\"widget\" data-settings=\"{&quot;marker&quot;:&quot;underline&quot;,&quot;highlighted_text&quot;:&quot;VISI\\u00d3N&quot;,&quot;highlight_animation_duration&quot;:1000,&quot;headline_style&quot;:&quot;highlight&quot;,&quot;loop&quot;:&quot;yes&quot;,&quot;highlight_iteration_delay&quot;:8000}\" data-widget_type=\"animated-headline.default\">\n\t\t\t\t<div class=\"elementor-widget-container\">\n\t\t\t\t\t<h3 class=\"elementor-headline\">\n\t\t\t\t<span class=\"elementor-headline-dynamic-wrapper elementor-headline-text-wrapper\">\n\t\t\t\t\t<span class=\"elementor-headline-dynamic-text elementor-headline-text-active\">VISI\u00d3N<\/span>\n\t\t\t\t<\/span>\n\t\t\t\t<\/h3>\n\t\t\t\t<\/div>\n\t\t\t\t<\/div>\n\t\t\t\t<div class=\"elementor-element elementor-element-ce70d41 elementor-widget elementor-widget-text-editor\" data-id=\"ce70d41\" data-element_type=\"widget\" data-widget_type=\"text-editor.default\">\n\t\t\t\t<div class=\"elementor-widget-container\">\n\t\t\t\t\t\t\t<h6 style=\"text-align: center;\">Ser una instituci\u00f3n reconocida, l\u00edder y vanguardista a nivel nacional e internacional manteniendo la calidad basada en la academia, la investigaci\u00f3n cient\u00edfica y la responsabilidad social<\/h6>\t\t\t\t\t\t<\/div>\n\t\t\t\t<\/div>\n\t\t\t\t<div class=\"elementor-element elementor-element-8c2d97a elementor-widget elementor-widget-accordion\" data-id=\"8c2d97a\" data-element_type=\"widget\" data-widget_type=\"accordion.default\">\n\t\t\t\t<div class=\"elementor-widget-container\">\n\t\t\t\t\t<div class=\"elementor-accordion\">\n\t\t\t\t\t\t\t<div class=\"elementor-accordion-item\">\n\t\t\t\t\t<div id=\"elementor-tab-title-1461\" class=\"elementor-tab-title\" data-tab=\"1\" role=\"button\" aria-controls=\"elementor-tab-content-1461\" aria-expanded=\"false\">\n\t\t\t\t\t\t\t\t\t\t\t\t\t<span class=\"elementor-accordion-icon elementor-accordion-icon-left\" aria-hidden=\"true\">\n\t\t\t\t\t\t\t\t\t\t\t\t\t\t\t<span class=\"elementor-accordion-icon-closed\"><i class=\"fas fa-angle-down\"><\/i><\/span>\n\t\t\t\t\t\t\t\t<span class=\"elementor-accordion-icon-opened\"><i class=\"fas fa-angle-double-down\"><\/i><\/span>\n\t\t\t\t\t\t\t\t\t\t\t\t\t\t<\/span>\n\t\t\t\t\t\t\t\t\t\t\t\t<a class=\"elementor-accordion-title\" tabindex=\"0\">Licenciatura en Enfermer\u00eda (Acreditada por la ANEAES)<\/a>\n\t\t\t\t\t<\/div>\n\t\t\t\t\t<div id=\"elementor-tab-content-1461\" class=\"elementor-tab-content elementor-clearfix\" data-tab=\"1\" role=\"region\" aria-labelledby=\"elementor-tab-title-1461\"><h6><strong>Duraci\u00f3n<\/strong><\/h6><ul><li><span style=\"color: #000000;\">4 a\u00f1os.\u00a0<\/span><\/li><\/ul><h6><strong>Contactos<\/strong><\/h6><ul><li><span style=\"color: #000000;\">021 3386344\/45<\/span><\/li><li><a href=\"mailto:facultad@fcs.unca.edu.py\"> facultad@fcs.unca.edu.py<\/a><\/li><\/ul><h6><strong>Perfil de Egreso<\/strong><\/h6><p style=\"text-align: justify; margin: 0cm 0cm 12.0pt 0cm;\"><span style=\"font-family: Arial, sans-serif; color: #000000;\">El egresado de la carrera de Licenciatura en Enfermer\u00eda de la Facultad de Ciencias de la Salud de la Universidad Nacional de Caaguaz\u00fa es un profesional que ha adquirido competencias cient\u00edficas, t\u00e9cnicas, axiol\u00f3gicas y human\u00edsticas para brindar cuidados de salud integral centrada en la persona, la familia y la comunidad.<\/span><\/p><p style=\"text-align: justify; margin: 0cm 0cm 12.0pt 0cm;\"><span style=\"font-family: Arial, sans-serif; color: #000000;\">Basa sus acciones en el Modelo de Atenci\u00f3n de Enfermer\u00eda propuesto por Virginia Henderson en lo asistencial y Dorotea Orem en lo comunitario para la promoci\u00f3n de la salud, prevenci\u00f3n, diagn\u00f3stico, curaci\u00f3n y rehabilitaci\u00f3n. Adem\u00e1s, es un referente para la gesti\u00f3n sanitaria, educativa e investigativa en las diferentes \u00e1reas de la salud, promoviendo el desarrollo humano. Tiene participaci\u00f3n activa en organizaciones sociales y profesionales.<\/span><\/p><h5><strong>Objetivos de la Carrera<\/strong><\/h5><ul><li><p style=\"text-align: justify;\"><span style=\"color: #000000;\">Formar profesionales en enfermer\u00eda que desempe\u00f1an funciones asistenciales, investigativas, y de gerenciamiento en los niveles de atenci\u00f3n de salud, contribuyendo en acciones de promoci\u00f3n, prevenci\u00f3n y rehabilitaci\u00f3n de la salud con eficiencia, responsabilidad, valores \u00e9ticos y morales.<\/span><\/p><\/li><li><p style=\"text-align: justify;\"><span style=\"color: #000000;\">Promover la academia, la investigaci\u00f3n y la extensi\u00f3n universitaria como herramientas para el diagn\u00f3stico y la resoluci\u00f3n de problemas en salud, vinculando a la carrera de enfermer\u00eda con la sociedad.<\/span><\/p><\/li><li><p style=\"text-align: justify;\"><span style=\"color: #000000;\">Brindar cuidados integrales al individuo, familia y comunidad aplicando el Proceso de Atenci\u00f3n de Enfermer\u00eda (PAE) que permita prestar cuidados de una forma racional, l\u00f3gica y sistem\u00e1tica en los diferentes niveles de atenci\u00f3n de la salud, garantizando la seguridad en la atenci\u00f3n oportuna, eficaz, efectiva y de continuidad en el marco bio\u00e9tico de la salud hacia la calidad.<\/span><\/p><\/li><li><p style=\"text-align: justify;\"><span style=\"color: #000000;\">Fomentar la participaci\u00f3n activa del profesional enfermero en el desarrollo de las pol\u00edticas p\u00fablicas y programas de salud, respetando la diversidad cultural.<\/span><\/p><\/li><li><p style=\"text-align: justify;\"><span style=\"color: #000000;\">Promover las buenas pr\u00e1cticas en enfermer\u00eda de manera a dar seguridad al paciente, la familia y comunidad de forma digna, igual y equitativa.<\/span><\/p><\/li><li><p style=\"text-align: justify;\"><span style=\"color: #000000;\">Garantizar la dignidad de la persona y el derecho a la vida en el cuidado multidisciplinario de la salud.<\/span><\/p><\/li><\/ul><\/div>\n\t\t\t\t<\/div>\n\t\t\t\t\t\t\t<div class=\"elementor-accordion-item\">\n\t\t\t\t\t<div id=\"elementor-tab-title-1462\" class=\"elementor-tab-title\" data-tab=\"2\" role=\"button\" aria-controls=\"elementor-tab-content-1462\" aria-expanded=\"false\">\n\t\t\t\t\t\t\t\t\t\t\t\t\t<span class=\"elementor-accordion-icon elementor-accordion-icon-left\" aria-hidden=\"true\">\n\t\t\t\t\t\t\t\t\t\t\t\t\t\t\t<span class=\"elementor-accordion-icon-closed\"><i class=\"fas fa-angle-down\"><\/i><\/span>\n\t\t\t\t\t\t\t\t<span class=\"elementor-accordion-icon-opened\"><i class=\"fas fa-angle-double-down\"><\/i><\/span>\n\t\t\t\t\t\t\t\t\t\t\t\t\t\t<\/span>\n\t\t\t\t\t\t\t\t\t\t\t\t<a class=\"elementor-accordion-title\" tabindex=\"0\">Licenciatura en Nutrici\u00f3n  (Acreditada por la ANEAES)<\/a>\n\t\t\t\t\t<\/div>\n\t\t\t\t\t<div id=\"elementor-tab-content-1462\" class=\"elementor-tab-content elementor-clearfix\" data-tab=\"2\" role=\"region\" aria-labelledby=\"elementor-tab-title-1462\"><h6><strong>Duraci\u00f3n<\/strong><\/h6><ul><li><span style=\"color: #000000;\">5 a\u00f1os.<\/span><\/li><\/ul><h6>Contacto<\/h6><ul><li><span style=\"font-family: 'Arial',sans-serif; color: #222222;\">021 3386344\/45<\/span><\/li><li><a href=\"mailto:facultad@fcs.unca.edu.py\"><span style=\"font-family: 'Arial',sans-serif; color: #222222;\"> facultad@fcs.unca.edu.py<\/span><\/a><\/li><\/ul><h6><strong>Perfil de Egreso<\/strong><\/h6><p style=\"margin: 0cm 0cm 12.0pt 0cm;\"><span style=\"font-family: Arial, sans-serif; color: #000000;\">El\/la Licenciado\/a en Nutrici\u00f3n de la Facultad de Ciencias de la Salud de la Universidad Nacional de Caaguaz\u00fa est\u00e1 en condiciones de:<\/span><\/p><ul><li><p style=\"text-align: justify;\"><span style=\"color: #000000;\">Desarrollar actividades inherentes a la disciplina en el \u00e1rea de la salud referente a la atenci\u00f3n nutricional y dietoter\u00e1pica de la poblaci\u00f3n en los diferentes niveles de atenci\u00f3n y situaciones fisiol\u00f3gicas (lactancia, embarazo, infanto \u2013 juvenil, adulto, adulto mayor, deportivo y otros) cimentados en valores \u00e9ticos, as\u00ed mismo liderar la educaci\u00f3n nutricional y la promoci\u00f3n de una alimentaci\u00f3n saludable a nivel individual y grupal coherentes con las estrategias propuestas por las autoridades sanitarias.<\/span><\/p><\/li><li><p style=\"text-align: justify;\"><span style=\"color: #000000;\">Aplicar conocimientos actualizados en la utilizaci\u00f3n de herramientas y estrategias para el desempe\u00f1o de la funci\u00f3n p\u00fablica y privada, la reeducaci\u00f3n alimentaria, la planificaci\u00f3n alimentaria en forma individual o colectiva, resolviendo de esta manera todos los problemas relacionados con la realidad m\u00e9dico-nutricional-sanitarios y\/o alimentarios de nuestro pa\u00eds.<\/span><\/p><\/li><li><p style=\"text-align: justify;\"><span style=\"color: #000000;\">Realizar evaluaci\u00f3n del estado nutricional de pacientes individuales o de poblaciones para el debido diagn\u00f3stico nutricional.<\/span><\/p><\/li><li><p style=\"text-align: justify;\"><span style=\"color: #000000;\">Podr\u00e1 planificar lineamientos de pol\u00edticas de salud y adecuaci\u00f3n a las exigencias nacionales, regionales e internacionales, basadas siempre en la constante actualizaci\u00f3n.<\/span><\/p><\/li><li><p style=\"text-align: justify;\"><span style=\"color: #000000;\">Planificar, organizar y dirigir \u00e1reas de alimentaci\u00f3n y nutrici\u00f3n, integrando equipos interdisciplinarios.<\/span><\/p><\/li><li><p style=\"text-align: justify;\"><span style=\"color: #000000;\">Participar en la formulaci\u00f3n de pol\u00edticas, planes y programas de alimentaci\u00f3n y nutrici\u00f3n.<\/span><\/p><\/li><li><p style=\"text-align: justify;\"><span style=\"color: #000000;\">Realizar funciones de asesor\u00eda y consultor\u00eda en \u00e1reas espec\u00edficas de alimentaci\u00f3n y nutrici\u00f3n.<\/span><\/p><\/li><li><p style=\"text-align: justify;\"><span style=\"color: #000000;\">Ejercer la docencia en el \u00e1rea de su competencia y en carreras afines con previa formaci\u00f3n en did\u00e1ctica universitaria.<\/span><\/p><\/li><li><p style=\"text-align: justify;\"><span style=\"color: #000000;\">Dise\u00f1ar y evaluar proyectos de investigaci\u00f3n, desempe\u00f1ando acciones relativamente predispuestas a apoyar la integraci\u00f3n, cooperaci\u00f3n y negociaci\u00f3n en materias de pol\u00edticas de salud, para la modernizaci\u00f3n del estado entre otros.<\/span><\/p><\/li><\/ul><h5><strong>Objetivos de la Carrera<\/strong><\/h5><ul><li><p style=\"text-align: justify;\"><span style=\"color: #000000;\">Formar Licenciados en Nutrici\u00f3n con s\u00f3lidos conocimientos cient\u00edfico \u2013 t\u00e9cnico y humanista en el \u00e1rea de la salud nutricional.<\/span><\/p><\/li><li><p style=\"text-align: justify;\"><span style=\"color: #000000;\">Generar en los estudiantes el compromiso con respecto a los problemas relacionados con la salud en general, la nutrici\u00f3n y la seguridad alimentaria del pa\u00eds.<\/span><\/p><\/li><li><p style=\"text-align: justify;\"><span style=\"color: #000000;\">Desarrollar conocimientos basados en la soluci\u00f3n pr\u00e1ctica de problemas nutricionales espec\u00edficos, mediante el desarrollo de la investigaci\u00f3n en \u00e1reas de gran importancia en el mercado, como ser el \u00e1rea materno infantil, deportiva y gastron\u00f3mica.<\/span><\/p><\/li><li><p style=\"text-align: justify;\"><span style=\"color: #000000;\">Formar profesionales con actitudes \u00e9ticas basadas en el respeto, sana convivencia ciudadana, responsabilidad, solidaridad con el pr\u00f3jimo, sensibilidad social y apego a valores universales, capaces de trabajar en un entorno de alta exigencia, con competencias de negociaci\u00f3n y resoluci\u00f3n de conflictos, con emprendimiento y marcado liderazgo en la toma de decisiones.<\/span><\/p><\/li><li><p style=\"text-align: justify;\"><span style=\"color: #000000;\">Formar profesionales capacitados para continuar su propio perfeccionamiento en el marco de la educaci\u00f3n permanente.<\/span><\/p><\/li><li><p style=\"text-align: justify;\"><span style=\"color: #000000;\">Garantizar la dignidad de la persona y el derecho a la vida en el cuidado interdisciplinario de la salud.<\/span><\/p><\/li><\/ul><\/div>\n\t\t\t\t<\/div>\n\t\t\t\t\t\t\t\t<\/div>\n\t\t\t\t<\/div>\n\t\t\t\t<\/div>\n\t\t<div class=\"elementor-element elementor-element-ec72360 e-flex e-con-boxed e-con e-child\" data-id=\"ec72360\" data-element_type=\"container\">\n\t\t\t\t\t<div class=\"e-con-inner\">\n\t\t<div class=\"elementor-element elementor-element-f261cd1 e-con-full e-flex e-con e-child\" data-id=\"f261cd1\" data-element_type=\"container\">\n\t\t\t\t<div class=\"elementor-element elementor-element-f57dadd elementor-view-stacked elementor-shape-circle elementor-widget elementor-widget-icon\" data-id=\"f57dadd\" data-element_type=\"widget\" data-widget_type=\"icon.default\">\n\t\t\t\t<div class=\"elementor-widget-container\">\n\t\t\t\t\t<div class=\"elementor-icon-wrapper\">\n\t\t\t<div class=\"elementor-icon\">\n\t\t\t<i aria-hidden=\"true\" class=\"far fa-address-card\"><\/i>\t\t\t<\/div>\n\t\t<\/div>\n\t\t\t\t<\/div>\n\t\t\t\t<\/div>\n\t\t\t\t<div class=\"elementor-element elementor-element-a4bc234 elementor-headline--style-highlight elementor-widget elementor-widget-animated-headline\" data-id=\"a4bc234\" data-element_type=\"widget\" data-settings=\"{&quot;marker&quot;:&quot;underline&quot;,&quot;highlighted_text&quot;:&quot;CONTACTO&quot;,&quot;headline_style&quot;:&quot;highlight&quot;,&quot;loop&quot;:&quot;yes&quot;,&quot;highlight_animation_duration&quot;:1200,&quot;highlight_iteration_delay&quot;:8000}\" data-widget_type=\"animated-headline.default\">\n\t\t\t\t<div class=\"elementor-widget-container\">\n\t\t\t\t\t<h3 class=\"elementor-headline\">\n\t\t\t\t<span class=\"elementor-headline-dynamic-wrapper elementor-headline-text-wrapper\">\n\t\t\t\t\t<span class=\"elementor-headline-dynamic-text elementor-headline-text-active\">CONTACTO<\/span>\n\t\t\t\t<\/span>\n\t\t\t\t<\/h3>\n\t\t\t\t<\/div>\n\t\t\t\t<\/div>\n\t\t\t\t<div class=\"elementor-element elementor-element-a0172de elementor-widget elementor-widget-text-editor\" data-id=\"a0172de\" data-element_type=\"widget\" data-widget_type=\"text-editor.default\">\n\t\t\t\t<div class=\"elementor-widget-container\">\n\t\t\t\t\t\t\t<ul><li><span style=\"color: #000000;\"><strong>Tel\u00e9fono:<\/strong> +213 38 63 44 45<\/span><\/li><li><span style=\"color: #000000;\"><strong>Correo electr\u00f3nico:<\/strong> <a href=\"mailto:facultad@fcs.unca.edu.py\">facultad@fcs.unca.edu.py<\/a><\/span><\/li><\/ul>\t\t\t\t\t\t<\/div>\n\t\t\t\t<\/div>\n\t\t\t\t<\/div>\n\t\t<div class=\"elementor-element elementor-element-5c0854b e-con-full e-flex e-con e-child\" data-id=\"5c0854b\" data-element_type=\"container\">\n\t\t\t\t<div class=\"elementor-element elementor-element-b68e4c9 elementor-view-stacked elementor-shape-circle elementor-widget elementor-widget-icon\" data-id=\"b68e4c9\" data-element_type=\"widget\" data-widget_type=\"icon.default\">\n\t\t\t\t<div class=\"elementor-widget-container\">\n\t\t\t\t\t<div class=\"elementor-icon-wrapper\">\n\t\t\t<div class=\"elementor-icon\">\n\t\t\t<i aria-hidden=\"true\" class=\"fas fa-map-marked-alt\"><\/i>\t\t\t<\/div>\n\t\t<\/div>\n\t\t\t\t<\/div>\n\t\t\t\t<\/div>\n\t\t\t\t<div class=\"elementor-element elementor-element-033ee5d elementor-headline--style-highlight elementor-widget elementor-widget-animated-headline\" data-id=\"033ee5d\" data-element_type=\"widget\" data-settings=\"{&quot;marker&quot;:&quot;underline&quot;,&quot;highlighted_text&quot;:&quot;DIRECCION&quot;,&quot;headline_style&quot;:&quot;highlight&quot;,&quot;loop&quot;:&quot;yes&quot;,&quot;highlight_animation_duration&quot;:1200,&quot;highlight_iteration_delay&quot;:8000}\" data-widget_type=\"animated-headline.default\">\n\t\t\t\t<div class=\"elementor-widget-container\">\n\t\t\t\t\t<h3 class=\"elementor-headline\">\n\t\t\t\t<span class=\"elementor-headline-dynamic-wrapper elementor-headline-text-wrapper\">\n\t\t\t\t\t<span class=\"elementor-headline-dynamic-text elementor-headline-text-active\">DIRECCION<\/span>\n\t\t\t\t<\/span>\n\t\t\t\t<\/h3>\n\t\t\t\t<\/div>\n\t\t\t\t<\/div>\n\t\t\t\t<div class=\"elementor-element elementor-element-582f4bd elementor-widget elementor-widget-text-editor\" data-id=\"582f4bd\" data-element_type=\"widget\" data-widget_type=\"text-editor.default\">\n\t\t\t\t<div class=\"elementor-widget-container\">\n\t\t\t\t\t\t\t<ul><li><strong><span style=\"color: #000000;\">Ruta Nro. 8 \u00abDr. Blas Garay\u00bb km 138 &#8211; <\/span><\/strong><strong><span style=\"color: #000000;\">Coronel Oviedo<\/span><\/strong><\/li><\/ul>\t\t\t\t\t\t<\/div>\n\t\t\t\t<\/div>\n\t\t\t\t<\/div>\n\t\t<div class=\"elementor-element elementor-element-93423f9 e-con-full e-flex e-con e-child\" data-id=\"93423f9\" data-element_type=\"container\">\n\t\t\t\t<div class=\"elementor-element elementor-element-c776e41 elementor-view-stacked elementor-shape-circle elementor-widget elementor-widget-icon\" data-id=\"c776e41\" data-element_type=\"widget\" data-widget_type=\"icon.default\">\n\t\t\t\t<div class=\"elementor-widget-container\">\n\t\t\t\t\t<div class=\"elementor-icon-wrapper\">\n\t\t\t<a class=\"elementor-icon\" href=\"https:\/\/www.cienciasdelasalud.unca.edu.py\/\" target=\"_blank\">\n\t\t\t<i aria-hidden=\"true\" class=\"fas fa-globe-americas\"><\/i>\t\t\t<\/a>\n\t\t<\/div>\n\t\t\t\t<\/div>\n\t\t\t\t<\/div>\n\t\t\t\t<div class=\"elementor-element elementor-element-41784c2 elementor-headline--style-highlight elementor-widget elementor-widget-animated-headline\" data-id=\"41784c2\" data-element_type=\"widget\" data-settings=\"{&quot;marker&quot;:&quot;underline&quot;,&quot;highlighted_text&quot;:&quot;PAGINA WEB&quot;,&quot;headline_style&quot;:&quot;highlight&quot;,&quot;loop&quot;:&quot;yes&quot;,&quot;highlight_animation_duration&quot;:1200,&quot;highlight_iteration_delay&quot;:8000}\" data-widget_type=\"animated-headline.default\">\n\t\t\t\t<div class=\"elementor-widget-container\">\n\t\t\t\t\t<h3 class=\"elementor-headline\">\n\t\t\t\t<span class=\"elementor-headline-dynamic-wrapper elementor-headline-text-wrapper\">\n\t\t\t\t\t<span class=\"elementor-headline-dynamic-text elementor-headline-text-active\">PAGINA WEB<\/span>\n\t\t\t\t<\/span>\n\t\t\t\t<\/h3>\n\t\t\t\t<\/div>\n\t\t\t\t<\/div>\n\t\t\t\t<div class=\"elementor-element elementor-element-42ea638 elementor-widget elementor-widget-text-editor\" data-id=\"42ea638\" data-element_type=\"widget\" data-widget_type=\"text-editor.default\">\n\t\t\t\t<div class=\"elementor-widget-container\">\n\t\t\t\t\t\t\t<ul><li><a href=\"https:\/\/www.cienciasdelasalud.unca.edu.py\/\"><strong><span style=\"color: #000000;\">https:\/\/www.cienciasdelasalud.unca.edu.py\/<\/span><\/strong><\/a><\/li><\/ul>\t\t\t\t\t\t<\/div>\n\t\t\t\t<\/div>\n\t\t\t\t<\/div>\n\t\t\t\t\t<\/div>\n\t\t\t\t<\/div>\n\t\t\t\t\t<\/div>\n\t\t\t\t<\/div>\n\t\t\t\t<\/div>\n\t\t","protected":false},"excerpt":{"rendered":"<p>MISI\u00d3N Es una instituci\u00f3n que forma profesionales en el \u00e1rea de la salud con alto nivel de calidad, \u00edntegros, comprometidos e innovadores para el mejoramiento de la calidad de vida de las personas VISI\u00d3N Ser una instituci\u00f3n reconocida, l\u00edder y vanguardista a nivel nacional e internacional manteniendo la calidad basada en la academia, la investigaci\u00f3n [&hellip;]<\/p>\n","protected":false},"author":3,"featured_media":0,"parent":0,"menu_order":0,"comment_status":"closed","ping_status":"closed","template":"template\/fullwidth.php","meta":{"footnotes":""},"class_list":["post-1621","page","type-page","status-publish","hentry"],"_links":{"self":[{"href":"https:\/\/www.unca.edu.py\/index.php?rest_route=\/wp\/v2\/pages\/1621","targetHints":{"allow":["GET"]}}],"collection":[{"href":"https:\/\/www.unca.edu.py\/index.php?rest_route=\/wp\/v2\/pages"}],"about":[{"href":"https:\/\/www.unca.edu.py\/index.php?rest_route=\/wp\/v2\/types\/page"}],"author":[{"embeddable":true,"href":"https:\/\/www.unca.edu.py\/index.php?rest_route=\/wp\/v2\/users\/3"}],"replies":[{"embeddable":true,"href":"https:\/\/www.unca.edu.py\/index.php?rest_route=%2Fwp%2Fv2%2Fcomments&post=1621"}],"version-history":[{"count":32,"href":"https:\/\/www.unca.edu.py\/index.php?rest_route=\/wp\/v2\/pages\/1621\/revisions"}],"predecessor-version":[{"id":6097,"href":"https:\/\/www.unca.edu.py\/index.php?rest_route=\/wp\/v2\/pages\/1621\/revisions\/6097"}],"wp:attachment":[{"href":"https:\/\/www.unca.edu.py\/index.php?rest_route=%2Fwp%2Fv2%2Fmedia&parent=1621"}],"curies":[{"name":"wp","href":"https:\/\/api.w.org\/{rel}","templated":true}]}}